{"id":47561,"date":"2025-12-02T13:55:47","date_gmt":"2025-12-02T13:55:47","guid":{"rendered":"https:\/\/losnaranjos.com\/annual-fee-2026\/"},"modified":"2025-12-05T15:32:24","modified_gmt":"2025-12-05T15:32:24","slug":"annual-fee-2026","status":"publish","type":"page","link":"https:\/\/losnaranjos.com\/sv\/annual-fee-2026\/","title":{"rendered":"Annual Fee 2026"},"content":{"rendered":"\t\t<div data-elementor-type=\"wp-page\" data-elementor-id=\"47561\" class=\"elementor elementor-47561\" data-elementor-post-type=\"page\">\n\t\t\t\t\t\t<section class=\"elementor-section elementor-top-section elementor-element elementor-element-65317e3 elementor-section-full_width elementor-section-height-default elementor-section-height-default\" data-id=\"65317e3\" data-element_type=\"section\" data-e-type=\"section\" data-settings=\"{&quot;background_background&quot;:&quot;classic&quot;}\">\n\t\t\t\t\t\t\t<div class=\"elementor-background-overlay\"><\/div>\n\t\t\t\t\t\t\t<div class=\"elementor-container elementor-column-gap-default\">\n\t\t\t\t\t<div class=\"elementor-column elementor-col-16 elementor-top-column elementor-element elementor-element-423908d\" data-id=\"423908d\" data-element_type=\"column\" data-e-type=\"column\">\n\t\t\t<div class=\"elementor-widget-wrap\">\n\t\t\t\t\t\t\t<\/div>\n\t\t<\/div>\n\t\t\t\t<div class=\"elementor-column elementor-col-66 elementor-top-column elementor-element elementor-element-ac29f11\" data-id=\"ac29f11\" data-element_type=\"column\" data-e-type=\"column\" data-settings=\"{&quot;background_background&quot;:&quot;classic&quot;}\">\n\t\t\t<div class=\"elementor-widget-wrap elementor-element-populated\">\n\t\t\t\t\t\t<div class=\"elementor-element elementor-element-1e5c67e elementor-widget elementor-widget-heading\" data-id=\"1e5c67e\" data-element_type=\"widget\" data-e-type=\"widget\" data-widget_type=\"heading.default\">\n\t\t\t\t<div class=\"elementor-widget-container\">\n\t\t\t\t\t<h1 class=\"elementor-heading-title elementor-size-default\">Annual Fee 2026<\/h1>\t\t\t\t<\/div>\n\t\t\t\t<\/div>\n\t\t\t\t<div class=\"elementor-element elementor-element-e9ed4cb elementor-widget elementor-widget-text-editor\" data-id=\"e9ed4cb\" data-element_type=\"widget\" data-e-type=\"widget\" data-widget_type=\"text-editor.default\">\n\t\t\t\t<div class=\"elementor-widget-container\">\n\t\t\t\t\t\t\t\t\t<p>As announced by the Club on 8 December, please find below the form to be <b>completed by Monday 29th December 2025<\/b> with your benefit preferences for 2026. It is recommended that you carefully read the above bulletin and the information provided below.<\/p><p><b>IMPORTANT<\/b>: If no option is indicated, a fee of \u20ac3,905 will be charged which includes bag storage, trolley storage, and shoe cleaning.<\/p><p>Annual membership fee:<\/p><ul><li>Unlimited Driving Range balls included in the members area.<\/li><li>Entry to Majors included except Los Naranjos Trophy<\/li><li>Preferential rate for commercial tournaments<\/li><\/ul>\t\t\t\t\t\t\t\t<\/div>\n\t\t\t\t<\/div>\n\t\t\t\t<div class=\"elementor-element elementor-element-f4f5be0 eael-wpforms-form-button-full-width eael-wpforms-labels-yes elementor-widget elementor-widget-eael-wpforms\" data-id=\"f4f5be0\" data-element_type=\"widget\" data-e-type=\"widget\" data-widget_type=\"eael-wpforms.default\">\n\t\t\t\t<div class=\"elementor-widget-container\">\n\t\t\t\t\t            <div class=\"eael-contact-form eael-wpforms eael-wpforms-align-default\">\n                                <div class=\"wpforms-container \" id=\"wpforms-47563\"><form id=\"wpforms-form-47563\" class=\"wpforms-validate wpforms-form wpforms-ajax-form\" data-formid=\"47563\" method=\"post\" enctype=\"multipart\/form-data\" action=\"\/sv\/wp-json\/wp\/v2\/pages\/47561\" data-token=\"3993c428cd6127d45f960d09a64d633e\" data-token-time=\"1775542152\"><noscript class=\"wpforms-error-noscript\">Aktivera JavaScript i din webbl\u00e4sare f\u00f6r att fylla i formul\u00e4ret.<\/noscript><div class=\"wpforms-field-container\"><div id=\"wpforms-47563-field_12-container\" class=\"wpforms-field wpforms-field-name wpforms-one-half wpforms-first\" data-field-id=\"12\"><label class=\"wpforms-field-label\" for=\"wpforms-47563-field_12\">Full Name <span class=\"wpforms-required-label\">*<\/span><\/label><input type=\"text\" id=\"wpforms-47563-field_12\" class=\"wpforms-field-medium wpforms-field-required\" name=\"wpforms[fields][12]\" required><\/div><div id=\"wpforms-47563-field_6-container\" class=\"wpforms-field wpforms-field-email wpforms-one-half wpforms-second\" data-field-id=\"6\"><label class=\"wpforms-field-label\" for=\"wpforms-47563-field_6\">Email  <span class=\"wpforms-required-label\">*<\/span><\/label><input type=\"email\" id=\"wpforms-47563-field_6\" class=\"wpforms-field-medium wpforms-field-required\" name=\"wpforms[fields][6]\" spellcheck=\"false\" required><\/div><div id=\"wpforms-47563-field_16-container\" class=\"wpforms-field wpforms-field-payment-select wpforms-field-select-style-modern\" data-field-id=\"16\"><label class=\"wpforms-field-label\" for=\"wpforms-47563-field_16\">Annual Membership Fee <span class=\"wpforms-required-label\">*<\/span><\/label><select id=\"wpforms-47563-field_16\" class=\"wpforms-payment-price wpforms-field-large wpforms-field-required choicesjs-select\" data-size-class=\"wpforms-field-row wpforms-field-large\" data-search-enabled=\"\" name=\"wpforms[fields][16]\" required=\"required\"><option value=\"\" class=\"placeholder\" disabled  selected='selected'><\/option><option value=\"1\" data-amount=\"3.360,00\" data-custom-properties=\"3.360,00\" >Bronze Membership - 3.360\u20ac<\/option><option value=\"2\" data-amount=\"3.905,00\" data-custom-properties=\"3.905,00\" >Silver Membership - 3.905\u20ac<\/option><option value=\"3\" data-amount=\"4.568,00\" data-custom-properties=\"4.568,00\" >Gold Membership - 4.568\u20ac<\/option><\/select><div class=\"wpforms-field-description\"><b>Bronze Membership - 3.360\u20ac<\/b><br \/>\n\u2022 Annual fee for golf with limitations. Maximum of 40 rounds per year and a maximum of 2 tee times per week. If you wish to play more times per week, it will depend on the availability on that day.<br \/>\n<br \/>\n<b>Silver Membership - 3.905\u20ac<\/b><br \/>\n\u2022 Annual fee for golf<br \/>\n\u2022 1 Bag Storage<br \/>\n\u2022 1 trolley storage<br \/>\n\u2022 Shoe cleaning service<br \/>\n<br \/>\n<b>Gold Membership - 4.568\u20ac<\/b><br \/>\n\u2022 Annual fee for golf<br \/>\n\u2022 1 Bag Storage<br \/>\n\u2022 1 trolley storage<br \/>\n\u2022 Locker<br \/>\n\u2022 Shoe cleaning service<br \/>\n\u2022 Unlimited padel from 13:00 to 17:00. And 50% discount outside these hours.<br \/>\n\u2022 Unlimited Gym for 1 person<br \/><\/div><\/div><div id=\"wpforms-47563-field_14-container\" class=\"wpforms-field wpforms-field-payment-checkbox\" data-field-id=\"14\"><label class=\"wpforms-field-label\">Choose your additional services <span class=\"wpforms-required-label\">*<\/span><\/label><ul id=\"wpforms-47563-field_14\" class=\"wpforms-field-required\"><li class=\"choice-11\"><input type=\"checkbox\" id=\"wpforms-47563-field_14_11\" class=\"wpforms-payment-price\" data-amount=\"0,00\" name=\"wpforms[fields][14][]\" value=\"11\" required ><label class=\"wpforms-field-label-inline\" for=\"wpforms-47563-field_14_11\">I don't want extras. Annual Fee only - <span class=\"wpforms-currency-symbol\">0,00 &euro;<\/span><\/label><\/li><li class=\"choice-1\"><input type=\"checkbox\" id=\"wpforms-47563-field_14_1\" class=\"wpforms-payment-price\" data-amount=\"115,00\" name=\"wpforms[fields][14][]\" value=\"1\" required ><label class=\"wpforms-field-label-inline\" for=\"wpforms-47563-field_14_1\">Bag storage - <span class=\"wpforms-currency-symbol\">115,00 &euro;<\/span><\/label><\/li><li class=\"choice-2\"><input type=\"checkbox\" id=\"wpforms-47563-field_14_2\" class=\"wpforms-payment-price\" data-amount=\"200,00\" name=\"wpforms[fields][14][]\" value=\"2\" required ><label class=\"wpforms-field-label-inline\" for=\"wpforms-47563-field_14_2\">Trolley Storage - <span class=\"wpforms-currency-symbol\">200,00 &euro;<\/span><\/label><\/li><li class=\"choice-3\"><input type=\"checkbox\" id=\"wpforms-47563-field_14_3\" class=\"wpforms-payment-price\" data-amount=\"285,00\" name=\"wpforms[fields][14][]\" value=\"3\" required ><label class=\"wpforms-field-label-inline\" for=\"wpforms-47563-field_14_3\">Trolley Battery Charge - <span class=\"wpforms-currency-symbol\">285,00 &euro;<\/span><\/label><\/li><li class=\"choice-4\"><input type=\"checkbox\" id=\"wpforms-47563-field_14_4\" class=\"wpforms-payment-price\" data-amount=\"110,00\" name=\"wpforms[fields][14][]\" value=\"4\" required ><label class=\"wpforms-field-label-inline\" for=\"wpforms-47563-field_14_4\">Locker - <span class=\"wpforms-currency-symbol\">110,00 &euro;<\/span><\/label><\/li><li class=\"choice-5\"><input type=\"checkbox\" id=\"wpforms-47563-field_14_5\" class=\"wpforms-payment-price\" data-amount=\"30,00\" name=\"wpforms[fields][14][]\" value=\"5\" required ><label class=\"wpforms-field-label-inline\" for=\"wpforms-47563-field_14_5\">Shoe Cleaning - <span class=\"wpforms-currency-symbol\">30,00 &euro;<\/span><\/label><\/li><li class=\"choice-6\"><input type=\"checkbox\" id=\"wpforms-47563-field_14_6\" class=\"wpforms-payment-price\" data-amount=\"2.000,00\" name=\"wpforms[fields][14][]\" value=\"6\" required ><label class=\"wpforms-field-label-inline\" for=\"wpforms-47563-field_14_6\">Annual Buggy Storage - <span class=\"wpforms-currency-symbol\">2.000,00 &euro;<\/span><\/label><\/li><li class=\"choice-7\"><input type=\"checkbox\" id=\"wpforms-47563-field_14_7\" class=\"wpforms-payment-price\" data-amount=\"550,00\" name=\"wpforms[fields][14][]\" value=\"7\" required ><label class=\"wpforms-field-label-inline\" for=\"wpforms-47563-field_14_7\">Annual Club Electric Trolley - <span class=\"wpforms-currency-symbol\">550,00 &euro;<\/span><\/label><\/li><li class=\"choice-8\"><input type=\"checkbox\" id=\"wpforms-47563-field_14_8\" class=\"wpforms-payment-price\" data-amount=\"1.200,00\" name=\"wpforms[fields][14][]\" value=\"8\" required ><label class=\"wpforms-field-label-inline\" for=\"wpforms-47563-field_14_8\">Annual Buggy Fee (Personal and non transferable) - <span class=\"wpforms-currency-symbol\">1.200,00 &euro;<\/span><\/label><\/li><li class=\"choice-9\"><input type=\"checkbox\" id=\"wpforms-47563-field_14_9\" class=\"wpforms-payment-price\" data-amount=\"630,00\" name=\"wpforms[fields][14][]\" value=\"9\" required ><label class=\"wpforms-field-label-inline\" for=\"wpforms-47563-field_14_9\">Use of private buggy (no storage) - <span class=\"wpforms-currency-symbol\">630,00 &euro;<\/span><\/label><\/li><li class=\"choice-12\"><input type=\"checkbox\" id=\"wpforms-47563-field_14_12\" class=\"wpforms-payment-price\" data-amount=\"935,00\" name=\"wpforms[fields][14][]\" value=\"12\" required ><label class=\"wpforms-field-label-inline\" for=\"wpforms-47563-field_14_12\">Social Membership - <span class=\"wpforms-currency-symbol\">935,00 &euro;<\/span><\/label><\/li><\/ul><div class=\"wpforms-field-description\"><b>Social Membership (only for single member spouses or partners):<\/b><br \/>\n\u2022 Access to members lounge and members areas at restaurant<br \/>\n\u2022 Newsletter<br \/>\n\u2022 Account in the restaurant<br \/>\n\u2022 Invitation to member activities such as lectures and dinners<br \/>\n\u2022 Unlimited padel from 13:00 to 17:00. And 50% discount outside these hours. <br \/>\n\u2022 Unlimited gym for 1 person<\/div><\/div><div id=\"wpforms-47563-field_3-container\" class=\"wpforms-field wpforms-field-payment-total wpforms-field-medium\" data-field-id=\"3\"><label class=\"wpforms-field-label\">Total<\/label><div class=\"wpforms-payment-total\" style=\"\">0,00 &euro;<\/div><input type=\"hidden\" id=\"wpforms-47563-field_3\" class=\"wpforms-field-medium wpforms-payment-total\" name=\"wpforms[fields][3]\" value=\"0\"><\/div><\/div><!-- .wpforms-field-container --><div class=\"wpforms-submit-container\" ><input type=\"hidden\" name=\"wpforms[id]\" value=\"47563\"><input type=\"hidden\" name=\"page_title\" value=\"\"><input type=\"hidden\" name=\"page_url\" value=\"https:\/\/losnaranjos.com\/sv\/wp-json\/wp\/v2\/pages\/47561\"><input type=\"hidden\" name=\"url_referer\" value=\"\"><button type=\"submit\" name=\"wpforms[submit]\" id=\"wpforms-submit-47563\" class=\"wpforms-submit\" data-alt-text=\"Sending...\" data-submit-text=\"Send\" aria-live=\"assertive\" value=\"wpforms-submit\">Send<\/button><img decoding=\"async\" src=\"https:\/\/losnaranjos.com\/wp-content\/plugins\/wpforms-lite\/assets\/images\/submit-spin.svg\" class=\"wpforms-submit-spinner\" style=\"display: none;\" width=\"26\" height=\"26\" alt=\"Laddar\"><\/div><\/form><\/div>  <!-- .wpforms-container -->            <\/div>\n\t\t\t\t<\/div>\n\t\t\t\t<\/div>\n\t\t\t\t<div class=\"elementor-element elementor-element-b244261 elementor-widget elementor-widget-text-editor\" data-id=\"b244261\" data-element_type=\"widget\" data-e-type=\"widget\" data-widget_type=\"text-editor.default\">\n\t\t\t\t<div class=\"elementor-widget-container\">\n\t\t\t\t\t\t\t\t\t<div class=\"page\" title=\"Page 1\"><div class=\"section\"><div class=\"layoutArea\"><div class=\"column\"><p>* Prices per person<br \/>* If no membership preference has been informed, the silver package will be chosen by default (3.905\u20ac).<br \/>* Membership golf tournament prices exclude food and beverages.<\/p><\/div><\/div><\/div><\/div>\t\t\t\t\t\t\t\t<\/div>\n\t\t\t\t<\/div>\n\t\t\t\t<div class=\"elementor-element elementor-element-157bb29 elementor-align-center elementor-widget elementor-widget-button\" data-id=\"157bb29\" data-element_type=\"widget\" data-e-type=\"widget\" data-widget_type=\"button.default\">\n\t\t\t\t<div class=\"elementor-widget-container\">\n\t\t\t\t\t\t\t\t\t<div class=\"elementor-button-wrapper\">\n\t\t\t\t\t<a class=\"elementor-button elementor-button-link elementor-size-sm\" href=\"https:\/\/losnaranjos.com\/wp-content\/uploads\/2025\/12\/LN-Annual-Fees-2026.pdf\" target=\"_blank\">\n\t\t\t\t\t\t<span class=\"elementor-button-content-wrapper\">\n\t\t\t\t\t\t\t\t\t<span class=\"elementor-button-text\">See all rates<\/span>\n\t\t\t\t\t<\/span>\n\t\t\t\t\t<\/a>\n\t\t\t\t<\/div>\n\t\t\t\t\t\t\t\t<\/div>\n\t\t\t\t<\/div>\n\t\t\t\t\t<\/div>\n\t\t<\/div>\n\t\t\t\t<div class=\"elementor-column elementor-col-16 elementor-top-column elementor-element elementor-element-05cfa63\" data-id=\"05cfa63\" data-element_type=\"column\" data-e-type=\"column\">\n\t\t\t<div class=\"elementor-widget-wrap\">\n\t\t\t\t\t\t\t<\/div>\n\t\t<\/div>\n\t\t\t\t\t<\/div>\n\t\t<\/section>\n\t\t\t\t<\/div>\n\t\t","protected":false},"excerpt":{"rendered":"<p>Annual Fee 2026 As announced by the Club on 8 December, please find below the form to be completed by Monday 29th December 2025 with your benefit preferences for 2026. It is recommended that you carefully read the above bulletin and the information provided below. IMPORTANT: If no option is indicated, a fee of \u20ac3,905 [&hellip;]<\/p>\n","protected":false},"author":929,"featured_media":0,"parent":0,"menu_order":0,"comment_status":"closed","ping_status":"closed","template":"","meta":{"_acf_changed":false,"site-sidebar-layout":"no-sidebar","site-content-layout":"page-builder","ast-site-content-layout":"full-width-container","site-content-style":"unboxed","site-sidebar-style":"default","ast-global-header-display":"","ast-banner-title-visibility":"","ast-main-header-display":"","ast-hfb-above-header-display":"","ast-hfb-below-header-display":"","ast-hfb-mobile-header-display":"","site-post-title":"disabled","ast-breadcrumbs-content":"","ast-featured-img":"disabled","footer-sml-layout":"","ast-disable-related-posts":"","theme-transparent-header-meta":"","adv-header-id-meta":"","stick-header-meta":"","header-above-stick-meta":"","header-main-stick-meta":"","header-below-stick-meta":"","astra-migrate-meta-layouts":"set","ast-page-background-enabled":"default","ast-page-background-meta":{"desktop":{"background-color":"","background-image":"","background-repeat":"repeat","background-position":"center center","background-size":"auto","background-attachment":"scroll","background-type":"","background-media":"","overlay-type":"","overlay-color":"","overlay-opacity":"","overlay-gradient":""},"tablet":{"background-color":"","background-image":"","background-repeat":"repeat","background-position":"center center","background-size":"auto","background-attachment":"scroll","background-type":"","background-media":"","overlay-type":"","overlay-color":"","overlay-opacity":"","overlay-gradient":""},"mobile":{"background-color":"","background-image":"","background-repeat":"repeat","background-position":"center center","background-size":"auto","background-attachment":"scroll","background-type":"","background-media":"","overlay-type":"","overlay-color":"","overlay-opacity":"","overlay-gradient":""}},"ast-content-background-meta":{"desktop":{"background-color":"var(--ast-global-color-5)","background-image":"","background-repeat":"repeat","background-position":"center center","background-size":"auto","background-attachment":"scroll","background-type":"","background-media":"","overlay-type":"","overlay-color":"","overlay-opacity":"","overlay-gradient":""},"tablet":{"background-color":"var(--ast-global-color-5)","background-image":"","background-repeat":"repeat","background-position":"center center","background-size":"auto","background-attachment":"scroll","background-type":"","background-media":"","overlay-type":"","overlay-color":"","overlay-opacity":"","overlay-gradient":""},"mobile":{"background-color":"var(--ast-global-color-5)","background-image":"","background-repeat":"repeat","background-position":"center center","background-size":"auto","background-attachment":"scroll","background-type":"","background-media":"","overlay-type":"","overlay-color":"","overlay-opacity":"","overlay-gradient":""}},"footnotes":""},"class_list":["post-47561","page","type-page","status-publish","hentry"],"acf":[],"yoast_head":"<!-- This site is optimized with the Yoast SEO plugin v27.2 - https:\/\/yoast.com\/product\/yoast-seo-wordpress\/ -->\n<title>Annual Fee 2026 - Los Naranjos Golf<\/title>\n<meta name=\"description\" content=\"Descubre nuestras tarifas anuales de golf para jugar en Los Naranjos Golf Club durante todo el a\u00f1o.\" \/>\n<meta name=\"robots\" content=\"index, follow, max-snippet:-1, max-image-preview:large, max-video-preview:-1\" \/>\n<link rel=\"canonical\" href=\"https:\/\/losnaranjos.com\/annual-fee-2026\/\" \/>\n<meta property=\"og:locale\" content=\"sv_SE\" \/>\n<meta property=\"og:type\" content=\"article\" \/>\n<meta property=\"og:title\" content=\"Annual Fee 2026 - Los Naranjos Golf\" \/>\n<meta property=\"og:description\" content=\"Descubre nuestras tarifas anuales de golf para jugar en Los Naranjos Golf Club durante todo el a\u00f1o.\" \/>\n<meta property=\"og:url\" content=\"https:\/\/losnaranjos.com\/annual-fee-2026\/\" \/>\n<meta property=\"og:site_name\" content=\"Los Naranjos Golf\" \/>\n<meta property=\"article:publisher\" content=\"https:\/\/www.facebook.com\/losnaranjosgc\/\" \/>\n<meta property=\"article:modified_time\" content=\"2025-12-05T15:32:24+00:00\" \/>\n<meta property=\"og:image\" content=\"https:\/\/losnaranjos.com\/wp-content\/plugins\/wpforms-lite\/assets\/images\/submit-spin.svg\" \/>\n<meta name=\"twitter:card\" content=\"summary_large_image\" \/>\n<meta name=\"twitter:site\" content=\"@LosNaranjosGC\" \/>\n<meta name=\"twitter:label1\" content=\"Ber\u00e4knad l\u00e4stid\" \/>\n\t<meta name=\"twitter:data1\" content=\"2 minuter\" \/>\n<script type=\"application\/ld+json\" class=\"yoast-schema-graph\">{\"@context\":\"https:\/\/schema.org\",\"@graph\":[{\"@type\":\"WebPage\",\"@id\":\"https:\/\/losnaranjos.com\/annual-fee-2026\/\",\"url\":\"https:\/\/losnaranjos.com\/annual-fee-2026\/\",\"name\":\"Annual Fee 2026 - Los Naranjos Golf\",\"isPartOf\":{\"@id\":\"https:\/\/losnaranjos.com\/sv\/#website\"},\"primaryImageOfPage\":{\"@id\":\"https:\/\/losnaranjos.com\/annual-fee-2026\/#primaryimage\"},\"image\":{\"@id\":\"https:\/\/losnaranjos.com\/annual-fee-2026\/#primaryimage\"},\"thumbnailUrl\":\"https:\/\/losnaranjos.com\/wp-content\/plugins\/wpforms-lite\/assets\/images\/submit-spin.svg\",\"datePublished\":\"2025-12-02T13:55:47+00:00\",\"dateModified\":\"2025-12-05T15:32:24+00:00\",\"description\":\"Descubre nuestras tarifas anuales de golf para jugar en Los Naranjos Golf Club durante todo el a\u00f1o.\",\"breadcrumb\":{\"@id\":\"https:\/\/losnaranjos.com\/annual-fee-2026\/#breadcrumb\"},\"inLanguage\":\"sv-SE\",\"potentialAction\":[{\"@type\":\"ReadAction\",\"target\":[\"https:\/\/losnaranjos.com\/annual-fee-2026\/\"]}]},{\"@type\":\"ImageObject\",\"inLanguage\":\"sv-SE\",\"@id\":\"https:\/\/losnaranjos.com\/annual-fee-2026\/#primaryimage\",\"url\":\"https:\/\/losnaranjos.com\/wp-content\/plugins\/wpforms-lite\/assets\/images\/submit-spin.svg\",\"contentUrl\":\"https:\/\/losnaranjos.com\/wp-content\/plugins\/wpforms-lite\/assets\/images\/submit-spin.svg\"},{\"@type\":\"BreadcrumbList\",\"@id\":\"https:\/\/losnaranjos.com\/annual-fee-2026\/#breadcrumb\",\"itemListElement\":[{\"@type\":\"ListItem\",\"position\":1,\"name\":\"Home\",\"item\":\"https:\/\/losnaranjos.com\/\"},{\"@type\":\"ListItem\",\"position\":2,\"name\":\"Annual Fee 2026\"}]},{\"@type\":\"WebSite\",\"@id\":\"https:\/\/losnaranjos.com\/sv\/#website\",\"url\":\"https:\/\/losnaranjos.com\/sv\/\",\"name\":\"Los Naranjos Golf Club\",\"description\":\"Marbella - Costa del Sol - Golf\",\"publisher\":{\"@id\":\"https:\/\/losnaranjos.com\/sv\/#organization\"},\"potentialAction\":[{\"@type\":\"SearchAction\",\"target\":{\"@type\":\"EntryPoint\",\"urlTemplate\":\"https:\/\/losnaranjos.com\/sv\/?s={search_term_string}\"},\"query-input\":{\"@type\":\"PropertyValueSpecification\",\"valueRequired\":true,\"valueName\":\"search_term_string\"}}],\"inLanguage\":\"sv-SE\"},{\"@type\":\"Organization\",\"@id\":\"https:\/\/losnaranjos.com\/sv\/#organization\",\"name\":\"Los Naranjos Golf Club\",\"url\":\"https:\/\/losnaranjos.com\/sv\/\",\"logo\":{\"@type\":\"ImageObject\",\"inLanguage\":\"sv-SE\",\"@id\":\"https:\/\/losnaranjos.com\/sv\/#\/schema\/logo\/image\/\",\"url\":\"https:\/\/losnaranjos.com\/wp-content\/uploads\/2021\/12\/logo-svgd.png\",\"contentUrl\":\"https:\/\/losnaranjos.com\/wp-content\/uploads\/2021\/12\/logo-svgd.png\",\"width\":191,\"height\":50,\"caption\":\"Los Naranjos Golf Club\"},\"image\":{\"@id\":\"https:\/\/losnaranjos.com\/sv\/#\/schema\/logo\/image\/\"},\"sameAs\":[\"https:\/\/www.facebook.com\/losnaranjosgc\/\",\"https:\/\/x.com\/LosNaranjosGC\",\"https:\/\/instagram.com\/losnaranjosgc\/\",\"https:\/\/es.linkedin.com\/company\/losnaranjosgc\"]}]}<\/script>\n<!-- \/ Yoast SEO plugin. -->","yoast_head_json":{"title":"Annual Fee 2026 - Los Naranjos Golf","description":"Descubre nuestras tarifas anuales de golf para jugar en Los Naranjos Golf Club durante todo el a\u00f1o.","robots":{"index":"index","follow":"follow","max-snippet":"max-snippet:-1","max-image-preview":"max-image-preview:large","max-video-preview":"max-video-preview:-1"},"canonical":"https:\/\/losnaranjos.com\/annual-fee-2026\/","og_locale":"sv_SE","og_type":"article","og_title":"Annual Fee 2026 - Los Naranjos Golf","og_description":"Descubre nuestras tarifas anuales de golf para jugar en Los Naranjos Golf Club durante todo el a\u00f1o.","og_url":"https:\/\/losnaranjos.com\/annual-fee-2026\/","og_site_name":"Los Naranjos Golf","article_publisher":"https:\/\/www.facebook.com\/losnaranjosgc\/","article_modified_time":"2025-12-05T15:32:24+00:00","og_image":[{"url":"https:\/\/losnaranjos.com\/wp-content\/plugins\/wpforms-lite\/assets\/images\/submit-spin.svg","type":"","width":"","height":""}],"twitter_card":"summary_large_image","twitter_site":"@LosNaranjosGC","twitter_misc":{"Ber\u00e4knad l\u00e4stid":"2 minuter"},"schema":{"@context":"https:\/\/schema.org","@graph":[{"@type":"WebPage","@id":"https:\/\/losnaranjos.com\/annual-fee-2026\/","url":"https:\/\/losnaranjos.com\/annual-fee-2026\/","name":"Annual Fee 2026 - Los Naranjos Golf","isPartOf":{"@id":"https:\/\/losnaranjos.com\/sv\/#website"},"primaryImageOfPage":{"@id":"https:\/\/losnaranjos.com\/annual-fee-2026\/#primaryimage"},"image":{"@id":"https:\/\/losnaranjos.com\/annual-fee-2026\/#primaryimage"},"thumbnailUrl":"https:\/\/losnaranjos.com\/wp-content\/plugins\/wpforms-lite\/assets\/images\/submit-spin.svg","datePublished":"2025-12-02T13:55:47+00:00","dateModified":"2025-12-05T15:32:24+00:00","description":"Descubre nuestras tarifas anuales de golf para jugar en Los Naranjos Golf Club durante todo el a\u00f1o.","breadcrumb":{"@id":"https:\/\/losnaranjos.com\/annual-fee-2026\/#breadcrumb"},"inLanguage":"sv-SE","potentialAction":[{"@type":"ReadAction","target":["https:\/\/losnaranjos.com\/annual-fee-2026\/"]}]},{"@type":"ImageObject","inLanguage":"sv-SE","@id":"https:\/\/losnaranjos.com\/annual-fee-2026\/#primaryimage","url":"https:\/\/losnaranjos.com\/wp-content\/plugins\/wpforms-lite\/assets\/images\/submit-spin.svg","contentUrl":"https:\/\/losnaranjos.com\/wp-content\/plugins\/wpforms-lite\/assets\/images\/submit-spin.svg"},{"@type":"BreadcrumbList","@id":"https:\/\/losnaranjos.com\/annual-fee-2026\/#breadcrumb","itemListElement":[{"@type":"ListItem","position":1,"name":"Home","item":"https:\/\/losnaranjos.com\/"},{"@type":"ListItem","position":2,"name":"Annual Fee 2026"}]},{"@type":"WebSite","@id":"https:\/\/losnaranjos.com\/sv\/#website","url":"https:\/\/losnaranjos.com\/sv\/","name":"Los Naranjos Golf Club","description":"Marbella - Costa del Sol - Golf","publisher":{"@id":"https:\/\/losnaranjos.com\/sv\/#organization"},"potentialAction":[{"@type":"SearchAction","target":{"@type":"EntryPoint","urlTemplate":"https:\/\/losnaranjos.com\/sv\/?s={search_term_string}"},"query-input":{"@type":"PropertyValueSpecification","valueRequired":true,"valueName":"search_term_string"}}],"inLanguage":"sv-SE"},{"@type":"Organization","@id":"https:\/\/losnaranjos.com\/sv\/#organization","name":"Los Naranjos Golf Club","url":"https:\/\/losnaranjos.com\/sv\/","logo":{"@type":"ImageObject","inLanguage":"sv-SE","@id":"https:\/\/losnaranjos.com\/sv\/#\/schema\/logo\/image\/","url":"https:\/\/losnaranjos.com\/wp-content\/uploads\/2021\/12\/logo-svgd.png","contentUrl":"https:\/\/losnaranjos.com\/wp-content\/uploads\/2021\/12\/logo-svgd.png","width":191,"height":50,"caption":"Los Naranjos Golf Club"},"image":{"@id":"https:\/\/losnaranjos.com\/sv\/#\/schema\/logo\/image\/"},"sameAs":["https:\/\/www.facebook.com\/losnaranjosgc\/","https:\/\/x.com\/LosNaranjosGC","https:\/\/instagram.com\/losnaranjosgc\/","https:\/\/es.linkedin.com\/company\/losnaranjosgc"]}]}},"_links":{"self":[{"href":"https:\/\/losnaranjos.com\/sv\/wp-json\/wp\/v2\/pages\/47561","targetHints":{"allow":["GET"]}}],"collection":[{"href":"https:\/\/losnaranjos.com\/sv\/wp-json\/wp\/v2\/pages"}],"about":[{"href":"https:\/\/losnaranjos.com\/sv\/wp-json\/wp\/v2\/types\/page"}],"author":[{"embeddable":true,"href":"https:\/\/losnaranjos.com\/sv\/wp-json\/wp\/v2\/users\/929"}],"replies":[{"embeddable":true,"href":"https:\/\/losnaranjos.com\/sv\/wp-json\/wp\/v2\/comments?post=47561"}],"version-history":[{"count":19,"href":"https:\/\/losnaranjos.com\/sv\/wp-json\/wp\/v2\/pages\/47561\/revisions"}],"predecessor-version":[{"id":47772,"href":"https:\/\/losnaranjos.com\/sv\/wp-json\/wp\/v2\/pages\/47561\/revisions\/47772"}],"wp:attachment":[{"href":"https:\/\/losnaranjos.com\/sv\/wp-json\/wp\/v2\/media?parent=47561"}],"curies":[{"name":"wp","href":"https:\/\/api.w.org\/{rel}","templated":true}]}}