{"id":31702,"date":"2024-06-27T08:46:54","date_gmt":"2024-06-27T08:46:54","guid":{"rendered":"https:\/\/losnaranjos.com\/intercontinental-marbella\/"},"modified":"2024-07-29T07:28:44","modified_gmt":"2024-07-29T07:28:44","slug":"intercontinental-marbella","status":"publish","type":"page","link":"https:\/\/losnaranjos.com\/sv\/intercontinental-marbella\/","title":{"rendered":"Intercontinental Marbella"},"content":{"rendered":"\t\t<div data-elementor-type=\"wp-page\" data-elementor-id=\"31702\" class=\"elementor elementor-31702\" data-elementor-post-type=\"page\">\n\t\t\t\t\t\t<section class=\"elementor-section elementor-top-section elementor-element elementor-element-5b62943 elementor-section-full_width elementor-section-height-min-height elementor-section-height-default elementor-section-items-middle\" data-id=\"5b62943\" data-element_type=\"section\" data-e-type=\"section\" data-settings=\"{&quot;background_background&quot;:&quot;classic&quot;}\">\n\t\t\t\t\t\t\t<div class=\"elementor-background-overlay\"><\/div>\n\t\t\t\t\t\t\t<div class=\"elementor-container elementor-column-gap-default\">\n\t\t\t\t\t<div class=\"elementor-column elementor-col-100 elementor-top-column elementor-element elementor-element-8c743c5\" data-id=\"8c743c5\" data-element_type=\"column\" data-e-type=\"column\" data-settings=\"{&quot;background_background&quot;:&quot;classic&quot;}\">\n\t\t\t<div class=\"elementor-widget-wrap elementor-element-populated\">\n\t\t\t\t\t\t<div class=\"elementor-element elementor-element-9c85129 elementor-widget elementor-widget-heading\" data-id=\"9c85129\" data-element_type=\"widget\" data-e-type=\"widget\" data-widget_type=\"heading.default\">\n\t\t\t\t<div class=\"elementor-widget-container\">\n\t\t\t\t\t<h2 class=\"elementor-heading-title elementor-size-default\">Intercontinental Marbella<\/h2>\t\t\t\t<\/div>\n\t\t\t\t<\/div>\n\t\t\t\t<div class=\"elementor-element elementor-element-38801c5 elementor-widget-divider--view-line elementor-widget elementor-widget-divider\" data-id=\"38801c5\" data-element_type=\"widget\" data-e-type=\"widget\" data-widget_type=\"divider.default\">\n\t\t\t\t<div class=\"elementor-widget-container\">\n\t\t\t\t\t\t\t<div class=\"elementor-divider\">\n\t\t\t<span class=\"elementor-divider-separator\">\n\t\t\t\t\t\t<\/span>\n\t\t<\/div>\n\t\t\t\t\t\t<\/div>\n\t\t\t\t<\/div>\n\t\t\t\t\t<\/div>\n\t\t<\/div>\n\t\t\t\t\t<\/div>\n\t\t<\/section>\n\t\t\t\t<section class=\"elementor-section elementor-top-section elementor-element elementor-element-8b3c3a6 elementor-section-content-middle elementor-section-boxed elementor-section-height-default elementor-section-height-default\" data-id=\"8b3c3a6\" data-element_type=\"section\" data-e-type=\"section\" data-settings=\"{&quot;background_background&quot;:&quot;classic&quot;}\">\n\t\t\t\t\t\t<div class=\"elementor-container elementor-column-gap-default\">\n\t\t\t\t\t<div class=\"elementor-column elementor-col-50 elementor-top-column elementor-element elementor-element-a56ad0e\" data-id=\"a56ad0e\" data-element_type=\"column\" data-e-type=\"column\">\n\t\t\t<div class=\"elementor-widget-wrap elementor-element-populated\">\n\t\t\t\t\t\t<div class=\"elementor-element elementor-element-cb02bdc elementor-hidden-tablet elementor-widget elementor-widget-image\" data-id=\"cb02bdc\" data-element_type=\"widget\" data-e-type=\"widget\" data-widget_type=\"image.default\">\n\t\t\t\t<div class=\"elementor-widget-container\">\n\t\t\t\t\t\t\t\t\t\t\t\t\t\t\t<img fetchpriority=\"high\" decoding=\"async\" width=\"2560\" height=\"1395\" src=\"https:\/\/losnaranjos.com\/wp-content\/uploads\/2024\/06\/Torneo-Intercontinental-Marbella-2024-scaled.jpg\" class=\"attachment-full size-full wp-image-31581\" alt=\"\" srcset=\"https:\/\/losnaranjos.com\/wp-content\/uploads\/2024\/06\/Torneo-Intercontinental-Marbella-2024-scaled.jpg 2560w, https:\/\/losnaranjos.com\/wp-content\/uploads\/2024\/06\/Torneo-Intercontinental-Marbella-2024-300x164.jpg 300w, https:\/\/losnaranjos.com\/wp-content\/uploads\/2024\/06\/Torneo-Intercontinental-Marbella-2024-1024x558.jpg 1024w, https:\/\/losnaranjos.com\/wp-content\/uploads\/2024\/06\/Torneo-Intercontinental-Marbella-2024-768x419.jpg 768w, https:\/\/losnaranjos.com\/wp-content\/uploads\/2024\/06\/Torneo-Intercontinental-Marbella-2024-1536x837.jpg 1536w, https:\/\/losnaranjos.com\/wp-content\/uploads\/2024\/06\/Torneo-Intercontinental-Marbella-2024-2048x1116.jpg 2048w\" sizes=\"(max-width: 2560px) 100vw, 2560px\" \/>\t\t\t\t\t\t\t\t\t\t\t\t\t\t\t<\/div>\n\t\t\t\t<\/div>\n\t\t\t\t\t<\/div>\n\t\t<\/div>\n\t\t\t\t<div class=\"elementor-column elementor-col-50 elementor-top-column elementor-element elementor-element-19b92ce\" data-id=\"19b92ce\" data-element_type=\"column\" data-e-type=\"column\">\n\t\t\t<div class=\"elementor-widget-wrap elementor-element-populated\">\n\t\t\t\t\t\t<div class=\"elementor-element elementor-element-ca0c475 elementor-widget elementor-widget-spacer\" data-id=\"ca0c475\" data-element_type=\"widget\" data-e-type=\"widget\" data-widget_type=\"spacer.default\">\n\t\t\t\t<div class=\"elementor-widget-container\">\n\t\t\t\t\t\t\t<div class=\"elementor-spacer\">\n\t\t\t<div class=\"elementor-spacer-inner\"><\/div>\n\t\t<\/div>\n\t\t\t\t\t\t<\/div>\n\t\t\t\t<\/div>\n\t\t\t\t<div class=\"elementor-element elementor-element-13482e1 elementor-position-left elementor-vertical-align-middle icon-titless-home elementor-widget elementor-widget-image-box\" data-id=\"13482e1\" data-element_type=\"widget\" data-e-type=\"widget\" data-widget_type=\"image-box.default\">\n\t\t\t\t<div class=\"elementor-widget-container\">\n\t\t\t\t\t<div class=\"elementor-image-box-wrapper\"><figure class=\"elementor-image-box-img\"><img decoding=\"async\" width=\"192\" height=\"186\" src=\"https:\/\/losnaranjos.com\/wp-content\/uploads\/2021\/11\/trofeo-golf.png\" class=\"elementor-animation-bob attachment-full size-full wp-image-12184\" alt=\"\" \/><\/figure><div class=\"elementor-image-box-content\"><h3 class=\"elementor-image-box-title\">Intercontinental Marbella<\/h3><\/div><\/div>\t\t\t\t<\/div>\n\t\t\t\t<\/div>\n\t\t\t\t<div class=\"elementor-element elementor-element-1fe9180 elementor-invisible elementor-widget elementor-widget-heading\" data-id=\"1fe9180\" data-element_type=\"widget\" data-e-type=\"widget\" data-settings=\"{&quot;_animation&quot;:&quot;fadeInDown&quot;}\" data-widget_type=\"heading.default\">\n\t\t\t\t<div class=\"elementor-widget-container\">\n\t\t\t\t\t<h4 class=\"elementor-heading-title elementor-size-default\">FREDAG 23 AUGUSTI<\/h4>\t\t\t\t<\/div>\n\t\t\t\t<\/div>\n\t\t\t\t<div class=\"elementor-element elementor-element-33f56dc elementor-invisible elementor-widget elementor-widget-text-editor\" data-id=\"33f56dc\" data-element_type=\"widget\" data-e-type=\"widget\" data-settings=\"{&quot;_animation&quot;:&quot;fadeIn&quot;}\" data-widget_type=\"text-editor.default\">\n\t\t\t\t<div class=\"elementor-widget-container\">\n\t\t\t\t\t\t\t\t\t<p>Marbella 2024 Interkontinentala amat\u00f6rgolfturnering! Detta prestigefyllda evenemang kommer att \u00e4ga rum p\u00e5 de gr\u00f6nskande golfbanorna i Marbella, Spanien, under augusti m\u00e5nad 2024. Denna turnering p\u00e5 h\u00f6g niv\u00e5 kommer att locka de b\u00e4sta internationella amat\u00f6rgolfspelarna.<\/p>\t\t\t\t\t\t\t\t<\/div>\n\t\t\t\t<\/div>\n\t\t\t\t<div class=\"elementor-element elementor-element-0c61295 elementor-align-center elementor-widget elementor-widget-button\" data-id=\"0c61295\" data-element_type=\"widget\" data-e-type=\"widget\" data-widget_type=\"button.default\">\n\t\t\t\t<div class=\"elementor-widget-container\">\n\t\t\t\t\t\t\t\t\t<div class=\"elementor-button-wrapper\">\n\t\t\t\t\t<a class=\"elementor-button elementor-button-link elementor-size-sm\" href=\"https:\/\/www.scorevents.com\/detalles-y-registro\/torneo-de-golf-britano-americano-marbella-2024\" target=\"_blank\" rel=\"nofollow\">\n\t\t\t\t\t\t<span class=\"elementor-button-content-wrapper\">\n\t\t\t\t\t\t\t\t\t<span class=\"elementor-button-text\">MER INFORMATION<\/span>\n\t\t\t\t\t<\/span>\n\t\t\t\t\t<\/a>\n\t\t\t\t<\/div>\n\t\t\t\t\t\t\t\t<\/div>\n\t\t\t\t<\/div>\n\t\t\t\t\t<\/div>\n\t\t<\/div>\n\t\t\t\t\t<\/div>\n\t\t<\/section>\n\t\t\t\t<\/div>\n\t\t","protected":false},"excerpt":{"rendered":"<p>Intercontinental Marbella Intercontinental Marbella FREDAG 23 AUGUSTI Marbella 2024 Interkontinentala amat\u00f6rgolfturnering! Detta prestigefyllda evenemang kommer att \u00e4ga rum p\u00e5 de gr\u00f6nskande golfbanorna i Marbella, Spanien, under augusti m\u00e5nad 2024. Denna turnering p\u00e5 h\u00f6g niv\u00e5 kommer att locka de b\u00e4sta internationella amat\u00f6rgolfspelarna. MER INFORMATION<\/p>\n","protected":false},"author":929,"featured_media":0,"parent":0,"menu_order":0,"comment_status":"closed","ping_status":"closed","template":"","meta":{"_acf_changed":false,"site-sidebar-layout":"no-sidebar","site-content-layout":"page-builder","ast-site-content-layout":"full-width-container","site-content-style":"unboxed","site-sidebar-style":"unboxed","ast-global-header-display":"","ast-banner-title-visibility":"","ast-main-header-display":"","ast-hfb-above-header-display":"","ast-hfb-below-header-display":"","ast-hfb-mobile-header-display":"","site-post-title":"disabled","ast-breadcrumbs-content":"","ast-featured-img":"","footer-sml-layout":"","ast-disable-related-posts":"","theme-transparent-header-meta":"enabled","adv-header-id-meta":"","stick-header-meta":"","header-above-stick-meta":"","header-main-stick-meta":"","header-below-stick-meta":"","astra-migrate-meta-layouts":"set","ast-page-background-enabled":"default","ast-page-background-meta":{"desktop":{"background-color":"","background-image":"","background-repeat":"repeat","background-position":"center center","background-size":"auto","background-attachment":"scroll","background-type":"","background-media":"","overlay-type":"","overlay-color":"","overlay-opacity":"","overlay-gradient":""},"tablet":{"background-color":"","background-image":"","background-repeat":"repeat","background-position":"center center","background-size":"auto","background-attachment":"scroll","background-type":"","background-media":"","overlay-type":"","overlay-color":"","overlay-opacity":"","overlay-gradient":""},"mobile":{"background-color":"","background-image":"","background-repeat":"repeat","background-position":"center center","background-size":"auto","background-attachment":"scroll","background-type":"","background-media":"","overlay-type":"","overlay-color":"","overlay-opacity":"","overlay-gradient":""}},"ast-content-background-meta":{"desktop":{"background-color":"var(--ast-global-color-5)","background-image":"","background-repeat":"repeat","background-position":"center center","background-size":"auto","background-attachment":"scroll","background-type":"","background-media":"","overlay-type":"","overlay-color":"","overlay-opacity":"","overlay-gradient":""},"tablet":{"background-color":"var(--ast-global-color-5)","background-image":"","background-repeat":"repeat","background-position":"center center","background-size":"auto","background-attachment":"scroll","background-type":"","background-media":"","overlay-type":"","overlay-color":"","overlay-opacity":"","overlay-gradient":""},"mobile":{"background-color":"var(--ast-global-color-5)","background-image":"","background-repeat":"repeat","background-position":"center center","background-size":"auto","background-attachment":"scroll","background-type":"","background-media":"","overlay-type":"","overlay-color":"","overlay-opacity":"","overlay-gradient":""}},"footnotes":""},"class_list":["post-31702","page","type-page","status-publish","hentry"],"acf":[],"yoast_head":"<!-- This site is optimized with the Yoast SEO plugin v27.2 - https:\/\/yoast.com\/product\/yoast-seo-wordpress\/ -->\n<title>Intercontinental Marbella - Torneo de Golf - Los Naranjos Golf<\/title>\n<meta name=\"description\" content=\"Un torneo de golf en Marbella creado por y para el disfrute de los socios de Los Naranjos Golf Club.\" \/>\n<meta name=\"robots\" content=\"index, follow, max-snippet:-1, max-image-preview:large, max-video-preview:-1\" \/>\n<link rel=\"canonical\" href=\"https:\/\/losnaranjos.com\/sv\/intercontinental-marbella\/\" \/>\n<meta property=\"og:locale\" content=\"sv_SE\" \/>\n<meta property=\"og:type\" content=\"article\" \/>\n<meta property=\"og:title\" content=\"Intercontinental Marbella - Torneo de Golf - Los Naranjos Golf\" \/>\n<meta property=\"og:description\" content=\"Un torneo de golf en Marbella creado por y para el disfrute de los socios de Los Naranjos Golf Club.\" \/>\n<meta property=\"og:url\" content=\"https:\/\/losnaranjos.com\/sv\/intercontinental-marbella\/\" \/>\n<meta property=\"og:site_name\" content=\"Los Naranjos Golf\" \/>\n<meta property=\"article:publisher\" content=\"https:\/\/www.facebook.com\/losnaranjosgc\/\" \/>\n<meta property=\"article:modified_time\" content=\"2024-07-29T07:28:44+00:00\" \/>\n<meta property=\"og:image\" content=\"https:\/\/losnaranjos.com\/wp-content\/uploads\/2024\/06\/Torneo-Intercontinental-Marbella-2024-scaled.jpg\" \/>\n<meta name=\"twitter:card\" content=\"summary_large_image\" \/>\n<meta name=\"twitter:site\" content=\"@LosNaranjosGC\" \/>\n<meta name=\"twitter:label1\" content=\"Ber\u00e4knad l\u00e4stid\" \/>\n\t<meta name=\"twitter:data1\" content=\"1 minut\" \/>\n<script type=\"application\/ld+json\" class=\"yoast-schema-graph\">{\"@context\":\"https:\/\/schema.org\",\"@graph\":[{\"@type\":\"WebPage\",\"@id\":\"https:\/\/losnaranjos.com\/sv\/intercontinental-marbella\/\",\"url\":\"https:\/\/losnaranjos.com\/sv\/intercontinental-marbella\/\",\"name\":\"Intercontinental Marbella - Torneo de Golf - Los Naranjos Golf\",\"isPartOf\":{\"@id\":\"https:\/\/losnaranjos.com\/sv\/#website\"},\"primaryImageOfPage\":{\"@id\":\"https:\/\/losnaranjos.com\/sv\/intercontinental-marbella\/#primaryimage\"},\"image\":{\"@id\":\"https:\/\/losnaranjos.com\/sv\/intercontinental-marbella\/#primaryimage\"},\"thumbnailUrl\":\"https:\/\/losnaranjos.com\/wp-content\/uploads\/2024\/06\/Torneo-Intercontinental-Marbella-2024-scaled.jpg\",\"datePublished\":\"2024-06-27T08:46:54+00:00\",\"dateModified\":\"2024-07-29T07:28:44+00:00\",\"description\":\"Un torneo de golf en Marbella creado por y para el disfrute de los socios de Los Naranjos Golf Club.\",\"breadcrumb\":{\"@id\":\"https:\/\/losnaranjos.com\/sv\/intercontinental-marbella\/#breadcrumb\"},\"inLanguage\":\"sv-SE\",\"potentialAction\":[{\"@type\":\"ReadAction\",\"target\":[\"https:\/\/losnaranjos.com\/sv\/intercontinental-marbella\/\"]}]},{\"@type\":\"ImageObject\",\"inLanguage\":\"sv-SE\",\"@id\":\"https:\/\/losnaranjos.com\/sv\/intercontinental-marbella\/#primaryimage\",\"url\":\"https:\/\/losnaranjos.com\/wp-content\/uploads\/2024\/06\/Torneo-Intercontinental-Marbella-2024-scaled.jpg\",\"contentUrl\":\"https:\/\/losnaranjos.com\/wp-content\/uploads\/2024\/06\/Torneo-Intercontinental-Marbella-2024-scaled.jpg\"},{\"@type\":\"BreadcrumbList\",\"@id\":\"https:\/\/losnaranjos.com\/sv\/intercontinental-marbella\/#breadcrumb\",\"itemListElement\":[{\"@type\":\"ListItem\",\"position\":1,\"name\":\"Home\",\"item\":\"https:\/\/losnaranjos.com\/\"},{\"@type\":\"ListItem\",\"position\":2,\"name\":\"Intercontinental Marbella\"}]},{\"@type\":\"WebSite\",\"@id\":\"https:\/\/losnaranjos.com\/sv\/#website\",\"url\":\"https:\/\/losnaranjos.com\/sv\/\",\"name\":\"Los Naranjos Golf Club\",\"description\":\"Marbella - Costa del Sol - Golf\",\"publisher\":{\"@id\":\"https:\/\/losnaranjos.com\/sv\/#organization\"},\"potentialAction\":[{\"@type\":\"SearchAction\",\"target\":{\"@type\":\"EntryPoint\",\"urlTemplate\":\"https:\/\/losnaranjos.com\/sv\/?s={search_term_string}\"},\"query-input\":{\"@type\":\"PropertyValueSpecification\",\"valueRequired\":true,\"valueName\":\"search_term_string\"}}],\"inLanguage\":\"sv-SE\"},{\"@type\":\"Organization\",\"@id\":\"https:\/\/losnaranjos.com\/sv\/#organization\",\"name\":\"Los Naranjos Golf Club\",\"url\":\"https:\/\/losnaranjos.com\/sv\/\",\"logo\":{\"@type\":\"ImageObject\",\"inLanguage\":\"sv-SE\",\"@id\":\"https:\/\/losnaranjos.com\/sv\/#\/schema\/logo\/image\/\",\"url\":\"https:\/\/losnaranjos.com\/wp-content\/uploads\/2021\/12\/logo-svgd.png\",\"contentUrl\":\"https:\/\/losnaranjos.com\/wp-content\/uploads\/2021\/12\/logo-svgd.png\",\"width\":191,\"height\":50,\"caption\":\"Los Naranjos Golf Club\"},\"image\":{\"@id\":\"https:\/\/losnaranjos.com\/sv\/#\/schema\/logo\/image\/\"},\"sameAs\":[\"https:\/\/www.facebook.com\/losnaranjosgc\/\",\"https:\/\/x.com\/LosNaranjosGC\",\"https:\/\/instagram.com\/losnaranjosgc\/\",\"https:\/\/es.linkedin.com\/company\/losnaranjosgc\"]}]}<\/script>\n<!-- \/ Yoast SEO plugin. -->","yoast_head_json":{"title":"Intercontinental Marbella - Torneo de Golf - Los Naranjos Golf","description":"Un torneo de golf en Marbella creado por y para el disfrute de los socios de Los Naranjos Golf Club.","robots":{"index":"index","follow":"follow","max-snippet":"max-snippet:-1","max-image-preview":"max-image-preview:large","max-video-preview":"max-video-preview:-1"},"canonical":"https:\/\/losnaranjos.com\/sv\/intercontinental-marbella\/","og_locale":"sv_SE","og_type":"article","og_title":"Intercontinental Marbella - Torneo de Golf - Los Naranjos Golf","og_description":"Un torneo de golf en Marbella creado por y para el disfrute de los socios de Los Naranjos Golf Club.","og_url":"https:\/\/losnaranjos.com\/sv\/intercontinental-marbella\/","og_site_name":"Los Naranjos Golf","article_publisher":"https:\/\/www.facebook.com\/losnaranjosgc\/","article_modified_time":"2024-07-29T07:28:44+00:00","og_image":[{"url":"https:\/\/losnaranjos.com\/wp-content\/uploads\/2024\/06\/Torneo-Intercontinental-Marbella-2024-scaled.jpg","type":"","width":"","height":""}],"twitter_card":"summary_large_image","twitter_site":"@LosNaranjosGC","twitter_misc":{"Ber\u00e4knad l\u00e4stid":"1 minut"},"schema":{"@context":"https:\/\/schema.org","@graph":[{"@type":"WebPage","@id":"https:\/\/losnaranjos.com\/sv\/intercontinental-marbella\/","url":"https:\/\/losnaranjos.com\/sv\/intercontinental-marbella\/","name":"Intercontinental Marbella - Torneo de Golf - Los Naranjos Golf","isPartOf":{"@id":"https:\/\/losnaranjos.com\/sv\/#website"},"primaryImageOfPage":{"@id":"https:\/\/losnaranjos.com\/sv\/intercontinental-marbella\/#primaryimage"},"image":{"@id":"https:\/\/losnaranjos.com\/sv\/intercontinental-marbella\/#primaryimage"},"thumbnailUrl":"https:\/\/losnaranjos.com\/wp-content\/uploads\/2024\/06\/Torneo-Intercontinental-Marbella-2024-scaled.jpg","datePublished":"2024-06-27T08:46:54+00:00","dateModified":"2024-07-29T07:28:44+00:00","description":"Un torneo de golf en Marbella creado por y para el disfrute de los socios de Los Naranjos Golf Club.","breadcrumb":{"@id":"https:\/\/losnaranjos.com\/sv\/intercontinental-marbella\/#breadcrumb"},"inLanguage":"sv-SE","potentialAction":[{"@type":"ReadAction","target":["https:\/\/losnaranjos.com\/sv\/intercontinental-marbella\/"]}]},{"@type":"ImageObject","inLanguage":"sv-SE","@id":"https:\/\/losnaranjos.com\/sv\/intercontinental-marbella\/#primaryimage","url":"https:\/\/losnaranjos.com\/wp-content\/uploads\/2024\/06\/Torneo-Intercontinental-Marbella-2024-scaled.jpg","contentUrl":"https:\/\/losnaranjos.com\/wp-content\/uploads\/2024\/06\/Torneo-Intercontinental-Marbella-2024-scaled.jpg"},{"@type":"BreadcrumbList","@id":"https:\/\/losnaranjos.com\/sv\/intercontinental-marbella\/#breadcrumb","itemListElement":[{"@type":"ListItem","position":1,"name":"Home","item":"https:\/\/losnaranjos.com\/"},{"@type":"ListItem","position":2,"name":"Intercontinental Marbella"}]},{"@type":"WebSite","@id":"https:\/\/losnaranjos.com\/sv\/#website","url":"https:\/\/losnaranjos.com\/sv\/","name":"Los Naranjos Golf Club","description":"Marbella - Costa del Sol - Golf","publisher":{"@id":"https:\/\/losnaranjos.com\/sv\/#organization"},"potentialAction":[{"@type":"SearchAction","target":{"@type":"EntryPoint","urlTemplate":"https:\/\/losnaranjos.com\/sv\/?s={search_term_string}"},"query-input":{"@type":"PropertyValueSpecification","valueRequired":true,"valueName":"search_term_string"}}],"inLanguage":"sv-SE"},{"@type":"Organization","@id":"https:\/\/losnaranjos.com\/sv\/#organization","name":"Los Naranjos Golf Club","url":"https:\/\/losnaranjos.com\/sv\/","logo":{"@type":"ImageObject","inLanguage":"sv-SE","@id":"https:\/\/losnaranjos.com\/sv\/#\/schema\/logo\/image\/","url":"https:\/\/losnaranjos.com\/wp-content\/uploads\/2021\/12\/logo-svgd.png","contentUrl":"https:\/\/losnaranjos.com\/wp-content\/uploads\/2021\/12\/logo-svgd.png","width":191,"height":50,"caption":"Los Naranjos Golf Club"},"image":{"@id":"https:\/\/losnaranjos.com\/sv\/#\/schema\/logo\/image\/"},"sameAs":["https:\/\/www.facebook.com\/losnaranjosgc\/","https:\/\/x.com\/LosNaranjosGC","https:\/\/instagram.com\/losnaranjosgc\/","https:\/\/es.linkedin.com\/company\/losnaranjosgc"]}]}},"_links":{"self":[{"href":"https:\/\/losnaranjos.com\/sv\/wp-json\/wp\/v2\/pages\/31702","targetHints":{"allow":["GET"]}}],"collection":[{"href":"https:\/\/losnaranjos.com\/sv\/wp-json\/wp\/v2\/pages"}],"about":[{"href":"https:\/\/losnaranjos.com\/sv\/wp-json\/wp\/v2\/types\/page"}],"author":[{"embeddable":true,"href":"https:\/\/losnaranjos.com\/sv\/wp-json\/wp\/v2\/users\/929"}],"replies":[{"embeddable":true,"href":"https:\/\/losnaranjos.com\/sv\/wp-json\/wp\/v2\/comments?post=31702"}],"version-history":[{"count":9,"href":"https:\/\/losnaranjos.com\/sv\/wp-json\/wp\/v2\/pages\/31702\/revisions"}],"predecessor-version":[{"id":32115,"href":"https:\/\/losnaranjos.com\/sv\/wp-json\/wp\/v2\/pages\/31702\/revisions\/32115"}],"wp:attachment":[{"href":"https:\/\/losnaranjos.com\/sv\/wp-json\/wp\/v2\/media?parent=31702"}],"curies":[{"name":"wp","href":"https:\/\/api.w.org\/{rel}","templated":true}]}}