{"id":27863,"date":"2023-07-17T14:20:27","date_gmt":"2023-07-17T14:20:27","guid":{"rendered":"https:\/\/losnaranjos.com\/bases-legales-sorteo\/"},"modified":"2023-07-17T14:20:27","modified_gmt":"2023-07-17T14:20:27","slug":"bases-legales-sorteo","status":"publish","type":"page","link":"https:\/\/losnaranjos.com\/sv\/bases-legales-sorteo\/","title":{"rendered":"Bases legales de participaci\u00f3n del sorteo de 5 d\u00edas de golf en Los Naranjos GC"},"content":{"rendered":"\n<p><strong>1.- EMPRESA ORGANIZADORA DE LA PROMOCI\u00d3N<\/strong><\/p>\n\n\n\n<p>La Empresa LOS NARANJOS CAMPO DE GOLF S.L. con domicilio en PLAZA CIBELES S\/N&nbsp; y n\u00famero identificativo B92298736 organiza con fines promocionales el sorteo (en adelante, \u201cla Promoci\u00f3n\u201d) de \u00e1mbito internacional, a desarrollar a trav\u00e9s de Internet, exclusivo para mayores de edad de acuerdo con lo dispuesto en el apartado de condiciones para participar.<\/p>\n\n\n\n<p><strong>2.- FECHA DE INICIO Y FECHA DE FINALIZACI\u00d3N<\/strong><\/p>\n\n\n\n<p>La Promoci\u00f3n se iniciar\u00e1 el d\u00eda 17 de julio de 2023 y finalizar\u00e1 el d\u00eda 30 de julio de 2023.<\/p>\n\n\n\n<p><strong>3.- REQUISITOS DE PARTICIPACI\u00d3N Y MEC\u00c1NICA DE LA PROMOCI\u00d3N<\/strong><\/p>\n\n\n\n<p>Es importante subrayar que la participaci\u00f3n en el sorteo supone la aceptaci\u00f3n incondicional y el respeto de lo dispuesto en las presentes Bases Legales.<\/p>\n\n\n\n<p>Los requisitos de participaci\u00f3n ser\u00e1n los siguientes:<\/p>\n\n\n\n<ul class=\"wp-block-list\">\n<li>Podr\u00e1n participar aquellas personas que sean mayores de 18 a\u00f1os.<\/li>\n\n\n\n<li>S\u00f3lo podr\u00e1n participar aquellos participantes que respondan al formulario en el plazo de tiempo acordado.<\/li>\n\n\n\n<li>Los datos personales con los que los participantes rellenen el formulario de inscripci\u00f3n deber\u00e1n ser datos veraces.<\/li>\n\n\n\n<li>Los Participantes s\u00f3lo podr\u00e1n inscribirse una vez en la presente promoci\u00f3n.<\/li>\n\n\n\n<li>La mec\u00e1nica de la Promoci\u00f3n consiste en sacar un ganador y 3 suplementes de manera totalmente aleatoria.<\/li>\n<\/ul>\n\n\n\n<p><strong>4.- CONDICIONES DE LA PROMOCI\u00d3N Y PREMIOS<\/strong><\/p>\n\n\n\n<p>Se elegir\u00e1 un &nbsp;ganador y tres suplentes a trav\u00e9s de un sorteo aleatorio y online el d\u00eda 31 de julio de 2023.<\/p>\n\n\n\n<p>La selecci\u00f3n de los ganadores y suplentes se realizar\u00e1 de forma aleatoria a trav\u00e9s de la plataforma Easypromos. Easypromos es una plataforma que garantiza la transparencia del resultado del sorteo y como prueba de ello emite un certificado de validez para cada uno de sus sorteos, cuyo resultado es inalterable por el organizador del sorteo, y que cualquier usuario participante puede solicitar al organizador.<\/p>\n\n\n\n<p>El ganador obtendr\u00e1 como premio 5 d\u00edas consecutivos de golf en Los Naranjos GC durante el mes de agosto de 2023.<\/p>\n\n\n\n<p>El ganador podr\u00e1 contactar con la Empresa durante el plazo de 5 d\u00edas a contar desde la fecha en la que se anuncie en el perfil social de la marca. En caso de que en el plazo estipulado no se produjese tal contacto se proceder\u00e1 a asignar otro ganador en base a los suplentes elegidos con anterioridad.<\/p>\n\n\n\n<p>La celebraci\u00f3n del sorteo, as\u00ed como la concesi\u00f3n del premio quedan sujetos a la normativa fiscal vigente.<\/p>\n\n\n\n<p><strong>5.- LIMITACIONES<\/strong><\/p>\n\n\n\n<p>Si se evidenciase que cualquiera de los participantes no cumple con los requisitos exigidos en las Bases, o los datos proporcionados para participar no fueran v\u00e1lidos, su participaci\u00f3n se considerar\u00e1 nula y quedar\u00e1n autom\u00e1ticamente excluidos de la Promoci\u00f3n, perdiendo todo derecho sobre los premios otorgados en virtud de esta Promoci\u00f3n.<\/p>\n\n\n\n<p>No podr\u00e1n participar en la Promoci\u00f3n las siguientes personas: (i) Los trabajadores por cuenta ajena empleados en cualquiera de las sociedades y otras entidades con personalidad jur\u00eddica vinculadas a LOS NARANJOS CAMPO DE GOLF S.L. (ii) Las personas f\u00edsicas que participen directa o indirectamente en el capital de LOS NARANJOS CAMPO DE GOLF S.L. (iii) Cualquier otra persona f\u00edsica que haya participado directa o indirectamente en la organizaci\u00f3n de este Concurso o haya estado involucrado directa o indirectamente en su preparaci\u00f3n o desarrollo (agencia, proveedores, etc.).<\/p>\n\n\n\n<p>El premio entregado no ser\u00e1 transferible ni susceptible de cambios, alteraciones o compensaciones a petici\u00f3n de los Participantes, no pudiendo ser canjeado por cualquier otro producto ni por dinero.<\/p>\n\n\n\n<p>LOS NARANJOS CAMPO DE GOLF S.L. se reserva el derecho, si concurre justa causa y previa comunicaci\u00f3n en legal forma, de efectuar cualquier cambio, suspender o ampliar esta Promoci\u00f3n.<\/p>\n\n\n\n<p>Correr\u00e1n a cuenta y cargo del ganador cualquier carga fiscal o tributaria que la aceptaci\u00f3n del premio pudiera suponerle, as\u00ed como cualquier otro gasto derivado de la promoci\u00f3n que no est\u00e9 expresamente asumido por LOS NARANJOS CAMPO DE GOLF S.L. en las presentes Bases Legales.<\/p>\n\n\n\n<p>Se establece un plazo de cinco (5) d\u00edas naturales desde la fecha de la concesi\u00f3n del premio, para efectuar cualquier reclamaci\u00f3n motivada. LOS NARANJOS CAMPO DE GOLF S.L. se reserva, en caso de obligada necesidad, el derecho de sustituir el premio por otro de similares caracter\u00edsticas.<\/p>\n\n\n\n<p><strong>6.- PUBLICACI\u00d3N DE COMENTARIOS U OPINIONES<\/strong><\/p>\n\n\n\n<p>No se permitir\u00e1n comentarios u opiniones cuyo contenido se considere inadecuado, que sean ofensivos, injuriosos o discriminatorios o que pudieran vulnerar derechos de terceros. Tampoco ser permitir\u00e1n comentarios contra un particular que vulneren los principios de derecho al honor, a la intimidad personal y familiar y a la propia imagen.&nbsp; No nos responsabilizaremos de los da\u00f1os ocasionados por los comentarios que hagan los participantes en la Promoci\u00f3n, y que en cualquier momento pudieran herir la sensibilidad de otros participantes.<\/p>\n\n\n\n<p>Cualquier intento de entorpecer el buen desarrollo del Concurso ya sea por intervenci\u00f3n humana o mediante un aut\u00f3mata dar\u00e1 lugar a la descalificaci\u00f3n inmediata del participante anul\u00e1ndose su candidatura.<\/p>\n\n\n\n<p><strong>7.- EXONERACI\u00d3N DE RESPONSABILIDAD<\/strong><\/p>\n\n\n\n<p>A t\u00edtulo enunciativo, pero no limitativo, no nos responsabilizamos a de las posibles p\u00e9rdidas, robos, retrasos o cualquiera otra circunstancia imputable a terceros que puedan afectar al desarrollo de la presente Promoci\u00f3n, as\u00ed como tampoco nos responsabilizamos a del uso que haga el participante respecto del premio que obtenga de esta Promoci\u00f3n, y no asume responsabilidad alguna por ning\u00fan da\u00f1o o perjuicio de cualquier tipo que pudieren sufrir los Participantes, ganador o terceros.<\/p>\n\n\n\n<p><a><\/a>No asumimos la responsabilidad en casos de fuerza mayor o caso fortuito que pudieran impedir la realizaci\u00f3n de la Promoci\u00f3n o el disfrute total o parcial del premio. En caso de que esta Promoci\u00f3n no pudiera realizarse, bien por fraudes detectados en la misma, errores t\u00e9cnicos, o cualquier otro motivo que no est\u00e9 bajo el control de LOS NARANJOS CAMPO DE GOLF S.L. y que afecte al normal desarrollo del Concurso, nos reservamos el derecho a cancelar, modificar, o suspender la misma, incluyendo la p\u00e1gina web de participaci\u00f3n.<\/p>\n\n\n\n<p><strong>8.- META<\/strong><\/p>\n\n\n\n<p>La promoci\u00f3n no est\u00e1 patrocinada, avalada, administrada ni asociada en modo alguno a META por lo que los Participantes liberan a Facebook de toda responsabilidad por los eventuales da\u00f1os que se deriven de la misma.<\/p>\n\n\n\n<p><strong>9.- PROTECCI\u00d3N DE DATOS PERSONALES<\/strong><\/p>\n\n\n\n<p><a><\/a>La Empresa responsable del tratamiento de sus datos es LOS NARANJOS CAMPO DE GOLF S.L. con domicilio en PLAZA CIBELES S\/N y n\u00famero identificativo B92298736.<\/p>\n\n\n\n<p>LOS NARANJOS CAMPO DE GOLF S.L. se toma muy en serio la protecci\u00f3n de su privacidad y de tus datos personales. Por lo tanto, tu informaci\u00f3n personal se conserva de forma segura y se trata con el m\u00e1ximo cuidado.<\/p>\n\n\n\n<p>De conformidad con lo establecido en la normativa aplicable en materia de protecci\u00f3n de datos, y concretamente en el Reglamento (UE) 2016\/679 del Parlamento Europeo y del Consejo, de 27 de abril de 2016, relativo a la protecci\u00f3n de las personas f\u00edsicas en lo que respecta al tratamiento de datos personales y a la libre circulaci\u00f3n de estos datos, cada Participante, con la aceptaci\u00f3n de estas Bases Legales consiente que los datos personales facilitados para la participaci\u00f3n en este concurso sean incorporados a un fichero titularidad de LOS NARANJOS CAMPO DE GOLF S.L. para tramitar la participaci\u00f3n en el concurso y para comunicarle el premio en caso de que resultase Ganador.<\/p>\n\n\n\n<p>Le informamos de que sus datos personales de contacto ser\u00e1n utilizados para las siguientes finalidades:<\/p>\n\n\n\n<p>Los Participantes garantizan que los datos personales facilitados son veraces y se hacen responsables de comunicar a LOS NARANJOS CAMPO DE GOLF S.L. cualquier modificaci\u00f3n de los mismos. LOS NARANJOS CAMPO DE GOLF S.L. se reserva el derecho a excluir de la presente promoci\u00f3n a todo Participante que haya facilitado datos falsos. Se recomienda tener la m\u00e1xima diligencia en materia de Protecci\u00f3n de Datos mediante la utilizaci\u00f3n de herramientas de seguridad, no pudi\u00e9ndose responsabilizar a LOS NARANJOS CAMPO DE GOLF S.L. de sustracciones, modificaciones o p\u00e9rdidas de datos il\u00edcitas.<\/p>\n\n\n\n<p>Los Participantes tienen derecho a (i) acceder a sus datos personales, as\u00ed como a (ii) solicitar la rectificaci\u00f3n de los datos inexactos o, en su caso, solicitar su supresi\u00f3n, (iii) solicitar la limitaci\u00f3n del tratamiento de sus datos, (iv) oponerse al tratamiento de sus datos y (v) solicitar su portabilidad. Los Participantes pueden ejercer todos estos derechos en la siguiente direcci\u00f3n de email digital@losnaranjos.com&nbsp; indicando, el motivo de su petici\u00f3n.<\/p>\n\n\n\n<p>Los Participantes pueden tambi\u00e9n, enviar su petici\u00f3n por correo ordinario a la siguiente direcci\u00f3n: Plaza Cibeles, s\/n. 29660 Nueva Andaluc\u00eda, Marbella. Espa\u00f1a.<\/p>\n\n\n\n<p><a><\/a>Sin perjuicio de cualquier otro recurso administrativo o acci\u00f3n judicial, el Participante tendr\u00e1 derecho a presentar una reclamaci\u00f3n ante una Autoridad de Control, en particular en el Estado miembro en el que tenga su residencia habitual, lugar de trabajo o lugar de la supuesta infracci\u00f3n, en caso de que considere que el tratamiento de sus datos personales no es adecuado a la normativa, as\u00ed como en el caso de no ver satisfecho el ejercicio de sus derechos.<\/p>\n\n\n\n<p>La Autoridad de Control ante la que se haya presentado la reclamaci\u00f3n informar\u00e1 al reclamante sobre el curso y el resultado de la reclamaci\u00f3n.<\/p>\n\n\n\n<p>Para m\u00e1s informaci\u00f3n, puedes consultar la pol\u00edtica de privacidad de LOS NARANJOS CAMPO DE GOLF S.L. a trav\u00e9s del siguiente enlace: <a href=\"https:\/\/losnaranjos.com\/sv\/integritetspolicy\/\">pol\u00edtica de privacidad<\/a>. <\/p>\n\n\n\n<p><strong>10.- CAMBIOS<\/strong><\/p>\n\n\n\n<p>Nos reservamos el derecho de modificar o ampliar estas bases promocionales, en la medida que no perjudique o menoscabe los derechos de los participantes en la Promoci\u00f3n.<\/p>\n\n\n\n<p><strong>11.- LEGISLACI\u00d3N APLICABLE Y JURISDICCI\u00d3N<\/strong><\/p>\n\n\n\n<p>Estas bases legales se regir\u00e1n de conformidad con la Ley Org\u00e1nica 3\/2018, de 5 de diciembre, de Protecci\u00f3n de Datos Personales y garant\u00eda de los derechos digitales (LOPDGDD). Ser\u00e1n competentes para resolver cualquier reclamaci\u00f3n o controversia que pudiera plantearse en relaci\u00f3n con la validez, interpretaci\u00f3n o cumplimiento de estas bases los Juzgados y Tribunales de la ciudad del Participante.<\/p>\n","protected":false},"excerpt":{"rendered":"<p>1.- EMPRESA ORGANIZADORA DE LA PROMOCI\u00d3N La Empresa LOS NARANJOS CAMPO DE GOLF S.L. con domicilio en PLAZA CIBELES S\/N&nbsp; y n\u00famero identificativo B92298736 organiza con fines promocionales el sorteo (en adelante, \u201cla Promoci\u00f3n\u201d) de \u00e1mbito internacional, a desarrollar a trav\u00e9s de Internet, exclusivo para mayores de edad de acuerdo con lo dispuesto en el [&hellip;]<\/p>\n","protected":false},"author":929,"featured_media":0,"parent":0,"menu_order":0,"comment_status":"closed","ping_status":"closed","template":"","meta":{"_acf_changed":false,"site-sidebar-layout":"default","site-content-layout":"","ast-site-content-layout":"default","site-content-style":"default","site-sidebar-style":"default","ast-global-header-display":"","ast-banner-title-visibility":"","ast-main-header-display":"","ast-hfb-above-header-display":"","ast-hfb-below-header-display":"","ast-hfb-mobile-header-display":"","site-post-title":"","ast-breadcrumbs-content":"","ast-featured-img":"","footer-sml-layout":"","ast-disable-related-posts":"","theme-transparent-header-meta":"","adv-header-id-meta":"","stick-header-meta":"","header-above-stick-meta":"","header-main-stick-meta":"","header-below-stick-meta":"","astra-migrate-meta-layouts":"default","ast-page-background-enabled":"default","ast-page-background-meta":{"desktop":{"background-color":"","background-image":"","background-repeat":"repeat","background-position":"center center","background-size":"auto","background-attachment":"scroll","background-type":"","background-media":"","overlay-type":"","overlay-color":"","overlay-opacity":"","overlay-gradient":""},"tablet":{"background-color":"","background-image":"","background-repeat":"repeat","background-position":"center center","background-size":"auto","background-attachment":"scroll","background-type":"","background-media":"","overlay-type":"","overlay-color":"","overlay-opacity":"","overlay-gradient":""},"mobile":{"background-color":"","background-image":"","background-repeat":"repeat","background-position":"center center","background-size":"auto","background-attachment":"scroll","background-type":"","background-media":"","overlay-type":"","overlay-color":"","overlay-opacity":"","overlay-gradient":""}},"ast-content-background-meta":{"desktop":{"background-color":"var(--ast-global-color-5)","background-image":"","background-repeat":"repeat","background-position":"center center","background-size":"auto","background-attachment":"scroll","background-type":"","background-media":"","overlay-type":"","overlay-color":"","overlay-opacity":"","overlay-gradient":""},"tablet":{"background-color":"var(--ast-global-color-5)","background-image":"","background-repeat":"repeat","background-position":"center center","background-size":"auto","background-attachment":"scroll","background-type":"","background-media":"","overlay-type":"","overlay-color":"","overlay-opacity":"","overlay-gradient":""},"mobile":{"background-color":"var(--ast-global-color-5)","background-image":"","background-repeat":"repeat","background-position":"center center","background-size":"auto","background-attachment":"scroll","background-type":"","background-media":"","overlay-type":"","overlay-color":"","overlay-opacity":"","overlay-gradient":""}},"footnotes":""},"class_list":["post-27863","page","type-page","status-publish","hentry"],"acf":[],"yoast_head":"<!-- This site is optimized with the Yoast SEO plugin v27.3 - https:\/\/yoast.com\/product\/yoast-seo-wordpress\/ -->\n<title>Bases legales de participaci\u00f3n del sorteo de 5 d\u00edas de golf en Los Naranjos GC - Los Naranjos Golf<\/title>\n<meta name=\"robots\" content=\"index, follow, max-snippet:-1, max-image-preview:large, max-video-preview:-1\" \/>\n<link rel=\"canonical\" href=\"https:\/\/losnaranjos.com\/sv\/bases-legales-sorteo\/\" \/>\n<meta property=\"og:locale\" content=\"sv_SE\" \/>\n<meta property=\"og:type\" content=\"article\" \/>\n<meta property=\"og:title\" content=\"Bases legales de participaci\u00f3n del sorteo de 5 d\u00edas de golf en Los Naranjos GC - Los Naranjos Golf\" \/>\n<meta property=\"og:description\" content=\"1.- EMPRESA ORGANIZADORA DE LA PROMOCI\u00d3N La Empresa LOS NARANJOS CAMPO DE GOLF S.L. con domicilio en PLAZA CIBELES S\/N&nbsp; y n\u00famero identificativo B92298736 organiza con fines promocionales el sorteo (en adelante, \u201cla Promoci\u00f3n\u201d) de \u00e1mbito internacional, a desarrollar a trav\u00e9s de Internet, exclusivo para mayores de edad de acuerdo con lo dispuesto en el [&hellip;]\" \/>\n<meta property=\"og:url\" content=\"https:\/\/losnaranjos.com\/sv\/bases-legales-sorteo\/\" \/>\n<meta property=\"og:site_name\" content=\"Los Naranjos Golf\" \/>\n<meta property=\"article:publisher\" content=\"https:\/\/www.facebook.com\/losnaranjosgc\/\" \/>\n<meta name=\"twitter:card\" content=\"summary_large_image\" \/>\n<meta name=\"twitter:site\" content=\"@LosNaranjosGC\" \/>\n<meta name=\"twitter:label1\" content=\"Ber\u00e4knad l\u00e4stid\" \/>\n\t<meta name=\"twitter:data1\" content=\"9 minuter\" \/>\n<script type=\"application\/ld+json\" class=\"yoast-schema-graph\">{\"@context\":\"https:\\\/\\\/schema.org\",\"@graph\":[{\"@type\":\"WebPage\",\"@id\":\"https:\\\/\\\/losnaranjos.com\\\/sv\\\/bases-legales-sorteo\\\/\",\"url\":\"https:\\\/\\\/losnaranjos.com\\\/sv\\\/bases-legales-sorteo\\\/\",\"name\":\"Bases legales de participaci\u00f3n del sorteo de 5 d\u00edas de golf en Los Naranjos GC - Los Naranjos Golf\",\"isPartOf\":{\"@id\":\"https:\\\/\\\/losnaranjos.com\\\/sv\\\/#website\"},\"datePublished\":\"2023-07-17T14:20:27+00:00\",\"breadcrumb\":{\"@id\":\"https:\\\/\\\/losnaranjos.com\\\/sv\\\/bases-legales-sorteo\\\/#breadcrumb\"},\"inLanguage\":\"sv-SE\",\"potentialAction\":[{\"@type\":\"ReadAction\",\"target\":[\"https:\\\/\\\/losnaranjos.com\\\/sv\\\/bases-legales-sorteo\\\/\"]}]},{\"@type\":\"BreadcrumbList\",\"@id\":\"https:\\\/\\\/losnaranjos.com\\\/sv\\\/bases-legales-sorteo\\\/#breadcrumb\",\"itemListElement\":[{\"@type\":\"ListItem\",\"position\":1,\"name\":\"Home\",\"item\":\"https:\\\/\\\/losnaranjos.com\\\/\"},{\"@type\":\"ListItem\",\"position\":2,\"name\":\"Bases legales de participaci\u00f3n del sorteo de 5 d\u00edas de golf en Los Naranjos GC\"}]},{\"@type\":\"WebSite\",\"@id\":\"https:\\\/\\\/losnaranjos.com\\\/sv\\\/#website\",\"url\":\"https:\\\/\\\/losnaranjos.com\\\/sv\\\/\",\"name\":\"Los Naranjos Golf Club\",\"description\":\"Marbella - Costa del Sol - Golf\",\"publisher\":{\"@id\":\"https:\\\/\\\/losnaranjos.com\\\/sv\\\/#organization\"},\"potentialAction\":[{\"@type\":\"SearchAction\",\"target\":{\"@type\":\"EntryPoint\",\"urlTemplate\":\"https:\\\/\\\/losnaranjos.com\\\/sv\\\/?s={search_term_string}\"},\"query-input\":{\"@type\":\"PropertyValueSpecification\",\"valueRequired\":true,\"valueName\":\"search_term_string\"}}],\"inLanguage\":\"sv-SE\"},{\"@type\":\"Organization\",\"@id\":\"https:\\\/\\\/losnaranjos.com\\\/sv\\\/#organization\",\"name\":\"Los Naranjos Golf Club\",\"url\":\"https:\\\/\\\/losnaranjos.com\\\/sv\\\/\",\"logo\":{\"@type\":\"ImageObject\",\"inLanguage\":\"sv-SE\",\"@id\":\"https:\\\/\\\/losnaranjos.com\\\/sv\\\/#\\\/schema\\\/logo\\\/image\\\/\",\"url\":\"https:\\\/\\\/losnaranjos.com\\\/wp-content\\\/uploads\\\/2021\\\/12\\\/logo-svgd.png\",\"contentUrl\":\"https:\\\/\\\/losnaranjos.com\\\/wp-content\\\/uploads\\\/2021\\\/12\\\/logo-svgd.png\",\"width\":191,\"height\":50,\"caption\":\"Los Naranjos Golf Club\"},\"image\":{\"@id\":\"https:\\\/\\\/losnaranjos.com\\\/sv\\\/#\\\/schema\\\/logo\\\/image\\\/\"},\"sameAs\":[\"https:\\\/\\\/www.facebook.com\\\/losnaranjosgc\\\/\",\"https:\\\/\\\/x.com\\\/LosNaranjosGC\",\"https:\\\/\\\/instagram.com\\\/losnaranjosgc\\\/\",\"https:\\\/\\\/es.linkedin.com\\\/company\\\/losnaranjosgc\"]}]}<\/script>\n<!-- \/ Yoast SEO plugin. -->","yoast_head_json":{"title":"Bases legales de participaci\u00f3n del sorteo de 5 d\u00edas de golf en Los Naranjos GC - Los Naranjos Golf","robots":{"index":"index","follow":"follow","max-snippet":"max-snippet:-1","max-image-preview":"max-image-preview:large","max-video-preview":"max-video-preview:-1"},"canonical":"https:\/\/losnaranjos.com\/sv\/bases-legales-sorteo\/","og_locale":"sv_SE","og_type":"article","og_title":"Bases legales de participaci\u00f3n del sorteo de 5 d\u00edas de golf en Los Naranjos GC - Los Naranjos Golf","og_description":"1.- EMPRESA ORGANIZADORA DE LA PROMOCI\u00d3N La Empresa LOS NARANJOS CAMPO DE GOLF S.L. con domicilio en PLAZA CIBELES S\/N&nbsp; y n\u00famero identificativo B92298736 organiza con fines promocionales el sorteo (en adelante, \u201cla Promoci\u00f3n\u201d) de \u00e1mbito internacional, a desarrollar a trav\u00e9s de Internet, exclusivo para mayores de edad de acuerdo con lo dispuesto en el [&hellip;]","og_url":"https:\/\/losnaranjos.com\/sv\/bases-legales-sorteo\/","og_site_name":"Los Naranjos Golf","article_publisher":"https:\/\/www.facebook.com\/losnaranjosgc\/","twitter_card":"summary_large_image","twitter_site":"@LosNaranjosGC","twitter_misc":{"Ber\u00e4knad l\u00e4stid":"9 minuter"},"schema":{"@context":"https:\/\/schema.org","@graph":[{"@type":"WebPage","@id":"https:\/\/losnaranjos.com\/sv\/bases-legales-sorteo\/","url":"https:\/\/losnaranjos.com\/sv\/bases-legales-sorteo\/","name":"Bases legales de participaci\u00f3n del sorteo de 5 d\u00edas de golf en Los Naranjos GC - Los Naranjos Golf","isPartOf":{"@id":"https:\/\/losnaranjos.com\/sv\/#website"},"datePublished":"2023-07-17T14:20:27+00:00","breadcrumb":{"@id":"https:\/\/losnaranjos.com\/sv\/bases-legales-sorteo\/#breadcrumb"},"inLanguage":"sv-SE","potentialAction":[{"@type":"ReadAction","target":["https:\/\/losnaranjos.com\/sv\/bases-legales-sorteo\/"]}]},{"@type":"BreadcrumbList","@id":"https:\/\/losnaranjos.com\/sv\/bases-legales-sorteo\/#breadcrumb","itemListElement":[{"@type":"ListItem","position":1,"name":"Home","item":"https:\/\/losnaranjos.com\/"},{"@type":"ListItem","position":2,"name":"Bases legales de participaci\u00f3n del sorteo de 5 d\u00edas de golf en Los Naranjos GC"}]},{"@type":"WebSite","@id":"https:\/\/losnaranjos.com\/sv\/#website","url":"https:\/\/losnaranjos.com\/sv\/","name":"Los Naranjos Golf Club","description":"Marbella - Costa del Sol - Golf","publisher":{"@id":"https:\/\/losnaranjos.com\/sv\/#organization"},"potentialAction":[{"@type":"SearchAction","target":{"@type":"EntryPoint","urlTemplate":"https:\/\/losnaranjos.com\/sv\/?s={search_term_string}"},"query-input":{"@type":"PropertyValueSpecification","valueRequired":true,"valueName":"search_term_string"}}],"inLanguage":"sv-SE"},{"@type":"Organization","@id":"https:\/\/losnaranjos.com\/sv\/#organization","name":"Los Naranjos Golf Club","url":"https:\/\/losnaranjos.com\/sv\/","logo":{"@type":"ImageObject","inLanguage":"sv-SE","@id":"https:\/\/losnaranjos.com\/sv\/#\/schema\/logo\/image\/","url":"https:\/\/losnaranjos.com\/wp-content\/uploads\/2021\/12\/logo-svgd.png","contentUrl":"https:\/\/losnaranjos.com\/wp-content\/uploads\/2021\/12\/logo-svgd.png","width":191,"height":50,"caption":"Los Naranjos Golf Club"},"image":{"@id":"https:\/\/losnaranjos.com\/sv\/#\/schema\/logo\/image\/"},"sameAs":["https:\/\/www.facebook.com\/losnaranjosgc\/","https:\/\/x.com\/LosNaranjosGC","https:\/\/instagram.com\/losnaranjosgc\/","https:\/\/es.linkedin.com\/company\/losnaranjosgc"]}]}},"_links":{"self":[{"href":"https:\/\/losnaranjos.com\/sv\/wp-json\/wp\/v2\/pages\/27863","targetHints":{"allow":["GET"]}}],"collection":[{"href":"https:\/\/losnaranjos.com\/sv\/wp-json\/wp\/v2\/pages"}],"about":[{"href":"https:\/\/losnaranjos.com\/sv\/wp-json\/wp\/v2\/types\/page"}],"author":[{"embeddable":true,"href":"https:\/\/losnaranjos.com\/sv\/wp-json\/wp\/v2\/users\/929"}],"replies":[{"embeddable":true,"href":"https:\/\/losnaranjos.com\/sv\/wp-json\/wp\/v2\/comments?post=27863"}],"version-history":[{"count":0,"href":"https:\/\/losnaranjos.com\/sv\/wp-json\/wp\/v2\/pages\/27863\/revisions"}],"wp:attachment":[{"href":"https:\/\/losnaranjos.com\/sv\/wp-json\/wp\/v2\/media?parent=27863"}],"curies":[{"name":"wp","href":"https:\/\/api.w.org\/{rel}","templated":true}]}}