{"id":23331,"date":"2022-08-17T13:33:31","date_gmt":"2022-08-17T13:33:31","guid":{"rendered":"https:\/\/losnaranjos.com\/?page_id=23331"},"modified":"2023-06-30T14:10:13","modified_gmt":"2023-06-30T14:10:13","slug":"juridisk-varning","status":"publish","type":"page","link":"https:\/\/losnaranjos.com\/sv\/juridisk-varning\/","title":{"rendered":"Juridisk varning"},"content":{"rendered":"\t\t<div data-elementor-type=\"wp-page\" data-elementor-id=\"23331\" class=\"elementor elementor-23331\" data-elementor-post-type=\"page\">\n\t\t\t\t\t\t<section class=\"elementor-section elementor-top-section elementor-element elementor-element-a256f9c elementor-section-full_width elementor-section-height-min-height elementor-section-height-default elementor-section-items-middle\" data-id=\"a256f9c\" data-element_type=\"section\" data-e-type=\"section\" data-settings=\"{&quot;background_background&quot;:&quot;classic&quot;}\">\n\t\t\t\t\t\t\t<div class=\"elementor-background-overlay\"><\/div>\n\t\t\t\t\t\t\t<div class=\"elementor-container elementor-column-gap-default\">\n\t\t\t\t\t<div class=\"elementor-column elementor-col-100 elementor-top-column elementor-element elementor-element-e2da0c0\" data-id=\"e2da0c0\" data-element_type=\"column\" data-e-type=\"column\" data-settings=\"{&quot;background_background&quot;:&quot;classic&quot;}\">\n\t\t\t<div class=\"elementor-widget-wrap elementor-element-populated\">\n\t\t\t\t\t\t<div class=\"elementor-element elementor-element-f2554f6 elementor-widget elementor-widget-heading\" data-id=\"f2554f6\" data-element_type=\"widget\" data-e-type=\"widget\" data-widget_type=\"heading.default\">\n\t\t\t\t<div class=\"elementor-widget-container\">\n\t\t\t\t\t<h3 class=\"elementor-heading-title elementor-size-default\">LOKALA REGLER<\/h3>\t\t\t\t<\/div>\n\t\t\t\t<\/div>\n\t\t\t\t<div class=\"elementor-element elementor-element-b8299b5 elementor-widget-divider--view-line elementor-widget elementor-widget-divider\" data-id=\"b8299b5\" data-element_type=\"widget\" data-e-type=\"widget\" data-widget_type=\"divider.default\">\n\t\t\t\t<div class=\"elementor-widget-container\">\n\t\t\t\t\t\t\t<div class=\"elementor-divider\">\n\t\t\t<span class=\"elementor-divider-separator\">\n\t\t\t\t\t\t<\/span>\n\t\t<\/div>\n\t\t\t\t\t\t<\/div>\n\t\t\t\t<\/div>\n\t\t\t\t\t<\/div>\n\t\t<\/div>\n\t\t\t\t\t<\/div>\n\t\t<\/section>\n\t\t\t\t<section class=\"elementor-section elementor-top-section elementor-element elementor-element-7361136 elementor-section-content-middle seccion-10 elementor-section-boxed elementor-section-height-default elementor-section-height-default\" data-id=\"7361136\" data-element_type=\"section\" data-e-type=\"section\" data-settings=\"{&quot;background_background&quot;:&quot;classic&quot;}\">\n\t\t\t\t\t\t\t<div class=\"elementor-background-overlay\"><\/div>\n\t\t\t\t\t\t\t<div class=\"elementor-container elementor-column-gap-default\">\n\t\t\t\t\t<div class=\"elementor-column elementor-col-100 elementor-top-column elementor-element elementor-element-4a68219\" data-id=\"4a68219\" data-element_type=\"column\" data-e-type=\"column\">\n\t\t\t<div class=\"elementor-widget-wrap elementor-element-populated\">\n\t\t\t\t\t\t<div class=\"elementor-element elementor-element-5f5978c elementor-widget elementor-widget-text-editor\" data-id=\"5f5978c\" data-element_type=\"widget\" data-e-type=\"widget\" data-widget_type=\"text-editor.default\">\n\t\t\t\t<div class=\"elementor-widget-container\">\n\t\t\t\t\t\t\t\t\t<p><strong>1.- UTANF\u00d6R BOUNDARY &#8211; F\u00d6RLOREN BOLL:<\/strong> Banans gr\u00e4nser avgr\u00e4nsas av murar, staket, vita staketlinjer, driving range, klubbhuset och parkeringen. Spelaren har 1 alternativ: Spela om fr\u00e5n den plats d\u00e4r slaget ursprungligen slogs med 1 straffslag.<\/p><p><strong>2.- INAMOVABLE OBSTRUCTIONS (Regel 16):<\/strong> Asfalterade eller betongbelagda stigar och v\u00e4gar, rabatter, skydd av unga tr\u00e4d, sprinklers och anlagda omr\u00e5den.<\/p><p><strong>3.- GRUND I REPARATION:<\/strong> Alla omr\u00e5den som avgr\u00e4nsas av pinnar eller bl\u00e5 linjer. F\u00e5r avlastas i raugh i omr\u00e5den som har reparerats eller skurits f\u00f6r dr\u00e4nering.<\/p><p><strong>4.- AVTALSM\u00c4TNINGSANORDNINGAR (regel 4):<\/strong> En spelare f\u00e5r f\u00e5 distansinformation med hj\u00e4lp av en distansm\u00e4tningsanordning, aldrig oj\u00e4mnheter.<\/p><p><strong>5.- STENAR I BUNKER (Regel 15):<\/strong> Stenar, l\u00f6v och fr\u00f6n i bunkrar \u00e4r l\u00f6sa faror.<\/p><p><strong>6.- PENALTY AREAS (Regel 17):<\/strong> Broarna p\u00e5 h\u00e5len 3, 4, 5, 6 och 18 \u00e4r en del av floden och kommer att spelas som ett straffomr\u00e5de.<\/p><p>\u00a0<\/p><p><strong>OBS!<\/strong><\/p><ol><li>Om du har ett problem med reglerna och det inte kan l\u00f6sas, spela tv\u00e5 bollar och ett beslut kommer att fattas tillsammans med t\u00e4vlingskommitt\u00e9n innan du skriver under kortet.<\/li><\/ol>\t\t\t\t\t\t\t\t<\/div>\n\t\t\t\t<\/div>\n\t\t\t\t\t<\/div>\n\t\t<\/div>\n\t\t\t\t\t<\/div>\n\t\t<\/section>\n\t\t\t\t<\/div>\n\t\t","protected":false},"excerpt":{"rendered":"<p>LOKALA REGLER 1.- UTANF\u00d6R BOUNDARY &#8211; F\u00d6RLOREN BOLL: Banans gr\u00e4nser avgr\u00e4nsas av murar, staket, vita staketlinjer, driving range, klubbhuset och parkeringen. Spelaren har 1 alternativ: Spela om fr\u00e5n den plats d\u00e4r slaget ursprungligen slogs med 1 straffslag. 2.- INAMOVABLE OBSTRUCTIONS (Regel 16): Asfalterade eller betongbelagda stigar och v\u00e4gar, rabatter, skydd av unga tr\u00e4d, sprinklers och [&hellip;]<\/p>\n","protected":false},"author":313,"featured_media":22434,"parent":0,"menu_order":0,"comment_status":"closed","ping_status":"closed","template":"","meta":{"_acf_changed":false,"site-sidebar-layout":"no-sidebar","site-content-layout":"page-builder","ast-site-content-layout":"default","site-content-style":"default","site-sidebar-style":"default","ast-global-header-display":"","ast-banner-title-visibility":"","ast-main-header-display":"","ast-hfb-above-header-display":"","ast-hfb-below-header-display":"","ast-hfb-mobile-header-display":"","site-post-title":"disabled","ast-breadcrumbs-content":"","ast-featured-img":"disabled","footer-sml-layout":"","ast-disable-related-posts":"","theme-transparent-header-meta":"enabled","adv-header-id-meta":"","stick-header-meta":"","header-above-stick-meta":"","header-main-stick-meta":"","header-below-stick-meta":"","astra-migrate-meta-layouts":"default","ast-page-background-enabled":"default","ast-page-background-meta":{"desktop":{"background-color":"","background-image":"","background-repeat":"repeat","background-position":"center center","background-size":"auto","background-attachment":"scroll","background-type":"","background-media":"","overlay-type":"","overlay-color":"","overlay-opacity":"","overlay-gradient":""},"tablet":{"background-color":"","background-image":"","background-repeat":"repeat","background-position":"center center","background-size":"auto","background-attachment":"scroll","background-type":"","background-media":"","overlay-type":"","overlay-color":"","overlay-opacity":"","overlay-gradient":""},"mobile":{"background-color":"","background-image":"","background-repeat":"repeat","background-position":"center center","background-size":"auto","background-attachment":"scroll","background-type":"","background-media":"","overlay-type":"","overlay-color":"","overlay-opacity":"","overlay-gradient":""}},"ast-content-background-meta":{"desktop":{"background-color":"var(--ast-global-color-5)","background-image":"","background-repeat":"repeat","background-position":"center center","background-size":"auto","background-attachment":"scroll","background-type":"","background-media":"","overlay-type":"","overlay-color":"","overlay-opacity":"","overlay-gradient":""},"tablet":{"background-color":"var(--ast-global-color-5)","background-image":"","background-repeat":"repeat","background-position":"center center","background-size":"auto","background-attachment":"scroll","background-type":"","background-media":"","overlay-type":"","overlay-color":"","overlay-opacity":"","overlay-gradient":""},"mobile":{"background-color":"var(--ast-global-color-5)","background-image":"","background-repeat":"repeat","background-position":"center center","background-size":"auto","background-attachment":"scroll","background-type":"","background-media":"","overlay-type":"","overlay-color":"","overlay-opacity":"","overlay-gradient":""}},"footnotes":""},"class_list":["post-23331","page","type-page","status-publish","has-post-thumbnail","hentry"],"acf":[],"yoast_head":"<!-- This site is optimized with the Yoast SEO plugin v27.3 - https:\/\/yoast.com\/product\/yoast-seo-wordpress\/ -->\n<title>Juridisk varning - Los Naranjos Golf<\/title>\n<meta name=\"description\" content=\"Att k\u00e4nna till de lokala reglerna p\u00e5 Los Naranjos GC h\u00e5ller dig informerad och ser till att du f\u00e5r ut det mesta av din golfrunda i Marbella.\" \/>\n<meta name=\"robots\" content=\"index, follow, max-snippet:-1, max-image-preview:large, max-video-preview:-1\" \/>\n<link rel=\"canonical\" href=\"https:\/\/losnaranjos.com\/sv\/juridisk-varning\/\" \/>\n<meta property=\"og:locale\" content=\"sv_SE\" \/>\n<meta property=\"og:type\" content=\"article\" \/>\n<meta property=\"og:title\" content=\"Juridisk varning - Los Naranjos Golf\" \/>\n<meta property=\"og:description\" content=\"Att k\u00e4nna till de lokala reglerna p\u00e5 Los Naranjos GC h\u00e5ller dig informerad och ser till att du f\u00e5r ut det mesta av din golfrunda i Marbella.\" \/>\n<meta property=\"og:url\" content=\"https:\/\/losnaranjos.com\/sv\/juridisk-varning\/\" \/>\n<meta property=\"og:site_name\" content=\"Los Naranjos Golf\" \/>\n<meta property=\"article:publisher\" content=\"https:\/\/www.facebook.com\/losnaranjosgc\/\" \/>\n<meta property=\"article:modified_time\" content=\"2023-06-30T14:10:13+00:00\" \/>\n<meta property=\"og:image\" content=\"https:\/\/losnaranjos.com\/wp-content\/uploads\/2022\/06\/006_LosNaranjos_JacobSjoman_16BITS_V5.webp\" \/>\n\t<meta property=\"og:image:width\" content=\"1476\" \/>\n\t<meta property=\"og:image:height\" content=\"984\" \/>\n\t<meta property=\"og:image:type\" content=\"image\/webp\" \/>\n<meta name=\"twitter:card\" content=\"summary_large_image\" \/>\n<meta name=\"twitter:site\" content=\"@LosNaranjosGC\" \/>\n<meta name=\"twitter:label1\" content=\"Ber\u00e4knad l\u00e4stid\" \/>\n\t<meta name=\"twitter:data1\" content=\"3 minuter\" \/>\n<script type=\"application\/ld+json\" class=\"yoast-schema-graph\">{\"@context\":\"https:\\\/\\\/schema.org\",\"@graph\":[{\"@type\":\"WebPage\",\"@id\":\"https:\\\/\\\/losnaranjos.com\\\/sv\\\/juridisk-varning\\\/\",\"url\":\"https:\\\/\\\/losnaranjos.com\\\/sv\\\/juridisk-varning\\\/\",\"name\":\"Juridisk varning - Los Naranjos Golf\",\"isPartOf\":{\"@id\":\"https:\\\/\\\/losnaranjos.com\\\/sv\\\/#website\"},\"primaryImageOfPage\":{\"@id\":\"https:\\\/\\\/losnaranjos.com\\\/sv\\\/juridisk-varning\\\/#primaryimage\"},\"image\":{\"@id\":\"https:\\\/\\\/losnaranjos.com\\\/sv\\\/juridisk-varning\\\/#primaryimage\"},\"thumbnailUrl\":\"https:\\\/\\\/losnaranjos.com\\\/wp-content\\\/uploads\\\/2022\\\/06\\\/006_LosNaranjos_JacobSjoman_16BITS_V5.webp\",\"datePublished\":\"2022-08-17T13:33:31+00:00\",\"dateModified\":\"2023-06-30T14:10:13+00:00\",\"description\":\"Att k\u00e4nna till de lokala reglerna p\u00e5 Los Naranjos GC h\u00e5ller dig informerad och ser till att du f\u00e5r ut det mesta av din golfrunda i Marbella.\",\"breadcrumb\":{\"@id\":\"https:\\\/\\\/losnaranjos.com\\\/sv\\\/juridisk-varning\\\/#breadcrumb\"},\"inLanguage\":\"sv-SE\",\"potentialAction\":[{\"@type\":\"ReadAction\",\"target\":[\"https:\\\/\\\/losnaranjos.com\\\/sv\\\/juridisk-varning\\\/\"]}]},{\"@type\":\"ImageObject\",\"inLanguage\":\"sv-SE\",\"@id\":\"https:\\\/\\\/losnaranjos.com\\\/sv\\\/juridisk-varning\\\/#primaryimage\",\"url\":\"https:\\\/\\\/losnaranjos.com\\\/wp-content\\\/uploads\\\/2022\\\/06\\\/006_LosNaranjos_JacobSjoman_16BITS_V5.webp\",\"contentUrl\":\"https:\\\/\\\/losnaranjos.com\\\/wp-content\\\/uploads\\\/2022\\\/06\\\/006_LosNaranjos_JacobSjoman_16BITS_V5.webp\",\"width\":1476,\"height\":984,\"caption\":\"LosNaranjos_JacobSjoman\"},{\"@type\":\"BreadcrumbList\",\"@id\":\"https:\\\/\\\/losnaranjos.com\\\/sv\\\/juridisk-varning\\\/#breadcrumb\",\"itemListElement\":[{\"@type\":\"ListItem\",\"position\":1,\"name\":\"Home\",\"item\":\"https:\\\/\\\/losnaranjos.com\\\/\"},{\"@type\":\"ListItem\",\"position\":2,\"name\":\"Juridisk varning\"}]},{\"@type\":\"WebSite\",\"@id\":\"https:\\\/\\\/losnaranjos.com\\\/sv\\\/#website\",\"url\":\"https:\\\/\\\/losnaranjos.com\\\/sv\\\/\",\"name\":\"Los Naranjos Golf Club\",\"description\":\"Marbella - Costa del Sol - Golf\",\"publisher\":{\"@id\":\"https:\\\/\\\/losnaranjos.com\\\/sv\\\/#organization\"},\"potentialAction\":[{\"@type\":\"SearchAction\",\"target\":{\"@type\":\"EntryPoint\",\"urlTemplate\":\"https:\\\/\\\/losnaranjos.com\\\/sv\\\/?s={search_term_string}\"},\"query-input\":{\"@type\":\"PropertyValueSpecification\",\"valueRequired\":true,\"valueName\":\"search_term_string\"}}],\"inLanguage\":\"sv-SE\"},{\"@type\":\"Organization\",\"@id\":\"https:\\\/\\\/losnaranjos.com\\\/sv\\\/#organization\",\"name\":\"Los Naranjos Golf Club\",\"url\":\"https:\\\/\\\/losnaranjos.com\\\/sv\\\/\",\"logo\":{\"@type\":\"ImageObject\",\"inLanguage\":\"sv-SE\",\"@id\":\"https:\\\/\\\/losnaranjos.com\\\/sv\\\/#\\\/schema\\\/logo\\\/image\\\/\",\"url\":\"https:\\\/\\\/losnaranjos.com\\\/wp-content\\\/uploads\\\/2021\\\/12\\\/logo-svgd.png\",\"contentUrl\":\"https:\\\/\\\/losnaranjos.com\\\/wp-content\\\/uploads\\\/2021\\\/12\\\/logo-svgd.png\",\"width\":191,\"height\":50,\"caption\":\"Los Naranjos Golf Club\"},\"image\":{\"@id\":\"https:\\\/\\\/losnaranjos.com\\\/sv\\\/#\\\/schema\\\/logo\\\/image\\\/\"},\"sameAs\":[\"https:\\\/\\\/www.facebook.com\\\/losnaranjosgc\\\/\",\"https:\\\/\\\/x.com\\\/LosNaranjosGC\",\"https:\\\/\\\/instagram.com\\\/losnaranjosgc\\\/\",\"https:\\\/\\\/es.linkedin.com\\\/company\\\/losnaranjosgc\"]}]}<\/script>\n<!-- \/ Yoast SEO plugin. -->","yoast_head_json":{"title":"Juridisk varning - Los Naranjos Golf","description":"Att k\u00e4nna till de lokala reglerna p\u00e5 Los Naranjos GC h\u00e5ller dig informerad och ser till att du f\u00e5r ut det mesta av din golfrunda i Marbella.","robots":{"index":"index","follow":"follow","max-snippet":"max-snippet:-1","max-image-preview":"max-image-preview:large","max-video-preview":"max-video-preview:-1"},"canonical":"https:\/\/losnaranjos.com\/sv\/juridisk-varning\/","og_locale":"sv_SE","og_type":"article","og_title":"Juridisk varning - Los Naranjos Golf","og_description":"Att k\u00e4nna till de lokala reglerna p\u00e5 Los Naranjos GC h\u00e5ller dig informerad och ser till att du f\u00e5r ut det mesta av din golfrunda i Marbella.","og_url":"https:\/\/losnaranjos.com\/sv\/juridisk-varning\/","og_site_name":"Los Naranjos Golf","article_publisher":"https:\/\/www.facebook.com\/losnaranjosgc\/","article_modified_time":"2023-06-30T14:10:13+00:00","og_image":[{"width":1476,"height":984,"url":"https:\/\/losnaranjos.com\/wp-content\/uploads\/2022\/06\/006_LosNaranjos_JacobSjoman_16BITS_V5.webp","type":"image\/webp"}],"twitter_card":"summary_large_image","twitter_site":"@LosNaranjosGC","twitter_misc":{"Ber\u00e4knad l\u00e4stid":"3 minuter"},"schema":{"@context":"https:\/\/schema.org","@graph":[{"@type":"WebPage","@id":"https:\/\/losnaranjos.com\/sv\/juridisk-varning\/","url":"https:\/\/losnaranjos.com\/sv\/juridisk-varning\/","name":"Juridisk varning - Los Naranjos Golf","isPartOf":{"@id":"https:\/\/losnaranjos.com\/sv\/#website"},"primaryImageOfPage":{"@id":"https:\/\/losnaranjos.com\/sv\/juridisk-varning\/#primaryimage"},"image":{"@id":"https:\/\/losnaranjos.com\/sv\/juridisk-varning\/#primaryimage"},"thumbnailUrl":"https:\/\/losnaranjos.com\/wp-content\/uploads\/2022\/06\/006_LosNaranjos_JacobSjoman_16BITS_V5.webp","datePublished":"2022-08-17T13:33:31+00:00","dateModified":"2023-06-30T14:10:13+00:00","description":"Att k\u00e4nna till de lokala reglerna p\u00e5 Los Naranjos GC h\u00e5ller dig informerad och ser till att du f\u00e5r ut det mesta av din golfrunda i Marbella.","breadcrumb":{"@id":"https:\/\/losnaranjos.com\/sv\/juridisk-varning\/#breadcrumb"},"inLanguage":"sv-SE","potentialAction":[{"@type":"ReadAction","target":["https:\/\/losnaranjos.com\/sv\/juridisk-varning\/"]}]},{"@type":"ImageObject","inLanguage":"sv-SE","@id":"https:\/\/losnaranjos.com\/sv\/juridisk-varning\/#primaryimage","url":"https:\/\/losnaranjos.com\/wp-content\/uploads\/2022\/06\/006_LosNaranjos_JacobSjoman_16BITS_V5.webp","contentUrl":"https:\/\/losnaranjos.com\/wp-content\/uploads\/2022\/06\/006_LosNaranjos_JacobSjoman_16BITS_V5.webp","width":1476,"height":984,"caption":"LosNaranjos_JacobSjoman"},{"@type":"BreadcrumbList","@id":"https:\/\/losnaranjos.com\/sv\/juridisk-varning\/#breadcrumb","itemListElement":[{"@type":"ListItem","position":1,"name":"Home","item":"https:\/\/losnaranjos.com\/"},{"@type":"ListItem","position":2,"name":"Juridisk varning"}]},{"@type":"WebSite","@id":"https:\/\/losnaranjos.com\/sv\/#website","url":"https:\/\/losnaranjos.com\/sv\/","name":"Los Naranjos Golf Club","description":"Marbella - Costa del Sol - Golf","publisher":{"@id":"https:\/\/losnaranjos.com\/sv\/#organization"},"potentialAction":[{"@type":"SearchAction","target":{"@type":"EntryPoint","urlTemplate":"https:\/\/losnaranjos.com\/sv\/?s={search_term_string}"},"query-input":{"@type":"PropertyValueSpecification","valueRequired":true,"valueName":"search_term_string"}}],"inLanguage":"sv-SE"},{"@type":"Organization","@id":"https:\/\/losnaranjos.com\/sv\/#organization","name":"Los Naranjos Golf Club","url":"https:\/\/losnaranjos.com\/sv\/","logo":{"@type":"ImageObject","inLanguage":"sv-SE","@id":"https:\/\/losnaranjos.com\/sv\/#\/schema\/logo\/image\/","url":"https:\/\/losnaranjos.com\/wp-content\/uploads\/2021\/12\/logo-svgd.png","contentUrl":"https:\/\/losnaranjos.com\/wp-content\/uploads\/2021\/12\/logo-svgd.png","width":191,"height":50,"caption":"Los Naranjos Golf Club"},"image":{"@id":"https:\/\/losnaranjos.com\/sv\/#\/schema\/logo\/image\/"},"sameAs":["https:\/\/www.facebook.com\/losnaranjosgc\/","https:\/\/x.com\/LosNaranjosGC","https:\/\/instagram.com\/losnaranjosgc\/","https:\/\/es.linkedin.com\/company\/losnaranjosgc"]}]}},"_links":{"self":[{"href":"https:\/\/losnaranjos.com\/sv\/wp-json\/wp\/v2\/pages\/23331","targetHints":{"allow":["GET"]}}],"collection":[{"href":"https:\/\/losnaranjos.com\/sv\/wp-json\/wp\/v2\/pages"}],"about":[{"href":"https:\/\/losnaranjos.com\/sv\/wp-json\/wp\/v2\/types\/page"}],"author":[{"embeddable":true,"href":"https:\/\/losnaranjos.com\/sv\/wp-json\/wp\/v2\/users\/313"}],"replies":[{"embeddable":true,"href":"https:\/\/losnaranjos.com\/sv\/wp-json\/wp\/v2\/comments?post=23331"}],"version-history":[{"count":11,"href":"https:\/\/losnaranjos.com\/sv\/wp-json\/wp\/v2\/pages\/23331\/revisions"}],"predecessor-version":[{"id":27691,"href":"https:\/\/losnaranjos.com\/sv\/wp-json\/wp\/v2\/pages\/23331\/revisions\/27691"}],"wp:featuredmedia":[{"embeddable":true,"href":"https:\/\/losnaranjos.com\/sv\/wp-json\/wp\/v2\/media\/22434"}],"wp:attachment":[{"href":"https:\/\/losnaranjos.com\/sv\/wp-json\/wp\/v2\/media?parent=23331"}],"curies":[{"name":"wp","href":"https:\/\/api.w.org\/{rel}","templated":true}]}}