{"id":20248,"date":"2022-02-11T10:39:53","date_gmt":"2022-02-11T10:39:53","guid":{"rendered":"https:\/\/losnaranjos.com\/?page_id=20248"},"modified":"2025-02-20T08:42:42","modified_gmt":"2025-02-20T08:42:42","slug":"los-naranjos-ladies-open","status":"publish","type":"page","link":"https:\/\/losnaranjos.com\/sv\/los-naranjos-ladies-open\/","title":{"rendered":"Los Naranjos Ladies Open"},"content":{"rendered":"\t\t<div data-elementor-type=\"wp-page\" data-elementor-id=\"20248\" class=\"elementor elementor-20248\" data-elementor-post-type=\"page\">\n\t\t\t\t\t\t<section class=\"elementor-section elementor-top-section elementor-element elementor-element-a6d5952 elementor-section-full_width elementor-section-height-min-height elementor-section-height-default elementor-section-items-middle\" data-id=\"a6d5952\" data-element_type=\"section\" data-e-type=\"section\" data-settings=\"{&quot;background_background&quot;:&quot;classic&quot;}\">\n\t\t\t\t\t\t\t<div class=\"elementor-background-overlay\"><\/div>\n\t\t\t\t\t\t\t<div class=\"elementor-container elementor-column-gap-default\">\n\t\t\t\t\t<div class=\"elementor-column elementor-col-100 elementor-top-column elementor-element elementor-element-d5df0db\" data-id=\"d5df0db\" data-element_type=\"column\" data-e-type=\"column\" data-settings=\"{&quot;background_background&quot;:&quot;classic&quot;}\">\n\t\t\t<div class=\"elementor-widget-wrap elementor-element-populated\">\n\t\t\t\t\t\t<div class=\"elementor-element elementor-element-c36b236 elementor-widget elementor-widget-heading\" data-id=\"c36b236\" data-element_type=\"widget\" data-e-type=\"widget\" data-widget_type=\"heading.default\">\n\t\t\t\t<div class=\"elementor-widget-container\">\n\t\t\t\t\t<h2 class=\"elementor-heading-title elementor-size-default\">Ladies Open 2025<\/h2>\t\t\t\t<\/div>\n\t\t\t\t<\/div>\n\t\t\t\t<div class=\"elementor-element elementor-element-52ab428 elementor-widget-divider--view-line elementor-widget elementor-widget-divider\" data-id=\"52ab428\" data-element_type=\"widget\" data-e-type=\"widget\" data-widget_type=\"divider.default\">\n\t\t\t\t<div class=\"elementor-widget-container\">\n\t\t\t\t\t\t\t<div class=\"elementor-divider\">\n\t\t\t<span class=\"elementor-divider-separator\">\n\t\t\t\t\t\t<\/span>\n\t\t<\/div>\n\t\t\t\t\t\t<\/div>\n\t\t\t\t<\/div>\n\t\t\t\t\t<\/div>\n\t\t<\/div>\n\t\t\t\t\t<\/div>\n\t\t<\/section>\n\t\t\t\t<section class=\"elementor-section elementor-top-section elementor-element elementor-element-893b5db elementor-section-content-middle elementor-section-boxed elementor-section-height-default elementor-section-height-default\" data-id=\"893b5db\" data-element_type=\"section\" data-e-type=\"section\" data-settings=\"{&quot;background_background&quot;:&quot;classic&quot;}\">\n\t\t\t\t\t\t<div class=\"elementor-container elementor-column-gap-default\">\n\t\t\t\t\t<div class=\"elementor-column elementor-col-50 elementor-top-column elementor-element elementor-element-6eddbfc\" data-id=\"6eddbfc\" data-element_type=\"column\" data-e-type=\"column\">\n\t\t\t<div class=\"elementor-widget-wrap elementor-element-populated\">\n\t\t\t\t\t\t<div class=\"elementor-element elementor-element-825e12c elementor-widget elementor-widget-image\" data-id=\"825e12c\" data-element_type=\"widget\" data-e-type=\"widget\" data-widget_type=\"image.default\">\n\t\t\t\t<div class=\"elementor-widget-container\">\n\t\t\t\t\t\t\t\t\t\t\t\t\t\t\t\t<a href=\"https:\/\/www.golfdirecto.com\/micro\/game\/670bb93afebfc14e61a01854\/summary?lang=en\">\n\t\t\t\t\t\t\t<img fetchpriority=\"high\" decoding=\"async\" width=\"724\" height=\"1024\" src=\"https:\/\/losnaranjos.com\/wp-content\/uploads\/2025\/02\/Ladies-Open-2025-1-724x1024.jpg\" class=\"attachment-large size-large wp-image-36530\" alt=\"\" srcset=\"https:\/\/losnaranjos.com\/wp-content\/uploads\/2025\/02\/Ladies-Open-2025-1-724x1024.jpg 724w, https:\/\/losnaranjos.com\/wp-content\/uploads\/2025\/02\/Ladies-Open-2025-1-212x300.jpg 212w, https:\/\/losnaranjos.com\/wp-content\/uploads\/2025\/02\/Ladies-Open-2025-1-768x1087.jpg 768w, https:\/\/losnaranjos.com\/wp-content\/uploads\/2025\/02\/Ladies-Open-2025-1-1086x1536.jpg 1086w, https:\/\/losnaranjos.com\/wp-content\/uploads\/2025\/02\/Ladies-Open-2025-1-1448x2048.jpg 1448w, https:\/\/losnaranjos.com\/wp-content\/uploads\/2025\/02\/Ladies-Open-2025-1.jpg 1555w\" sizes=\"(max-width: 724px) 100vw, 724px\" \/>\t\t\t\t\t\t\t\t<\/a>\n\t\t\t\t\t\t\t\t\t\t\t\t\t\t\t<\/div>\n\t\t\t\t<\/div>\n\t\t\t\t\t<\/div>\n\t\t<\/div>\n\t\t\t\t<div class=\"elementor-column elementor-col-50 elementor-top-column elementor-element elementor-element-95fe86f\" data-id=\"95fe86f\" data-element_type=\"column\" data-e-type=\"column\">\n\t\t\t<div class=\"elementor-widget-wrap elementor-element-populated\">\n\t\t\t\t\t\t<div class=\"elementor-element elementor-element-6a5de2f elementor-position-left elementor-vertical-align-middle icon-titless-home elementor-widget elementor-widget-image-box\" data-id=\"6a5de2f\" data-element_type=\"widget\" data-e-type=\"widget\" data-widget_type=\"image-box.default\">\n\t\t\t\t<div class=\"elementor-widget-container\">\n\t\t\t\t\t<div class=\"elementor-image-box-wrapper\"><figure class=\"elementor-image-box-img\"><img decoding=\"async\" width=\"192\" height=\"186\" src=\"https:\/\/losnaranjos.com\/wp-content\/uploads\/2021\/11\/trofeo-golf.png\" class=\"elementor-animation-bob attachment-full size-full wp-image-12184\" alt=\"\" \/><\/figure><div class=\"elementor-image-box-content\"><h3 class=\"elementor-image-box-title\">Los Naranjos Ladies Open 2025<\/h3><\/div><\/div>\t\t\t\t<\/div>\n\t\t\t\t<\/div>\n\t\t\t\t<div class=\"elementor-element elementor-element-27abf7b elementor-widget elementor-widget-spacer\" data-id=\"27abf7b\" data-element_type=\"widget\" data-e-type=\"widget\" data-widget_type=\"spacer.default\">\n\t\t\t\t<div class=\"elementor-widget-container\">\n\t\t\t\t\t\t\t<div class=\"elementor-spacer\">\n\t\t\t<div class=\"elementor-spacer-inner\"><\/div>\n\t\t<\/div>\n\t\t\t\t\t\t<\/div>\n\t\t\t\t<\/div>\n\t\t\t\t<div class=\"elementor-element elementor-element-6bde724 elementor-invisible elementor-widget elementor-widget-heading\" data-id=\"6bde724\" data-element_type=\"widget\" data-e-type=\"widget\" data-settings=\"{&quot;_animation&quot;:&quot;fadeInDown&quot;}\" data-widget_type=\"heading.default\">\n\t\t\t\t<div class=\"elementor-widget-container\">\n\t\t\t\t\t<h4 class=\"elementor-heading-title elementor-size-default\">S\u00f6ndag 9 mars 2025<\/h4>\t\t\t\t<\/div>\n\t\t\t\t<\/div>\n\t\t\t\t<div class=\"elementor-element elementor-element-284da8a elementor-widget elementor-widget-text-editor\" data-id=\"284da8a\" data-element_type=\"widget\" data-e-type=\"widget\" data-widget_type=\"text-editor.default\">\n\t\t\t\t<div class=\"elementor-widget-container\">\n\t\t\t\t\t\t\t\t\t<ul><li>Shotgun kl. 8.30<\/li><li>Individuell Stableford<\/li><li>Buggy ing\u00e5r<\/li><li>Gazebo med snacks och drycker<\/li><li>Lunch med dryck inkluderad och livemusik<\/li><li>Prisutdelning och lottning<\/li><li>Priser till de 3 b\u00e4sta spelarna i varje kategori<\/li><li>L\u00e4ngsta drive &amp; N\u00e4rmast pinnen<\/li><\/ul>\t\t\t\t\t\t\t\t<\/div>\n\t\t\t\t<\/div>\n\t\t\t\t<div class=\"elementor-element elementor-element-7254704 elementor-widget elementor-widget-text-editor\" data-id=\"7254704\" data-element_type=\"widget\" data-e-type=\"widget\" data-widget_type=\"text-editor.default\">\n\t\t\t\t<div class=\"elementor-widget-container\">\n\t\t\t\t\t\t\t\t\t<ul><li><strong>Shaholder: 45\u20ac<\/strong><\/li><li><strong>Player: 115\u20ac<\/strong><\/li><\/ul>\t\t\t\t\t\t\t\t<\/div>\n\t\t\t\t<\/div>\n\t\t\t\t<div class=\"elementor-element elementor-element-173ec37 elementor-align-left elementor-mobile-align-justify elementor-invisible elementor-widget elementor-widget-button\" data-id=\"173ec37\" data-element_type=\"widget\" data-e-type=\"widget\" data-settings=\"{&quot;_animation&quot;:&quot;fadeIn&quot;}\" data-widget_type=\"button.default\">\n\t\t\t\t<div class=\"elementor-widget-container\">\n\t\t\t\t\t\t\t\t\t<div class=\"elementor-button-wrapper\">\n\t\t\t\t\t<a class=\"elementor-button elementor-button-link elementor-size-sm\" href=\"https:\/\/www.golfdirecto.com\/micro\/game\/670bb93afebfc14e61a01854\/summary?lang=en\">\n\t\t\t\t\t\t<span class=\"elementor-button-content-wrapper\">\n\t\t\t\t\t\t\t\t\t<span class=\"elementor-button-text\">Registrera dig nu!<\/span>\n\t\t\t\t\t<\/span>\n\t\t\t\t\t<\/a>\n\t\t\t\t<\/div>\n\t\t\t\t\t\t\t\t<\/div>\n\t\t\t\t<\/div>\n\t\t\t\t\t<\/div>\n\t\t<\/div>\n\t\t\t\t\t<\/div>\n\t\t<\/section>\n\t\t\t\t<section class=\"elementor-section elementor-top-section elementor-element elementor-element-896b615 elementor-section-boxed elementor-section-height-default elementor-section-height-default\" data-id=\"896b615\" data-element_type=\"section\" data-e-type=\"section\">\n\t\t\t\t\t\t<div class=\"elementor-container elementor-column-gap-default\">\n\t\t\t\t\t<div class=\"elementor-column elementor-col-100 elementor-top-column elementor-element elementor-element-94d661b\" data-id=\"94d661b\" data-element_type=\"column\" data-e-type=\"column\">\n\t\t\t<div class=\"elementor-widget-wrap elementor-element-populated\">\n\t\t\t\t\t\t<div class=\"elementor-element elementor-element-c9c7f70 elementor-invisible elementor-widget elementor-widget-text-editor\" data-id=\"c9c7f70\" data-element_type=\"widget\" data-e-type=\"widget\" data-settings=\"{&quot;_animation&quot;:&quot;fadeIn&quot;}\" data-widget_type=\"text-editor.default\">\n\t\t\t\t<div class=\"elementor-widget-container\">\n\t\t\t\t\t\t\t\t\t<p><em>Internationella kvinnodagen \u00e4r en global dag d\u00e5 man firar kvinnors sociala, ekonomiska, kulturella och politiska framg\u00e5ngar. Dagen \u00e4r ocks\u00e5 en uppmaning till handling f\u00f6r att p\u00e5skynda en j\u00e4mn k\u00f6nsf\u00f6rdelning. Stora aktiviteter sker v\u00e4rlden \u00f6ver n\u00e4r grupper samlas f\u00f6r att fira kvinnors framg\u00e5ngar eller f\u00f6r att demonstrera f\u00f6r kvinnors j\u00e4mst\u00e4lldhet.<\/em><\/p><p><em>Och h\u00e4r p\u00e5 Los Naranjos GC firar vi det med v\u00e5r favoritaktivitet: &#8221;att spela golf&#8221;. Observera att detta evenemang \u00e4r den f\u00f6rsta majort\u00e4vlingen p\u00e5 Los Naranjos GC<\/em><\/p><p><strong>Ett exklusivt evenemang som anordnas av kvinnor f\u00f6r kvinnor<\/strong><\/p>\t\t\t\t\t\t\t\t<\/div>\n\t\t\t\t<\/div>\n\t\t\t\t\t<\/div>\n\t\t<\/div>\n\t\t\t\t\t<\/div>\n\t\t<\/section>\n\t\t\t\t<\/div>\n\t\t","protected":false},"excerpt":{"rendered":"<p>Ladies Open 2025 Los Naranjos Ladies Open 2025 S\u00f6ndag 9 mars 2025 Shotgun kl. 8.30 Individuell Stableford Buggy ing\u00e5r Gazebo med snacks och drycker Lunch med dryck inkluderad och livemusik Prisutdelning och lottning Priser till de 3 b\u00e4sta spelarna i varje kategori L\u00e4ngsta drive &amp; N\u00e4rmast pinnen Shaholder: 45\u20ac Player: 115\u20ac Registrera dig nu! Internationella [&hellip;]<\/p>\n","protected":false},"author":313,"featured_media":0,"parent":0,"menu_order":0,"comment_status":"closed","ping_status":"closed","template":"","meta":{"_acf_changed":false,"site-sidebar-layout":"no-sidebar","site-content-layout":"page-builder","ast-site-content-layout":"default","site-content-style":"default","site-sidebar-style":"default","ast-global-header-display":"","ast-banner-title-visibility":"","ast-main-header-display":"","ast-hfb-above-header-display":"","ast-hfb-below-header-display":"","ast-hfb-mobile-header-display":"","site-post-title":"disabled","ast-breadcrumbs-content":"","ast-featured-img":"","footer-sml-layout":"","ast-disable-related-posts":"","theme-transparent-header-meta":"enabled","adv-header-id-meta":"","stick-header-meta":"","header-above-stick-meta":"","header-main-stick-meta":"","header-below-stick-meta":"","astra-migrate-meta-layouts":"default","ast-page-background-enabled":"default","ast-page-background-meta":{"desktop":{"background-color":"","background-image":"","background-repeat":"repeat","background-position":"center center","background-size":"auto","background-attachment":"scroll","background-type":"","background-media":"","overlay-type":"","overlay-color":"","overlay-opacity":"","overlay-gradient":""},"tablet":{"background-color":"","background-image":"","background-repeat":"repeat","background-position":"center center","background-size":"auto","background-attachment":"scroll","background-type":"","background-media":"","overlay-type":"","overlay-color":"","overlay-opacity":"","overlay-gradient":""},"mobile":{"background-color":"","background-image":"","background-repeat":"repeat","background-position":"center center","background-size":"auto","background-attachment":"scroll","background-type":"","background-media":"","overlay-type":"","overlay-color":"","overlay-opacity":"","overlay-gradient":""}},"ast-content-background-meta":{"desktop":{"background-color":"var(--ast-global-color-5)","background-image":"","background-repeat":"repeat","background-position":"center center","background-size":"auto","background-attachment":"scroll","background-type":"","background-media":"","overlay-type":"","overlay-color":"","overlay-opacity":"","overlay-gradient":""},"tablet":{"background-color":"var(--ast-global-color-5)","background-image":"","background-repeat":"repeat","background-position":"center center","background-size":"auto","background-attachment":"scroll","background-type":"","background-media":"","overlay-type":"","overlay-color":"","overlay-opacity":"","overlay-gradient":""},"mobile":{"background-color":"var(--ast-global-color-5)","background-image":"","background-repeat":"repeat","background-position":"center center","background-size":"auto","background-attachment":"scroll","background-type":"","background-media":"","overlay-type":"","overlay-color":"","overlay-opacity":"","overlay-gradient":""}},"footnotes":""},"class_list":["post-20248","page","type-page","status-publish","hentry"],"acf":[],"yoast_head":"<!-- This site is optimized with the Yoast SEO plugin v27.5 - https:\/\/yoast.com\/product\/yoast-seo-wordpress\/ -->\n<title>Los Naranjos Ladies Open - Los Naranjos Golf<\/title>\n<meta name=\"description\" content=\"Delta i den sp\u00e4nnande golfturneringen Ladies Open och t\u00e4vla med de b\u00e4sta golfspelarna. Ett omistligt evenemang fullt av talang i Marbella.\" \/>\n<meta name=\"robots\" content=\"index, follow, max-snippet:-1, max-image-preview:large, max-video-preview:-1\" \/>\n<link rel=\"canonical\" href=\"https:\/\/losnaranjos.com\/torneo-ladies-open\/\" \/>\n<meta property=\"og:locale\" content=\"sv_SE\" \/>\n<meta property=\"og:type\" content=\"article\" \/>\n<meta property=\"og:title\" content=\"Los Naranjos Ladies Open - Los Naranjos Golf\" \/>\n<meta property=\"og:description\" content=\"Delta i den sp\u00e4nnande golfturneringen Ladies Open och t\u00e4vla med de b\u00e4sta golfspelarna. Ett omistligt evenemang fullt av talang i Marbella.\" \/>\n<meta property=\"og:url\" content=\"https:\/\/losnaranjos.com\/torneo-ladies-open\/\" \/>\n<meta property=\"og:site_name\" content=\"Los Naranjos Golf\" \/>\n<meta property=\"article:publisher\" content=\"https:\/\/www.facebook.com\/losnaranjosgc\/\" \/>\n<meta property=\"article:modified_time\" content=\"2025-02-20T08:42:42+00:00\" \/>\n<meta property=\"og:image\" content=\"https:\/\/losnaranjos.com\/wp-content\/uploads\/2025\/02\/Ladies-Open-2025-1.jpg\" \/>\n\t<meta property=\"og:image:width\" content=\"1555\" \/>\n\t<meta property=\"og:image:height\" content=\"2200\" \/>\n\t<meta property=\"og:image:type\" content=\"image\/jpeg\" \/>\n<meta name=\"twitter:card\" content=\"summary_large_image\" \/>\n<meta name=\"twitter:site\" content=\"@LosNaranjosGC\" \/>\n<meta name=\"twitter:label1\" content=\"Ber\u00e4knad l\u00e4stid\" \/>\n\t<meta name=\"twitter:data1\" content=\"2 minuter\" \/>\n<script type=\"application\/ld+json\" class=\"yoast-schema-graph\">{\"@context\":\"https:\\\/\\\/schema.org\",\"@graph\":[{\"@type\":\"WebPage\",\"@id\":\"https:\\\/\\\/losnaranjos.com\\\/torneo-ladies-open\\\/\",\"url\":\"https:\\\/\\\/losnaranjos.com\\\/torneo-ladies-open\\\/\",\"name\":\"Los Naranjos Ladies Open - Los Naranjos Golf\",\"isPartOf\":{\"@id\":\"https:\\\/\\\/losnaranjos.com\\\/sv\\\/#website\"},\"primaryImageOfPage\":{\"@id\":\"https:\\\/\\\/losnaranjos.com\\\/torneo-ladies-open\\\/#primaryimage\"},\"image\":{\"@id\":\"https:\\\/\\\/losnaranjos.com\\\/torneo-ladies-open\\\/#primaryimage\"},\"thumbnailUrl\":\"https:\\\/\\\/losnaranjos.com\\\/wp-content\\\/uploads\\\/2025\\\/02\\\/Ladies-Open-2025-1-724x1024.jpg\",\"datePublished\":\"2022-02-11T10:39:53+00:00\",\"dateModified\":\"2025-02-20T08:42:42+00:00\",\"description\":\"Delta i den sp\u00e4nnande golfturneringen Ladies Open och t\u00e4vla med de b\u00e4sta golfspelarna. Ett omistligt evenemang fullt av talang i Marbella.\",\"breadcrumb\":{\"@id\":\"https:\\\/\\\/losnaranjos.com\\\/torneo-ladies-open\\\/#breadcrumb\"},\"inLanguage\":\"sv-SE\",\"potentialAction\":[{\"@type\":\"ReadAction\",\"target\":[\"https:\\\/\\\/losnaranjos.com\\\/torneo-ladies-open\\\/\"]}]},{\"@type\":\"ImageObject\",\"inLanguage\":\"sv-SE\",\"@id\":\"https:\\\/\\\/losnaranjos.com\\\/torneo-ladies-open\\\/#primaryimage\",\"url\":\"https:\\\/\\\/losnaranjos.com\\\/wp-content\\\/uploads\\\/2025\\\/02\\\/Ladies-Open-2025-1-724x1024.jpg\",\"contentUrl\":\"https:\\\/\\\/losnaranjos.com\\\/wp-content\\\/uploads\\\/2025\\\/02\\\/Ladies-Open-2025-1-724x1024.jpg\"},{\"@type\":\"BreadcrumbList\",\"@id\":\"https:\\\/\\\/losnaranjos.com\\\/torneo-ladies-open\\\/#breadcrumb\",\"itemListElement\":[{\"@type\":\"ListItem\",\"position\":1,\"name\":\"Home\",\"item\":\"https:\\\/\\\/losnaranjos.com\\\/\"},{\"@type\":\"ListItem\",\"position\":2,\"name\":\"Los Naranjos Ladies Open\"}]},{\"@type\":\"WebSite\",\"@id\":\"https:\\\/\\\/losnaranjos.com\\\/sv\\\/#website\",\"url\":\"https:\\\/\\\/losnaranjos.com\\\/sv\\\/\",\"name\":\"Los Naranjos Golf Club\",\"description\":\"Marbella - Costa del Sol - Golf\",\"publisher\":{\"@id\":\"https:\\\/\\\/losnaranjos.com\\\/sv\\\/#organization\"},\"potentialAction\":[{\"@type\":\"SearchAction\",\"target\":{\"@type\":\"EntryPoint\",\"urlTemplate\":\"https:\\\/\\\/losnaranjos.com\\\/sv\\\/?s={search_term_string}\"},\"query-input\":{\"@type\":\"PropertyValueSpecification\",\"valueRequired\":true,\"valueName\":\"search_term_string\"}}],\"inLanguage\":\"sv-SE\"},{\"@type\":\"Organization\",\"@id\":\"https:\\\/\\\/losnaranjos.com\\\/sv\\\/#organization\",\"name\":\"Los Naranjos Golf Club\",\"url\":\"https:\\\/\\\/losnaranjos.com\\\/sv\\\/\",\"logo\":{\"@type\":\"ImageObject\",\"inLanguage\":\"sv-SE\",\"@id\":\"https:\\\/\\\/losnaranjos.com\\\/sv\\\/#\\\/schema\\\/logo\\\/image\\\/\",\"url\":\"https:\\\/\\\/losnaranjos.com\\\/wp-content\\\/uploads\\\/2021\\\/12\\\/logo-svgd.png\",\"contentUrl\":\"https:\\\/\\\/losnaranjos.com\\\/wp-content\\\/uploads\\\/2021\\\/12\\\/logo-svgd.png\",\"width\":191,\"height\":50,\"caption\":\"Los Naranjos Golf Club\"},\"image\":{\"@id\":\"https:\\\/\\\/losnaranjos.com\\\/sv\\\/#\\\/schema\\\/logo\\\/image\\\/\"},\"sameAs\":[\"https:\\\/\\\/www.facebook.com\\\/losnaranjosgc\\\/\",\"https:\\\/\\\/x.com\\\/LosNaranjosGC\",\"https:\\\/\\\/instagram.com\\\/losnaranjosgc\\\/\",\"https:\\\/\\\/es.linkedin.com\\\/company\\\/losnaranjosgc\"]}]}<\/script>\n<!-- \/ Yoast SEO plugin. -->","yoast_head_json":{"title":"Los Naranjos Ladies Open - Los Naranjos Golf","description":"Delta i den sp\u00e4nnande golfturneringen Ladies Open och t\u00e4vla med de b\u00e4sta golfspelarna. Ett omistligt evenemang fullt av talang i Marbella.","robots":{"index":"index","follow":"follow","max-snippet":"max-snippet:-1","max-image-preview":"max-image-preview:large","max-video-preview":"max-video-preview:-1"},"canonical":"https:\/\/losnaranjos.com\/torneo-ladies-open\/","og_locale":"sv_SE","og_type":"article","og_title":"Los Naranjos Ladies Open - Los Naranjos Golf","og_description":"Delta i den sp\u00e4nnande golfturneringen Ladies Open och t\u00e4vla med de b\u00e4sta golfspelarna. Ett omistligt evenemang fullt av talang i Marbella.","og_url":"https:\/\/losnaranjos.com\/torneo-ladies-open\/","og_site_name":"Los Naranjos Golf","article_publisher":"https:\/\/www.facebook.com\/losnaranjosgc\/","article_modified_time":"2025-02-20T08:42:42+00:00","og_image":[{"width":1555,"height":2200,"url":"https:\/\/losnaranjos.com\/wp-content\/uploads\/2025\/02\/Ladies-Open-2025-1.jpg","type":"image\/jpeg"}],"twitter_card":"summary_large_image","twitter_site":"@LosNaranjosGC","twitter_misc":{"Ber\u00e4knad l\u00e4stid":"2 minuter"},"schema":{"@context":"https:\/\/schema.org","@graph":[{"@type":"WebPage","@id":"https:\/\/losnaranjos.com\/torneo-ladies-open\/","url":"https:\/\/losnaranjos.com\/torneo-ladies-open\/","name":"Los Naranjos Ladies Open - Los Naranjos Golf","isPartOf":{"@id":"https:\/\/losnaranjos.com\/sv\/#website"},"primaryImageOfPage":{"@id":"https:\/\/losnaranjos.com\/torneo-ladies-open\/#primaryimage"},"image":{"@id":"https:\/\/losnaranjos.com\/torneo-ladies-open\/#primaryimage"},"thumbnailUrl":"https:\/\/losnaranjos.com\/wp-content\/uploads\/2025\/02\/Ladies-Open-2025-1-724x1024.jpg","datePublished":"2022-02-11T10:39:53+00:00","dateModified":"2025-02-20T08:42:42+00:00","description":"Delta i den sp\u00e4nnande golfturneringen Ladies Open och t\u00e4vla med de b\u00e4sta golfspelarna. Ett omistligt evenemang fullt av talang i Marbella.","breadcrumb":{"@id":"https:\/\/losnaranjos.com\/torneo-ladies-open\/#breadcrumb"},"inLanguage":"sv-SE","potentialAction":[{"@type":"ReadAction","target":["https:\/\/losnaranjos.com\/torneo-ladies-open\/"]}]},{"@type":"ImageObject","inLanguage":"sv-SE","@id":"https:\/\/losnaranjos.com\/torneo-ladies-open\/#primaryimage","url":"https:\/\/losnaranjos.com\/wp-content\/uploads\/2025\/02\/Ladies-Open-2025-1-724x1024.jpg","contentUrl":"https:\/\/losnaranjos.com\/wp-content\/uploads\/2025\/02\/Ladies-Open-2025-1-724x1024.jpg"},{"@type":"BreadcrumbList","@id":"https:\/\/losnaranjos.com\/torneo-ladies-open\/#breadcrumb","itemListElement":[{"@type":"ListItem","position":1,"name":"Home","item":"https:\/\/losnaranjos.com\/"},{"@type":"ListItem","position":2,"name":"Los Naranjos Ladies Open"}]},{"@type":"WebSite","@id":"https:\/\/losnaranjos.com\/sv\/#website","url":"https:\/\/losnaranjos.com\/sv\/","name":"Los Naranjos Golf Club","description":"Marbella - Costa del Sol - Golf","publisher":{"@id":"https:\/\/losnaranjos.com\/sv\/#organization"},"potentialAction":[{"@type":"SearchAction","target":{"@type":"EntryPoint","urlTemplate":"https:\/\/losnaranjos.com\/sv\/?s={search_term_string}"},"query-input":{"@type":"PropertyValueSpecification","valueRequired":true,"valueName":"search_term_string"}}],"inLanguage":"sv-SE"},{"@type":"Organization","@id":"https:\/\/losnaranjos.com\/sv\/#organization","name":"Los Naranjos Golf Club","url":"https:\/\/losnaranjos.com\/sv\/","logo":{"@type":"ImageObject","inLanguage":"sv-SE","@id":"https:\/\/losnaranjos.com\/sv\/#\/schema\/logo\/image\/","url":"https:\/\/losnaranjos.com\/wp-content\/uploads\/2021\/12\/logo-svgd.png","contentUrl":"https:\/\/losnaranjos.com\/wp-content\/uploads\/2021\/12\/logo-svgd.png","width":191,"height":50,"caption":"Los Naranjos Golf Club"},"image":{"@id":"https:\/\/losnaranjos.com\/sv\/#\/schema\/logo\/image\/"},"sameAs":["https:\/\/www.facebook.com\/losnaranjosgc\/","https:\/\/x.com\/LosNaranjosGC","https:\/\/instagram.com\/losnaranjosgc\/","https:\/\/es.linkedin.com\/company\/losnaranjosgc"]}]}},"_links":{"self":[{"href":"https:\/\/losnaranjos.com\/sv\/wp-json\/wp\/v2\/pages\/20248","targetHints":{"allow":["GET"]}}],"collection":[{"href":"https:\/\/losnaranjos.com\/sv\/wp-json\/wp\/v2\/pages"}],"about":[{"href":"https:\/\/losnaranjos.com\/sv\/wp-json\/wp\/v2\/types\/page"}],"author":[{"embeddable":true,"href":"https:\/\/losnaranjos.com\/sv\/wp-json\/wp\/v2\/users\/313"}],"replies":[{"embeddable":true,"href":"https:\/\/losnaranjos.com\/sv\/wp-json\/wp\/v2\/comments?post=20248"}],"version-history":[{"count":19,"href":"https:\/\/losnaranjos.com\/sv\/wp-json\/wp\/v2\/pages\/20248\/revisions"}],"predecessor-version":[{"id":36539,"href":"https:\/\/losnaranjos.com\/sv\/wp-json\/wp\/v2\/pages\/20248\/revisions\/36539"}],"wp:attachment":[{"href":"https:\/\/losnaranjos.com\/sv\/wp-json\/wp\/v2\/media?parent=20248"}],"curies":[{"name":"wp","href":"https:\/\/api.w.org\/{rel}","templated":true}]}}