{"id":19178,"date":"2022-01-18T10:53:38","date_gmt":"2022-01-18T10:53:38","guid":{"rendered":"https:\/\/losnaranjos.com\/?page_id=19178"},"modified":"2024-12-18T12:53:48","modified_gmt":"2024-12-18T12:53:48","slug":"valentines-day","status":"publish","type":"page","link":"https:\/\/losnaranjos.com\/sv\/valentines-day\/","title":{"rendered":"Valentine&#8217;s day tournament"},"content":{"rendered":"\t\t<div data-elementor-type=\"wp-page\" data-elementor-id=\"19178\" class=\"elementor elementor-19178\" data-elementor-post-type=\"page\">\n\t\t\t\t\t\t<section class=\"elementor-section elementor-top-section elementor-element elementor-element-5b62943 elementor-section-full_width elementor-section-height-min-height elementor-section-height-default elementor-section-items-middle\" data-id=\"5b62943\" data-element_type=\"section\" data-e-type=\"section\" data-settings=\"{&quot;background_background&quot;:&quot;classic&quot;}\">\n\t\t\t\t\t\t\t<div class=\"elementor-background-overlay\"><\/div>\n\t\t\t\t\t\t\t<div class=\"elementor-container elementor-column-gap-default\">\n\t\t\t\t\t<div class=\"elementor-column elementor-col-100 elementor-top-column elementor-element elementor-element-8c743c5\" data-id=\"8c743c5\" data-element_type=\"column\" data-e-type=\"column\" data-settings=\"{&quot;background_background&quot;:&quot;classic&quot;}\">\n\t\t\t<div class=\"elementor-widget-wrap elementor-element-populated\">\n\t\t\t\t\t\t<div class=\"elementor-element elementor-element-9c85129 elementor-widget elementor-widget-heading\" data-id=\"9c85129\" data-element_type=\"widget\" data-e-type=\"widget\" data-widget_type=\"heading.default\">\n\t\t\t\t<div class=\"elementor-widget-container\">\n\t\t\t\t\t<h2 class=\"elementor-heading-title elementor-size-default\">Valentine's Day Tournament<\/h2>\t\t\t\t<\/div>\n\t\t\t\t<\/div>\n\t\t\t\t<div class=\"elementor-element elementor-element-38801c5 elementor-widget-divider--view-line elementor-widget elementor-widget-divider\" data-id=\"38801c5\" data-element_type=\"widget\" data-e-type=\"widget\" data-widget_type=\"divider.default\">\n\t\t\t\t<div class=\"elementor-widget-container\">\n\t\t\t\t\t\t\t<div class=\"elementor-divider\">\n\t\t\t<span class=\"elementor-divider-separator\">\n\t\t\t\t\t\t<\/span>\n\t\t<\/div>\n\t\t\t\t\t\t<\/div>\n\t\t\t\t<\/div>\n\t\t\t\t\t<\/div>\n\t\t<\/div>\n\t\t\t\t\t<\/div>\n\t\t<\/section>\n\t\t\t\t<section class=\"elementor-section elementor-top-section elementor-element elementor-element-e6b6ed9 elementor-section-boxed elementor-section-height-default elementor-section-height-default\" data-id=\"e6b6ed9\" data-element_type=\"section\" data-e-type=\"section\">\n\t\t\t\t\t\t<div class=\"elementor-container elementor-column-gap-default\">\n\t\t\t\t\t<div class=\"elementor-column elementor-col-100 elementor-top-column elementor-element elementor-element-c522e4c\" data-id=\"c522e4c\" data-element_type=\"column\" data-e-type=\"column\">\n\t\t\t<div class=\"elementor-widget-wrap elementor-element-populated\">\n\t\t\t\t\t\t<section class=\"elementor-section elementor-inner-section elementor-element elementor-element-16ea826 elementor-section-boxed elementor-section-height-default elementor-section-height-default\" data-id=\"16ea826\" data-element_type=\"section\" data-e-type=\"section\">\n\t\t\t\t\t\t<div class=\"elementor-container elementor-column-gap-default\">\n\t\t\t\t\t<div class=\"elementor-column elementor-col-50 elementor-inner-column elementor-element elementor-element-015a9da\" data-id=\"015a9da\" data-element_type=\"column\" data-e-type=\"column\">\n\t\t\t<div class=\"elementor-widget-wrap elementor-element-populated\">\n\t\t\t\t\t\t<div class=\"elementor-element elementor-element-2484ca6 elementor-widget elementor-widget-image\" data-id=\"2484ca6\" data-element_type=\"widget\" data-e-type=\"widget\" data-widget_type=\"image.default\">\n\t\t\t\t<div class=\"elementor-widget-container\">\n\t\t\t\t\t\t\t\t\t\t\t\t\t\t\t\t<a href=\"https:\/\/www.golfdirecto.com\/micro\/game\/670bb4d5febfc14e6145ba03\/summary?lang=en\">\n\t\t\t\t\t\t\t<img fetchpriority=\"high\" decoding=\"async\" width=\"724\" height=\"1024\" src=\"https:\/\/losnaranjos.com\/wp-content\/uploads\/2024\/12\/SAN-VALENTIN-2025-724x1024.jpg\" class=\"attachment-large size-large wp-image-35225\" alt=\"\" srcset=\"https:\/\/losnaranjos.com\/wp-content\/uploads\/2024\/12\/SAN-VALENTIN-2025-724x1024.jpg 724w, https:\/\/losnaranjos.com\/wp-content\/uploads\/2024\/12\/SAN-VALENTIN-2025-212x300.jpg 212w, https:\/\/losnaranjos.com\/wp-content\/uploads\/2024\/12\/SAN-VALENTIN-2025-768x1086.jpg 768w, https:\/\/losnaranjos.com\/wp-content\/uploads\/2024\/12\/SAN-VALENTIN-2025-1086x1536.jpg 1086w, https:\/\/losnaranjos.com\/wp-content\/uploads\/2024\/12\/SAN-VALENTIN-2025.jpg 1240w\" sizes=\"(max-width: 724px) 100vw, 724px\" \/>\t\t\t\t\t\t\t\t<\/a>\n\t\t\t\t\t\t\t\t\t\t\t\t\t\t\t<\/div>\n\t\t\t\t<\/div>\n\t\t\t\t\t<\/div>\n\t\t<\/div>\n\t\t\t\t<div class=\"elementor-column elementor-col-50 elementor-inner-column elementor-element elementor-element-f10b19a\" data-id=\"f10b19a\" data-element_type=\"column\" data-e-type=\"column\">\n\t\t\t<div class=\"elementor-widget-wrap elementor-element-populated\">\n\t\t\t\t\t\t<div class=\"elementor-element elementor-element-2014d5e elementor-position-left elementor-vertical-align-middle icon-titless-home elementor-widget elementor-widget-image-box\" data-id=\"2014d5e\" data-element_type=\"widget\" data-e-type=\"widget\" data-widget_type=\"image-box.default\">\n\t\t\t\t<div class=\"elementor-widget-container\">\n\t\t\t\t\t<div class=\"elementor-image-box-wrapper\"><figure class=\"elementor-image-box-img\"><img decoding=\"async\" width=\"192\" height=\"186\" src=\"https:\/\/losnaranjos.com\/wp-content\/uploads\/2023\/12\/trofeo-golf.png\" class=\"elementor-animation-bob attachment-full size-full wp-image-29698\" alt=\"\" \/><\/figure><div class=\"elementor-image-box-content\"><h3 class=\"elementor-image-box-title\">Alla hj\u00e4rtans dag-turnering<\/h3><\/div><\/div>\t\t\t\t<\/div>\n\t\t\t\t<\/div>\n\t\t\t\t<div class=\"elementor-element elementor-element-6da8bf7 elementor-invisible elementor-widget elementor-widget-heading\" data-id=\"6da8bf7\" data-element_type=\"widget\" data-e-type=\"widget\" data-settings=\"{&quot;_animation&quot;:&quot;fadeInDown&quot;}\" data-widget_type=\"heading.default\">\n\t\t\t\t<div class=\"elementor-widget-container\">\n\t\t\t\t\t<h4 class=\"elementor-heading-title elementor-size-default\">S\u00f6ndagen den 16 februari 2025<\/h4>\t\t\t\t<\/div>\n\t\t\t\t<\/div>\n\t\t\t\t<div class=\"elementor-element elementor-element-c29af91 elementor-widget elementor-widget-text-editor\" data-id=\"c29af91\" data-element_type=\"widget\" data-e-type=\"widget\" data-widget_type=\"text-editor.default\">\n\t\t\t\t<div class=\"elementor-widget-container\">\n\t\t\t\t\t\t\t\t\t<p>Spara datumet! S\u00f6ndagen den 16 februari firar vi k\u00e4rleken p\u00e5 Los Naranjos GC.<\/p>\n<ul>\n<li>P\u00e5 varandra f\u00f6ljande te-tider fr\u00e5n 8:10 till 12:00<\/li>\n<li>Det kommer att finnas 2 kategorier.<\/li>\n<li>T\u00e4lt f\u00f6r f\u00f6rfriskningar.<\/li>\n<li>Buggy ing\u00e5r.<\/li>\n<li>Cocktail med prisutdelning och lotteri.<\/li>\n<\/ul>\t\t\t\t\t\t\t\t<\/div>\n\t\t\t\t<\/div>\n\t\t\t\t<div class=\"elementor-element elementor-element-728e93b elementor-widget elementor-widget-button\" data-id=\"728e93b\" data-element_type=\"widget\" data-e-type=\"widget\" data-widget_type=\"button.default\">\n\t\t\t\t<div class=\"elementor-widget-container\">\n\t\t\t\t\t\t\t\t\t<div class=\"elementor-button-wrapper\">\n\t\t\t\t\t<a class=\"elementor-button elementor-button-link elementor-size-sm\" href=\"https:\/\/www.golfdirecto.com\/micro\/game\/670bb4d5febfc14e6145ba03\/summary?lang=en\">\n\t\t\t\t\t\t<span class=\"elementor-button-content-wrapper\">\n\t\t\t\t\t\t\t\t\t<span class=\"elementor-button-text\">Register<\/span>\n\t\t\t\t\t<\/span>\n\t\t\t\t\t<\/a>\n\t\t\t\t<\/div>\n\t\t\t\t\t\t\t\t<\/div>\n\t\t\t\t<\/div>\n\t\t\t\t\t<\/div>\n\t\t<\/div>\n\t\t\t\t\t<\/div>\n\t\t<\/section>\n\t\t\t\t\t<\/div>\n\t\t<\/div>\n\t\t\t\t\t<\/div>\n\t\t<\/section>\n\t\t\t\t<\/div>\n\t\t","protected":false},"excerpt":{"rendered":"<p>Valentine&#8217;s Day Tournament Alla hj\u00e4rtans dag-turnering S\u00f6ndagen den 16 februari 2025 Spara datumet! S\u00f6ndagen den 16 februari firar vi k\u00e4rleken p\u00e5 Los Naranjos GC. P\u00e5 varandra f\u00f6ljande te-tider fr\u00e5n 8:10 till 12:00 Det kommer att finnas 2 kategorier. T\u00e4lt f\u00f6r f\u00f6rfriskningar. Buggy ing\u00e5r. Cocktail med prisutdelning och lotteri. Register<\/p>\n","protected":false},"author":313,"featured_media":0,"parent":0,"menu_order":0,"comment_status":"closed","ping_status":"closed","template":"","meta":{"_acf_changed":false,"site-sidebar-layout":"no-sidebar","site-content-layout":"page-builder","ast-site-content-layout":"full-width-container","site-content-style":"unboxed","site-sidebar-style":"unboxed","ast-global-header-display":"","ast-banner-title-visibility":"","ast-main-header-display":"","ast-hfb-above-header-display":"","ast-hfb-below-header-display":"","ast-hfb-mobile-header-display":"","site-post-title":"disabled","ast-breadcrumbs-content":"","ast-featured-img":"","footer-sml-layout":"","ast-disable-related-posts":"","theme-transparent-header-meta":"enabled","adv-header-id-meta":"","stick-header-meta":"","header-above-stick-meta":"","header-main-stick-meta":"","header-below-stick-meta":"","astra-migrate-meta-layouts":"default","ast-page-background-enabled":"default","ast-page-background-meta":{"desktop":{"background-color":"","background-image":"","background-repeat":"repeat","background-position":"center center","background-size":"auto","background-attachment":"scroll","background-type":"","background-media":"","overlay-type":"","overlay-color":"","overlay-opacity":"","overlay-gradient":""},"tablet":{"background-color":"","background-image":"","background-repeat":"repeat","background-position":"center center","background-size":"auto","background-attachment":"scroll","background-type":"","background-media":"","overlay-type":"","overlay-color":"","overlay-opacity":"","overlay-gradient":""},"mobile":{"background-color":"","background-image":"","background-repeat":"repeat","background-position":"center center","background-size":"auto","background-attachment":"scroll","background-type":"","background-media":"","overlay-type":"","overlay-color":"","overlay-opacity":"","overlay-gradient":""}},"ast-content-background-meta":{"desktop":{"background-color":"var(--ast-global-color-5)","background-image":"","background-repeat":"repeat","background-position":"center center","background-size":"auto","background-attachment":"scroll","background-type":"","background-media":"","overlay-type":"","overlay-color":"","overlay-opacity":"","overlay-gradient":""},"tablet":{"background-color":"var(--ast-global-color-5)","background-image":"","background-repeat":"repeat","background-position":"center center","background-size":"auto","background-attachment":"scroll","background-type":"","background-media":"","overlay-type":"","overlay-color":"","overlay-opacity":"","overlay-gradient":""},"mobile":{"background-color":"var(--ast-global-color-5)","background-image":"","background-repeat":"repeat","background-position":"center center","background-size":"auto","background-attachment":"scroll","background-type":"","background-media":"","overlay-type":"","overlay-color":"","overlay-opacity":"","overlay-gradient":""}},"footnotes":""},"class_list":["post-19178","page","type-page","status-publish","hentry"],"acf":[],"yoast_head":"<!-- This site is optimized with the Yoast SEO plugin v27.3 - https:\/\/yoast.com\/product\/yoast-seo-wordpress\/ -->\n<title>Los Naranjos Golf Club - Valentines Day - Golf Tournament<\/title>\n<meta name=\"description\" content=\"On Sunday 13th february from 8:30, we have organized a magnificent tournament with prizes for the best 5 classified pairs.\" \/>\n<meta name=\"robots\" content=\"index, follow, max-snippet:-1, max-image-preview:large, max-video-preview:-1\" \/>\n<link rel=\"canonical\" href=\"https:\/\/losnaranjos.com\/san-valentin\/\" \/>\n<meta property=\"og:locale\" content=\"sv_SE\" \/>\n<meta property=\"og:type\" content=\"article\" \/>\n<meta property=\"og:title\" content=\"Los Naranjos Golf Club - Valentines Day - Golf Tournament\" \/>\n<meta property=\"og:description\" content=\"On Sunday 13th february from 8:30, we have organized a magnificent tournament with prizes for the best 5 classified pairs.\" \/>\n<meta property=\"og:url\" content=\"https:\/\/losnaranjos.com\/san-valentin\/\" \/>\n<meta property=\"og:site_name\" content=\"Los Naranjos Golf\" \/>\n<meta property=\"article:publisher\" content=\"https:\/\/www.facebook.com\/losnaranjosgc\/\" \/>\n<meta property=\"article:modified_time\" content=\"2024-12-18T12:53:48+00:00\" \/>\n<meta property=\"og:image\" content=\"https:\/\/losnaranjos.com\/wp-content\/uploads\/2024\/12\/SAN-VALENTIN-2025-724x1024.jpg\" \/>\n<meta name=\"twitter:card\" content=\"summary_large_image\" \/>\n<meta name=\"twitter:site\" content=\"@LosNaranjosGC\" \/>\n<meta name=\"twitter:label1\" content=\"Ber\u00e4knad l\u00e4stid\" \/>\n\t<meta name=\"twitter:data1\" content=\"2 minuter\" \/>\n<script type=\"application\/ld+json\" class=\"yoast-schema-graph\">{\"@context\":\"https:\\\/\\\/schema.org\",\"@graph\":[{\"@type\":\"WebPage\",\"@id\":\"https:\\\/\\\/losnaranjos.com\\\/san-valentin\\\/\",\"url\":\"https:\\\/\\\/losnaranjos.com\\\/san-valentin\\\/\",\"name\":\"Los Naranjos Golf Club - Valentines Day - Golf Tournament\",\"isPartOf\":{\"@id\":\"https:\\\/\\\/losnaranjos.com\\\/sv\\\/#website\"},\"primaryImageOfPage\":{\"@id\":\"https:\\\/\\\/losnaranjos.com\\\/san-valentin\\\/#primaryimage\"},\"image\":{\"@id\":\"https:\\\/\\\/losnaranjos.com\\\/san-valentin\\\/#primaryimage\"},\"thumbnailUrl\":\"https:\\\/\\\/losnaranjos.com\\\/wp-content\\\/uploads\\\/2024\\\/12\\\/SAN-VALENTIN-2025-724x1024.jpg\",\"datePublished\":\"2022-01-18T10:53:38+00:00\",\"dateModified\":\"2024-12-18T12:53:48+00:00\",\"description\":\"On Sunday 13th february from 8:30, we have organized a magnificent tournament with prizes for the best 5 classified pairs.\",\"breadcrumb\":{\"@id\":\"https:\\\/\\\/losnaranjos.com\\\/san-valentin\\\/#breadcrumb\"},\"inLanguage\":\"sv-SE\",\"potentialAction\":[{\"@type\":\"ReadAction\",\"target\":[\"https:\\\/\\\/losnaranjos.com\\\/san-valentin\\\/\"]}]},{\"@type\":\"ImageObject\",\"inLanguage\":\"sv-SE\",\"@id\":\"https:\\\/\\\/losnaranjos.com\\\/san-valentin\\\/#primaryimage\",\"url\":\"https:\\\/\\\/losnaranjos.com\\\/wp-content\\\/uploads\\\/2024\\\/12\\\/SAN-VALENTIN-2025-724x1024.jpg\",\"contentUrl\":\"https:\\\/\\\/losnaranjos.com\\\/wp-content\\\/uploads\\\/2024\\\/12\\\/SAN-VALENTIN-2025-724x1024.jpg\"},{\"@type\":\"BreadcrumbList\",\"@id\":\"https:\\\/\\\/losnaranjos.com\\\/san-valentin\\\/#breadcrumb\",\"itemListElement\":[{\"@type\":\"ListItem\",\"position\":1,\"name\":\"Home\",\"item\":\"https:\\\/\\\/losnaranjos.com\\\/\"},{\"@type\":\"ListItem\",\"position\":2,\"name\":\"Valentine&#8217;s day tournament\"}]},{\"@type\":\"WebSite\",\"@id\":\"https:\\\/\\\/losnaranjos.com\\\/sv\\\/#website\",\"url\":\"https:\\\/\\\/losnaranjos.com\\\/sv\\\/\",\"name\":\"Los Naranjos Golf Club\",\"description\":\"Marbella - Costa del Sol - Golf\",\"publisher\":{\"@id\":\"https:\\\/\\\/losnaranjos.com\\\/sv\\\/#organization\"},\"potentialAction\":[{\"@type\":\"SearchAction\",\"target\":{\"@type\":\"EntryPoint\",\"urlTemplate\":\"https:\\\/\\\/losnaranjos.com\\\/sv\\\/?s={search_term_string}\"},\"query-input\":{\"@type\":\"PropertyValueSpecification\",\"valueRequired\":true,\"valueName\":\"search_term_string\"}}],\"inLanguage\":\"sv-SE\"},{\"@type\":\"Organization\",\"@id\":\"https:\\\/\\\/losnaranjos.com\\\/sv\\\/#organization\",\"name\":\"Los Naranjos Golf Club\",\"url\":\"https:\\\/\\\/losnaranjos.com\\\/sv\\\/\",\"logo\":{\"@type\":\"ImageObject\",\"inLanguage\":\"sv-SE\",\"@id\":\"https:\\\/\\\/losnaranjos.com\\\/sv\\\/#\\\/schema\\\/logo\\\/image\\\/\",\"url\":\"https:\\\/\\\/losnaranjos.com\\\/wp-content\\\/uploads\\\/2021\\\/12\\\/logo-svgd.png\",\"contentUrl\":\"https:\\\/\\\/losnaranjos.com\\\/wp-content\\\/uploads\\\/2021\\\/12\\\/logo-svgd.png\",\"width\":191,\"height\":50,\"caption\":\"Los Naranjos Golf Club\"},\"image\":{\"@id\":\"https:\\\/\\\/losnaranjos.com\\\/sv\\\/#\\\/schema\\\/logo\\\/image\\\/\"},\"sameAs\":[\"https:\\\/\\\/www.facebook.com\\\/losnaranjosgc\\\/\",\"https:\\\/\\\/x.com\\\/LosNaranjosGC\",\"https:\\\/\\\/instagram.com\\\/losnaranjosgc\\\/\",\"https:\\\/\\\/es.linkedin.com\\\/company\\\/losnaranjosgc\"]}]}<\/script>\n<!-- \/ Yoast SEO plugin. -->","yoast_head_json":{"title":"Los Naranjos Golf Club - Valentines Day - Golf Tournament","description":"On Sunday 13th february from 8:30, we have organized a magnificent tournament with prizes for the best 5 classified pairs.","robots":{"index":"index","follow":"follow","max-snippet":"max-snippet:-1","max-image-preview":"max-image-preview:large","max-video-preview":"max-video-preview:-1"},"canonical":"https:\/\/losnaranjos.com\/san-valentin\/","og_locale":"sv_SE","og_type":"article","og_title":"Los Naranjos Golf Club - Valentines Day - Golf Tournament","og_description":"On Sunday 13th february from 8:30, we have organized a magnificent tournament with prizes for the best 5 classified pairs.","og_url":"https:\/\/losnaranjos.com\/san-valentin\/","og_site_name":"Los Naranjos Golf","article_publisher":"https:\/\/www.facebook.com\/losnaranjosgc\/","article_modified_time":"2024-12-18T12:53:48+00:00","og_image":[{"url":"https:\/\/losnaranjos.com\/wp-content\/uploads\/2024\/12\/SAN-VALENTIN-2025-724x1024.jpg","type":"","width":"","height":""}],"twitter_card":"summary_large_image","twitter_site":"@LosNaranjosGC","twitter_misc":{"Ber\u00e4knad l\u00e4stid":"2 minuter"},"schema":{"@context":"https:\/\/schema.org","@graph":[{"@type":"WebPage","@id":"https:\/\/losnaranjos.com\/san-valentin\/","url":"https:\/\/losnaranjos.com\/san-valentin\/","name":"Los Naranjos Golf Club - Valentines Day - Golf Tournament","isPartOf":{"@id":"https:\/\/losnaranjos.com\/sv\/#website"},"primaryImageOfPage":{"@id":"https:\/\/losnaranjos.com\/san-valentin\/#primaryimage"},"image":{"@id":"https:\/\/losnaranjos.com\/san-valentin\/#primaryimage"},"thumbnailUrl":"https:\/\/losnaranjos.com\/wp-content\/uploads\/2024\/12\/SAN-VALENTIN-2025-724x1024.jpg","datePublished":"2022-01-18T10:53:38+00:00","dateModified":"2024-12-18T12:53:48+00:00","description":"On Sunday 13th february from 8:30, we have organized a magnificent tournament with prizes for the best 5 classified pairs.","breadcrumb":{"@id":"https:\/\/losnaranjos.com\/san-valentin\/#breadcrumb"},"inLanguage":"sv-SE","potentialAction":[{"@type":"ReadAction","target":["https:\/\/losnaranjos.com\/san-valentin\/"]}]},{"@type":"ImageObject","inLanguage":"sv-SE","@id":"https:\/\/losnaranjos.com\/san-valentin\/#primaryimage","url":"https:\/\/losnaranjos.com\/wp-content\/uploads\/2024\/12\/SAN-VALENTIN-2025-724x1024.jpg","contentUrl":"https:\/\/losnaranjos.com\/wp-content\/uploads\/2024\/12\/SAN-VALENTIN-2025-724x1024.jpg"},{"@type":"BreadcrumbList","@id":"https:\/\/losnaranjos.com\/san-valentin\/#breadcrumb","itemListElement":[{"@type":"ListItem","position":1,"name":"Home","item":"https:\/\/losnaranjos.com\/"},{"@type":"ListItem","position":2,"name":"Valentine&#8217;s day tournament"}]},{"@type":"WebSite","@id":"https:\/\/losnaranjos.com\/sv\/#website","url":"https:\/\/losnaranjos.com\/sv\/","name":"Los Naranjos Golf Club","description":"Marbella - Costa del Sol - Golf","publisher":{"@id":"https:\/\/losnaranjos.com\/sv\/#organization"},"potentialAction":[{"@type":"SearchAction","target":{"@type":"EntryPoint","urlTemplate":"https:\/\/losnaranjos.com\/sv\/?s={search_term_string}"},"query-input":{"@type":"PropertyValueSpecification","valueRequired":true,"valueName":"search_term_string"}}],"inLanguage":"sv-SE"},{"@type":"Organization","@id":"https:\/\/losnaranjos.com\/sv\/#organization","name":"Los Naranjos Golf Club","url":"https:\/\/losnaranjos.com\/sv\/","logo":{"@type":"ImageObject","inLanguage":"sv-SE","@id":"https:\/\/losnaranjos.com\/sv\/#\/schema\/logo\/image\/","url":"https:\/\/losnaranjos.com\/wp-content\/uploads\/2021\/12\/logo-svgd.png","contentUrl":"https:\/\/losnaranjos.com\/wp-content\/uploads\/2021\/12\/logo-svgd.png","width":191,"height":50,"caption":"Los Naranjos Golf Club"},"image":{"@id":"https:\/\/losnaranjos.com\/sv\/#\/schema\/logo\/image\/"},"sameAs":["https:\/\/www.facebook.com\/losnaranjosgc\/","https:\/\/x.com\/LosNaranjosGC","https:\/\/instagram.com\/losnaranjosgc\/","https:\/\/es.linkedin.com\/company\/losnaranjosgc"]}]}},"_links":{"self":[{"href":"https:\/\/losnaranjos.com\/sv\/wp-json\/wp\/v2\/pages\/19178","targetHints":{"allow":["GET"]}}],"collection":[{"href":"https:\/\/losnaranjos.com\/sv\/wp-json\/wp\/v2\/pages"}],"about":[{"href":"https:\/\/losnaranjos.com\/sv\/wp-json\/wp\/v2\/types\/page"}],"author":[{"embeddable":true,"href":"https:\/\/losnaranjos.com\/sv\/wp-json\/wp\/v2\/users\/313"}],"replies":[{"embeddable":true,"href":"https:\/\/losnaranjos.com\/sv\/wp-json\/wp\/v2\/comments?post=19178"}],"version-history":[{"count":15,"href":"https:\/\/losnaranjos.com\/sv\/wp-json\/wp\/v2\/pages\/19178\/revisions"}],"predecessor-version":[{"id":35234,"href":"https:\/\/losnaranjos.com\/sv\/wp-json\/wp\/v2\/pages\/19178\/revisions\/35234"}],"wp:attachment":[{"href":"https:\/\/losnaranjos.com\/sv\/wp-json\/wp\/v2\/media?parent=19178"}],"curies":[{"name":"wp","href":"https:\/\/api.w.org\/{rel}","templated":true}]}}