{"id":19116,"date":"2022-01-18T09:26:42","date_gmt":"2022-01-18T09:26:42","guid":{"rendered":"https:\/\/losnaranjos.com\/?page_id=19116"},"modified":"2024-11-21T13:53:41","modified_gmt":"2024-11-21T13:53:41","slug":"pairs-better-ball","status":"publish","type":"page","link":"https:\/\/losnaranjos.com\/sv\/pairs-better-ball\/","title":{"rendered":"Pairs Better Ball"},"content":{"rendered":"\t\t<div data-elementor-type=\"wp-page\" data-elementor-id=\"19116\" class=\"elementor elementor-19116\" data-elementor-post-type=\"page\">\n\t\t\t\t\t\t<section class=\"elementor-section elementor-top-section elementor-element elementor-element-5b62943 elementor-section-full_width elementor-section-height-min-height elementor-section-height-default elementor-section-items-middle\" data-id=\"5b62943\" data-element_type=\"section\" data-e-type=\"section\" data-settings=\"{&quot;background_background&quot;:&quot;classic&quot;}\">\n\t\t\t\t\t\t\t<div class=\"elementor-background-overlay\"><\/div>\n\t\t\t\t\t\t\t<div class=\"elementor-container elementor-column-gap-default\">\n\t\t\t\t\t<div class=\"elementor-column elementor-col-100 elementor-top-column elementor-element elementor-element-8c743c5\" data-id=\"8c743c5\" data-element_type=\"column\" data-e-type=\"column\" data-settings=\"{&quot;background_background&quot;:&quot;classic&quot;}\">\n\t\t\t<div class=\"elementor-widget-wrap elementor-element-populated\">\n\t\t\t\t\t\t<div class=\"elementor-element elementor-element-9c85129 elementor-widget elementor-widget-heading\" data-id=\"9c85129\" data-element_type=\"widget\" data-e-type=\"widget\" data-widget_type=\"heading.default\">\n\t\t\t\t<div class=\"elementor-widget-container\">\n\t\t\t\t\t<h2 class=\"elementor-heading-title elementor-size-default\">Pairs Better Ball<\/h2>\t\t\t\t<\/div>\n\t\t\t\t<\/div>\n\t\t\t\t<div class=\"elementor-element elementor-element-38801c5 elementor-widget-divider--view-line elementor-widget elementor-widget-divider\" data-id=\"38801c5\" data-element_type=\"widget\" data-e-type=\"widget\" data-widget_type=\"divider.default\">\n\t\t\t\t<div class=\"elementor-widget-container\">\n\t\t\t\t\t\t\t<div class=\"elementor-divider\">\n\t\t\t<span class=\"elementor-divider-separator\">\n\t\t\t\t\t\t<\/span>\n\t\t<\/div>\n\t\t\t\t\t\t<\/div>\n\t\t\t\t<\/div>\n\t\t\t\t\t<\/div>\n\t\t<\/div>\n\t\t\t\t\t<\/div>\n\t\t<\/section>\n\t\t\t\t<section class=\"elementor-section elementor-top-section elementor-element elementor-element-50480a7 elementor-section-boxed elementor-section-height-default elementor-section-height-default\" data-id=\"50480a7\" data-element_type=\"section\" data-e-type=\"section\">\n\t\t\t\t\t\t<div class=\"elementor-container elementor-column-gap-default\">\n\t\t\t\t\t<div class=\"elementor-column elementor-col-100 elementor-top-column elementor-element elementor-element-a8734ea\" data-id=\"a8734ea\" data-element_type=\"column\" data-e-type=\"column\">\n\t\t\t<div class=\"elementor-widget-wrap elementor-element-populated\">\n\t\t\t\t\t\t<section class=\"elementor-section elementor-inner-section elementor-element elementor-element-6992dd2 elementor-section-boxed elementor-section-height-default elementor-section-height-default\" data-id=\"6992dd2\" data-element_type=\"section\" data-e-type=\"section\">\n\t\t\t\t\t\t<div class=\"elementor-container elementor-column-gap-default\">\n\t\t\t\t\t<div class=\"elementor-column elementor-col-50 elementor-inner-column elementor-element elementor-element-f7fd6f9\" data-id=\"f7fd6f9\" data-element_type=\"column\" data-e-type=\"column\">\n\t\t\t<div class=\"elementor-widget-wrap elementor-element-populated\">\n\t\t\t\t\t\t<div class=\"elementor-element elementor-element-8dff445 elementor-widget elementor-widget-image\" data-id=\"8dff445\" data-element_type=\"widget\" data-e-type=\"widget\" data-widget_type=\"image.default\">\n\t\t\t\t<div class=\"elementor-widget-container\">\n\t\t\t\t\t\t\t\t\t\t\t\t\t\t\t\t<a href=\"https:\/\/www.golfdirecto.com\/micro\/game\/670bb070febfc14e61fe50ba\/summary?lang=en\">\n\t\t\t\t\t\t\t<img fetchpriority=\"high\" decoding=\"async\" width=\"725\" height=\"1024\" src=\"https:\/\/losnaranjos.com\/wp-content\/uploads\/2024\/11\/Torneo-Mejor-Bola-2025_page-0001-725x1024.jpg\" class=\"attachment-large size-large wp-image-34521\" alt=\"\" srcset=\"https:\/\/losnaranjos.com\/wp-content\/uploads\/2024\/11\/Torneo-Mejor-Bola-2025_page-0001-725x1024.jpg 725w, https:\/\/losnaranjos.com\/wp-content\/uploads\/2024\/11\/Torneo-Mejor-Bola-2025_page-0001-212x300.jpg 212w, https:\/\/losnaranjos.com\/wp-content\/uploads\/2024\/11\/Torneo-Mejor-Bola-2025_page-0001-768x1085.jpg 768w, https:\/\/losnaranjos.com\/wp-content\/uploads\/2024\/11\/Torneo-Mejor-Bola-2025_page-0001-1087x1536.jpg 1087w, https:\/\/losnaranjos.com\/wp-content\/uploads\/2024\/11\/Torneo-Mejor-Bola-2025_page-0001.jpg 1241w\" sizes=\"(max-width: 725px) 100vw, 725px\" \/>\t\t\t\t\t\t\t\t<\/a>\n\t\t\t\t\t\t\t\t\t\t\t\t\t\t\t<\/div>\n\t\t\t\t<\/div>\n\t\t\t\t\t<\/div>\n\t\t<\/div>\n\t\t\t\t<div class=\"elementor-column elementor-col-50 elementor-inner-column elementor-element elementor-element-39fef28\" data-id=\"39fef28\" data-element_type=\"column\" data-e-type=\"column\">\n\t\t\t<div class=\"elementor-widget-wrap elementor-element-populated\">\n\t\t\t\t\t\t<div class=\"elementor-element elementor-element-e41adea elementor-position-left elementor-vertical-align-middle icon-titless-home elementor-widget elementor-widget-image-box\" data-id=\"e41adea\" data-element_type=\"widget\" data-e-type=\"widget\" data-widget_type=\"image-box.default\">\n\t\t\t\t<div class=\"elementor-widget-container\">\n\t\t\t\t\t<div class=\"elementor-image-box-wrapper\"><figure class=\"elementor-image-box-img\"><img decoding=\"async\" width=\"192\" height=\"186\" src=\"https:\/\/losnaranjos.com\/wp-content\/uploads\/2023\/12\/trofeo-golf.png\" class=\"elementor-animation-bob attachment-full size-full wp-image-29698\" alt=\"\" \/><\/figure><div class=\"elementor-image-box-content\"><h3 class=\"elementor-image-box-title\">Pairs Better Ball<\/h3><\/div><\/div>\t\t\t\t<\/div>\n\t\t\t\t<\/div>\n\t\t\t\t<div class=\"elementor-element elementor-element-d3c7f41 elementor-invisible elementor-widget elementor-widget-heading\" data-id=\"d3c7f41\" data-element_type=\"widget\" data-e-type=\"widget\" data-settings=\"{&quot;_animation&quot;:&quot;fadeInDown&quot;}\" data-widget_type=\"heading.default\">\n\t\t\t\t<div class=\"elementor-widget-container\">\n\t\t\t\t\t<h4 class=\"elementor-heading-title elementor-size-default\">S\u00f6ndagen den 26 januari 2024<\/h4>\t\t\t\t<\/div>\n\t\t\t\t<\/div>\n\t\t\t\t<div class=\"elementor-element elementor-element-453792e elementor-widget elementor-widget-text-editor\" data-id=\"453792e\" data-element_type=\"widget\" data-e-type=\"widget\" data-widget_type=\"text-editor.default\">\n\t\t\t\t<div class=\"elementor-widget-container\">\n\t\t\t\t\t\t\t\t\t<p>Spara datumet! S\u00f6ndagen den 26 januari har du en mycket speciell dejt med din favoritgolfpartner p\u00e5 Los Naranjos GC.<\/p><ul><li>Turneringen startar med utslag kl. 8.30.<\/li><li>Det kommer att finnas 2 kategorier.<\/li><li>T\u00e4lt med proviant.<\/li><li>Buggy ing\u00e5r.<\/li><li>Cocktail med prisutdelning och lotteri.<\/li><\/ul>\t\t\t\t\t\t\t\t<\/div>\n\t\t\t\t<\/div>\n\t\t\t\t<div class=\"elementor-element elementor-element-d0582e8 elementor-widget elementor-widget-button\" data-id=\"d0582e8\" data-element_type=\"widget\" data-e-type=\"widget\" data-widget_type=\"button.default\">\n\t\t\t\t<div class=\"elementor-widget-container\">\n\t\t\t\t\t\t\t\t\t<div class=\"elementor-button-wrapper\">\n\t\t\t\t\t<a class=\"elementor-button elementor-button-link elementor-size-sm\" href=\"https:\/\/www.golfdirecto.com\/micro\/game\/670bb070febfc14e61fe50ba\/summary?lang=en\">\n\t\t\t\t\t\t<span class=\"elementor-button-content-wrapper\">\n\t\t\t\t\t\t\t\t\t<span class=\"elementor-button-text\">Registrera dig<\/span>\n\t\t\t\t\t<\/span>\n\t\t\t\t\t<\/a>\n\t\t\t\t<\/div>\n\t\t\t\t\t\t\t\t<\/div>\n\t\t\t\t<\/div>\n\t\t\t\t\t<\/div>\n\t\t<\/div>\n\t\t\t\t\t<\/div>\n\t\t<\/section>\n\t\t\t\t\t<\/div>\n\t\t<\/div>\n\t\t\t\t\t<\/div>\n\t\t<\/section>\n\t\t\t\t<\/div>\n\t\t","protected":false},"excerpt":{"rendered":"<p>Pairs Better Ball Pairs Better Ball S\u00f6ndagen den 26 januari 2024 Spara datumet! S\u00f6ndagen den 26 januari har du en mycket speciell dejt med din favoritgolfpartner p\u00e5 Los Naranjos GC. Turneringen startar med utslag kl. 8.30. Det kommer att finnas 2 kategorier. T\u00e4lt med proviant. Buggy ing\u00e5r. Cocktail med prisutdelning och lotteri. Registrera dig<\/p>\n","protected":false},"author":313,"featured_media":0,"parent":0,"menu_order":0,"comment_status":"closed","ping_status":"closed","template":"","meta":{"_acf_changed":false,"site-sidebar-layout":"no-sidebar","site-content-layout":"page-builder","ast-site-content-layout":"default","site-content-style":"default","site-sidebar-style":"default","ast-global-header-display":"","ast-banner-title-visibility":"","ast-main-header-display":"","ast-hfb-above-header-display":"","ast-hfb-below-header-display":"","ast-hfb-mobile-header-display":"","site-post-title":"disabled","ast-breadcrumbs-content":"","ast-featured-img":"","footer-sml-layout":"","ast-disable-related-posts":"","theme-transparent-header-meta":"enabled","adv-header-id-meta":"","stick-header-meta":"","header-above-stick-meta":"","header-main-stick-meta":"","header-below-stick-meta":"","astra-migrate-meta-layouts":"default","ast-page-background-enabled":"default","ast-page-background-meta":{"desktop":{"background-color":"","background-image":"","background-repeat":"repeat","background-position":"center center","background-size":"auto","background-attachment":"scroll","background-type":"","background-media":"","overlay-type":"","overlay-color":"","overlay-opacity":"","overlay-gradient":""},"tablet":{"background-color":"","background-image":"","background-repeat":"repeat","background-position":"center center","background-size":"auto","background-attachment":"scroll","background-type":"","background-media":"","overlay-type":"","overlay-color":"","overlay-opacity":"","overlay-gradient":""},"mobile":{"background-color":"","background-image":"","background-repeat":"repeat","background-position":"center center","background-size":"auto","background-attachment":"scroll","background-type":"","background-media":"","overlay-type":"","overlay-color":"","overlay-opacity":"","overlay-gradient":""}},"ast-content-background-meta":{"desktop":{"background-color":"var(--ast-global-color-5)","background-image":"","background-repeat":"repeat","background-position":"center center","background-size":"auto","background-attachment":"scroll","background-type":"","background-media":"","overlay-type":"","overlay-color":"","overlay-opacity":"","overlay-gradient":""},"tablet":{"background-color":"var(--ast-global-color-5)","background-image":"","background-repeat":"repeat","background-position":"center center","background-size":"auto","background-attachment":"scroll","background-type":"","background-media":"","overlay-type":"","overlay-color":"","overlay-opacity":"","overlay-gradient":""},"mobile":{"background-color":"var(--ast-global-color-5)","background-image":"","background-repeat":"repeat","background-position":"center center","background-size":"auto","background-attachment":"scroll","background-type":"","background-media":"","overlay-type":"","overlay-color":"","overlay-opacity":"","overlay-gradient":""}},"footnotes":""},"class_list":["post-19116","page","type-page","status-publish","hentry"],"acf":[],"yoast_head":"<!-- This site is optimized with the Yoast SEO plugin v27.4 - https:\/\/yoast.com\/product\/yoast-seo-wordpress\/ -->\n<title>Pairs Better Ball - Los Naranjos Golf<\/title>\n<meta name=\"description\" content=\"Uppt\u00e4ck sp\u00e4nningen i turneringen f\u00f6r b\u00e4sta bollpar. En utmaning d\u00e4r samarbete och strategi m\u00f6ts f\u00f6r att uppn\u00e5 det b\u00e4sta resultatet p\u00e5 varje h\u00e5l.\" \/>\n<meta name=\"robots\" content=\"index, follow, max-snippet:-1, max-image-preview:large, max-video-preview:-1\" \/>\n<link rel=\"canonical\" href=\"https:\/\/losnaranjos.com\/pairs-better-ball\/\" \/>\n<meta property=\"og:locale\" content=\"sv_SE\" \/>\n<meta property=\"og:type\" content=\"article\" \/>\n<meta property=\"og:title\" content=\"Pairs Better Ball - Los Naranjos Golf\" \/>\n<meta property=\"og:description\" content=\"Uppt\u00e4ck sp\u00e4nningen i turneringen f\u00f6r b\u00e4sta bollpar. En utmaning d\u00e4r samarbete och strategi m\u00f6ts f\u00f6r att uppn\u00e5 det b\u00e4sta resultatet p\u00e5 varje h\u00e5l.\" \/>\n<meta property=\"og:url\" content=\"https:\/\/losnaranjos.com\/pairs-better-ball\/\" \/>\n<meta property=\"og:site_name\" content=\"Los Naranjos Golf\" \/>\n<meta property=\"article:publisher\" content=\"https:\/\/www.facebook.com\/losnaranjosgc\/\" \/>\n<meta property=\"article:modified_time\" content=\"2024-11-21T13:53:41+00:00\" \/>\n<meta property=\"og:image\" content=\"https:\/\/losnaranjos.com\/wp-content\/uploads\/2024\/11\/Torneo-Mejor-Bola-2025_page-0001-725x1024.jpg\" \/>\n<meta name=\"twitter:card\" content=\"summary_large_image\" \/>\n<meta name=\"twitter:site\" content=\"@LosNaranjosGC\" \/>\n<meta name=\"twitter:label1\" content=\"Ber\u00e4knad l\u00e4stid\" \/>\n\t<meta name=\"twitter:data1\" content=\"2 minuter\" \/>\n<script type=\"application\/ld+json\" class=\"yoast-schema-graph\">{\"@context\":\"https:\\\/\\\/schema.org\",\"@graph\":[{\"@type\":\"WebPage\",\"@id\":\"https:\\\/\\\/losnaranjos.com\\\/pairs-better-ball\\\/\",\"url\":\"https:\\\/\\\/losnaranjos.com\\\/pairs-better-ball\\\/\",\"name\":\"Pairs Better Ball - Los Naranjos Golf\",\"isPartOf\":{\"@id\":\"https:\\\/\\\/losnaranjos.com\\\/sv\\\/#website\"},\"primaryImageOfPage\":{\"@id\":\"https:\\\/\\\/losnaranjos.com\\\/pairs-better-ball\\\/#primaryimage\"},\"image\":{\"@id\":\"https:\\\/\\\/losnaranjos.com\\\/pairs-better-ball\\\/#primaryimage\"},\"thumbnailUrl\":\"https:\\\/\\\/losnaranjos.com\\\/wp-content\\\/uploads\\\/2024\\\/11\\\/Torneo-Mejor-Bola-2025_page-0001-725x1024.jpg\",\"datePublished\":\"2022-01-18T09:26:42+00:00\",\"dateModified\":\"2024-11-21T13:53:41+00:00\",\"description\":\"Uppt\u00e4ck sp\u00e4nningen i turneringen f\u00f6r b\u00e4sta bollpar. En utmaning d\u00e4r samarbete och strategi m\u00f6ts f\u00f6r att uppn\u00e5 det b\u00e4sta resultatet p\u00e5 varje h\u00e5l.\",\"breadcrumb\":{\"@id\":\"https:\\\/\\\/losnaranjos.com\\\/pairs-better-ball\\\/#breadcrumb\"},\"inLanguage\":\"sv-SE\",\"potentialAction\":[{\"@type\":\"ReadAction\",\"target\":[\"https:\\\/\\\/losnaranjos.com\\\/pairs-better-ball\\\/\"]}]},{\"@type\":\"ImageObject\",\"inLanguage\":\"sv-SE\",\"@id\":\"https:\\\/\\\/losnaranjos.com\\\/pairs-better-ball\\\/#primaryimage\",\"url\":\"https:\\\/\\\/losnaranjos.com\\\/wp-content\\\/uploads\\\/2024\\\/11\\\/Torneo-Mejor-Bola-2025_page-0001-725x1024.jpg\",\"contentUrl\":\"https:\\\/\\\/losnaranjos.com\\\/wp-content\\\/uploads\\\/2024\\\/11\\\/Torneo-Mejor-Bola-2025_page-0001-725x1024.jpg\"},{\"@type\":\"BreadcrumbList\",\"@id\":\"https:\\\/\\\/losnaranjos.com\\\/pairs-better-ball\\\/#breadcrumb\",\"itemListElement\":[{\"@type\":\"ListItem\",\"position\":1,\"name\":\"Home\",\"item\":\"https:\\\/\\\/losnaranjos.com\\\/\"},{\"@type\":\"ListItem\",\"position\":2,\"name\":\"Pairs Better Ball\"}]},{\"@type\":\"WebSite\",\"@id\":\"https:\\\/\\\/losnaranjos.com\\\/sv\\\/#website\",\"url\":\"https:\\\/\\\/losnaranjos.com\\\/sv\\\/\",\"name\":\"Los Naranjos Golf Club\",\"description\":\"Marbella - Costa del Sol - Golf\",\"publisher\":{\"@id\":\"https:\\\/\\\/losnaranjos.com\\\/sv\\\/#organization\"},\"potentialAction\":[{\"@type\":\"SearchAction\",\"target\":{\"@type\":\"EntryPoint\",\"urlTemplate\":\"https:\\\/\\\/losnaranjos.com\\\/sv\\\/?s={search_term_string}\"},\"query-input\":{\"@type\":\"PropertyValueSpecification\",\"valueRequired\":true,\"valueName\":\"search_term_string\"}}],\"inLanguage\":\"sv-SE\"},{\"@type\":\"Organization\",\"@id\":\"https:\\\/\\\/losnaranjos.com\\\/sv\\\/#organization\",\"name\":\"Los Naranjos Golf Club\",\"url\":\"https:\\\/\\\/losnaranjos.com\\\/sv\\\/\",\"logo\":{\"@type\":\"ImageObject\",\"inLanguage\":\"sv-SE\",\"@id\":\"https:\\\/\\\/losnaranjos.com\\\/sv\\\/#\\\/schema\\\/logo\\\/image\\\/\",\"url\":\"https:\\\/\\\/losnaranjos.com\\\/wp-content\\\/uploads\\\/2021\\\/12\\\/logo-svgd.png\",\"contentUrl\":\"https:\\\/\\\/losnaranjos.com\\\/wp-content\\\/uploads\\\/2021\\\/12\\\/logo-svgd.png\",\"width\":191,\"height\":50,\"caption\":\"Los Naranjos Golf Club\"},\"image\":{\"@id\":\"https:\\\/\\\/losnaranjos.com\\\/sv\\\/#\\\/schema\\\/logo\\\/image\\\/\"},\"sameAs\":[\"https:\\\/\\\/www.facebook.com\\\/losnaranjosgc\\\/\",\"https:\\\/\\\/x.com\\\/LosNaranjosGC\",\"https:\\\/\\\/instagram.com\\\/losnaranjosgc\\\/\",\"https:\\\/\\\/es.linkedin.com\\\/company\\\/losnaranjosgc\"]}]}<\/script>\n<!-- \/ Yoast SEO plugin. -->","yoast_head_json":{"title":"Pairs Better Ball - Los Naranjos Golf","description":"Uppt\u00e4ck sp\u00e4nningen i turneringen f\u00f6r b\u00e4sta bollpar. En utmaning d\u00e4r samarbete och strategi m\u00f6ts f\u00f6r att uppn\u00e5 det b\u00e4sta resultatet p\u00e5 varje h\u00e5l.","robots":{"index":"index","follow":"follow","max-snippet":"max-snippet:-1","max-image-preview":"max-image-preview:large","max-video-preview":"max-video-preview:-1"},"canonical":"https:\/\/losnaranjos.com\/pairs-better-ball\/","og_locale":"sv_SE","og_type":"article","og_title":"Pairs Better Ball - Los Naranjos Golf","og_description":"Uppt\u00e4ck sp\u00e4nningen i turneringen f\u00f6r b\u00e4sta bollpar. En utmaning d\u00e4r samarbete och strategi m\u00f6ts f\u00f6r att uppn\u00e5 det b\u00e4sta resultatet p\u00e5 varje h\u00e5l.","og_url":"https:\/\/losnaranjos.com\/pairs-better-ball\/","og_site_name":"Los Naranjos Golf","article_publisher":"https:\/\/www.facebook.com\/losnaranjosgc\/","article_modified_time":"2024-11-21T13:53:41+00:00","og_image":[{"url":"https:\/\/losnaranjos.com\/wp-content\/uploads\/2024\/11\/Torneo-Mejor-Bola-2025_page-0001-725x1024.jpg","type":"","width":"","height":""}],"twitter_card":"summary_large_image","twitter_site":"@LosNaranjosGC","twitter_misc":{"Ber\u00e4knad l\u00e4stid":"2 minuter"},"schema":{"@context":"https:\/\/schema.org","@graph":[{"@type":"WebPage","@id":"https:\/\/losnaranjos.com\/pairs-better-ball\/","url":"https:\/\/losnaranjos.com\/pairs-better-ball\/","name":"Pairs Better Ball - Los Naranjos Golf","isPartOf":{"@id":"https:\/\/losnaranjos.com\/sv\/#website"},"primaryImageOfPage":{"@id":"https:\/\/losnaranjos.com\/pairs-better-ball\/#primaryimage"},"image":{"@id":"https:\/\/losnaranjos.com\/pairs-better-ball\/#primaryimage"},"thumbnailUrl":"https:\/\/losnaranjos.com\/wp-content\/uploads\/2024\/11\/Torneo-Mejor-Bola-2025_page-0001-725x1024.jpg","datePublished":"2022-01-18T09:26:42+00:00","dateModified":"2024-11-21T13:53:41+00:00","description":"Uppt\u00e4ck sp\u00e4nningen i turneringen f\u00f6r b\u00e4sta bollpar. En utmaning d\u00e4r samarbete och strategi m\u00f6ts f\u00f6r att uppn\u00e5 det b\u00e4sta resultatet p\u00e5 varje h\u00e5l.","breadcrumb":{"@id":"https:\/\/losnaranjos.com\/pairs-better-ball\/#breadcrumb"},"inLanguage":"sv-SE","potentialAction":[{"@type":"ReadAction","target":["https:\/\/losnaranjos.com\/pairs-better-ball\/"]}]},{"@type":"ImageObject","inLanguage":"sv-SE","@id":"https:\/\/losnaranjos.com\/pairs-better-ball\/#primaryimage","url":"https:\/\/losnaranjos.com\/wp-content\/uploads\/2024\/11\/Torneo-Mejor-Bola-2025_page-0001-725x1024.jpg","contentUrl":"https:\/\/losnaranjos.com\/wp-content\/uploads\/2024\/11\/Torneo-Mejor-Bola-2025_page-0001-725x1024.jpg"},{"@type":"BreadcrumbList","@id":"https:\/\/losnaranjos.com\/pairs-better-ball\/#breadcrumb","itemListElement":[{"@type":"ListItem","position":1,"name":"Home","item":"https:\/\/losnaranjos.com\/"},{"@type":"ListItem","position":2,"name":"Pairs Better Ball"}]},{"@type":"WebSite","@id":"https:\/\/losnaranjos.com\/sv\/#website","url":"https:\/\/losnaranjos.com\/sv\/","name":"Los Naranjos Golf Club","description":"Marbella - Costa del Sol - Golf","publisher":{"@id":"https:\/\/losnaranjos.com\/sv\/#organization"},"potentialAction":[{"@type":"SearchAction","target":{"@type":"EntryPoint","urlTemplate":"https:\/\/losnaranjos.com\/sv\/?s={search_term_string}"},"query-input":{"@type":"PropertyValueSpecification","valueRequired":true,"valueName":"search_term_string"}}],"inLanguage":"sv-SE"},{"@type":"Organization","@id":"https:\/\/losnaranjos.com\/sv\/#organization","name":"Los Naranjos Golf Club","url":"https:\/\/losnaranjos.com\/sv\/","logo":{"@type":"ImageObject","inLanguage":"sv-SE","@id":"https:\/\/losnaranjos.com\/sv\/#\/schema\/logo\/image\/","url":"https:\/\/losnaranjos.com\/wp-content\/uploads\/2021\/12\/logo-svgd.png","contentUrl":"https:\/\/losnaranjos.com\/wp-content\/uploads\/2021\/12\/logo-svgd.png","width":191,"height":50,"caption":"Los Naranjos Golf Club"},"image":{"@id":"https:\/\/losnaranjos.com\/sv\/#\/schema\/logo\/image\/"},"sameAs":["https:\/\/www.facebook.com\/losnaranjosgc\/","https:\/\/x.com\/LosNaranjosGC","https:\/\/instagram.com\/losnaranjosgc\/","https:\/\/es.linkedin.com\/company\/losnaranjosgc"]}]}},"_links":{"self":[{"href":"https:\/\/losnaranjos.com\/sv\/wp-json\/wp\/v2\/pages\/19116","targetHints":{"allow":["GET"]}}],"collection":[{"href":"https:\/\/losnaranjos.com\/sv\/wp-json\/wp\/v2\/pages"}],"about":[{"href":"https:\/\/losnaranjos.com\/sv\/wp-json\/wp\/v2\/types\/page"}],"author":[{"embeddable":true,"href":"https:\/\/losnaranjos.com\/sv\/wp-json\/wp\/v2\/users\/313"}],"replies":[{"embeddable":true,"href":"https:\/\/losnaranjos.com\/sv\/wp-json\/wp\/v2\/comments?post=19116"}],"version-history":[{"count":13,"href":"https:\/\/losnaranjos.com\/sv\/wp-json\/wp\/v2\/pages\/19116\/revisions"}],"predecessor-version":[{"id":34530,"href":"https:\/\/losnaranjos.com\/sv\/wp-json\/wp\/v2\/pages\/19116\/revisions\/34530"}],"wp:attachment":[{"href":"https:\/\/losnaranjos.com\/sv\/wp-json\/wp\/v2\/media?parent=19116"}],"curies":[{"name":"wp","href":"https:\/\/api.w.org\/{rel}","templated":true}]}}