{"id":17090,"date":"2022-01-03T12:21:34","date_gmt":"2022-01-03T12:21:34","guid":{"rendered":"https:\/\/losnaranjos.com\/?page_id=17090"},"modified":"2025-02-21T11:26:53","modified_gmt":"2025-02-21T11:26:53","slug":"spelratt","status":"publish","type":"page","link":"https:\/\/losnaranjos.com\/sv\/spelratt\/","title":{"rendered":"Spelr\u00e4tt"},"content":{"rendered":"\t\t<div data-elementor-type=\"wp-page\" data-elementor-id=\"17090\" class=\"elementor elementor-17090\" data-elementor-post-type=\"page\">\n\t\t\t\t\t\t<section class=\"elementor-section elementor-top-section elementor-element elementor-element-e61b526 elementor-section-full_width elementor-section-height-min-height elementor-section-height-default elementor-section-items-middle\" data-id=\"e61b526\" data-element_type=\"section\" data-e-type=\"section\" data-settings=\"{&quot;background_background&quot;:&quot;classic&quot;}\">\n\t\t\t\t\t\t\t<div class=\"elementor-background-overlay\"><\/div>\n\t\t\t\t\t\t\t<div class=\"elementor-container elementor-column-gap-default\">\n\t\t\t\t\t<div class=\"elementor-column elementor-col-100 elementor-top-column elementor-element elementor-element-d25bbea\" data-id=\"d25bbea\" data-element_type=\"column\" data-e-type=\"column\" data-settings=\"{&quot;background_background&quot;:&quot;classic&quot;}\">\n\t\t\t<div class=\"elementor-widget-wrap elementor-element-populated\">\n\t\t\t\t\t\t<div class=\"elementor-element elementor-element-a9029f3 elementor-widget elementor-widget-heading\" data-id=\"a9029f3\" data-element_type=\"widget\" data-e-type=\"widget\" data-widget_type=\"heading.default\">\n\t\t\t\t<div class=\"elementor-widget-container\">\n\t\t\t\t\t<h2 class=\"elementor-heading-title elementor-size-default\">Spelr\u00e4tt<\/h2>\t\t\t\t<\/div>\n\t\t\t\t<\/div>\n\t\t\t\t<div class=\"elementor-element elementor-element-b3f69f9 elementor-widget-divider--view-line elementor-widget elementor-widget-divider\" data-id=\"b3f69f9\" data-element_type=\"widget\" data-e-type=\"widget\" data-widget_type=\"divider.default\">\n\t\t\t\t<div class=\"elementor-widget-container\">\n\t\t\t\t\t\t\t<div class=\"elementor-divider\">\n\t\t\t<span class=\"elementor-divider-separator\">\n\t\t\t\t\t\t<\/span>\n\t\t<\/div>\n\t\t\t\t\t\t<\/div>\n\t\t\t\t<\/div>\n\t\t\t\t\t<\/div>\n\t\t<\/div>\n\t\t\t\t\t<\/div>\n\t\t<\/section>\n\t\t\t\t<section class=\"elementor-section elementor-top-section elementor-element elementor-element-3c887ac9 elementor-section-content-top seccion-10 elementor-section-boxed elementor-section-height-default elementor-section-height-default\" data-id=\"3c887ac9\" data-element_type=\"section\" data-e-type=\"section\" data-settings=\"{&quot;background_background&quot;:&quot;classic&quot;}\">\n\t\t\t\t\t\t\t<div class=\"elementor-background-overlay\"><\/div>\n\t\t\t\t\t\t\t<div class=\"elementor-container elementor-column-gap-default\">\n\t\t\t\t\t<div class=\"elementor-column elementor-col-50 elementor-top-column elementor-element elementor-element-40f3305f\" data-id=\"40f3305f\" data-element_type=\"column\" data-e-type=\"column\" data-settings=\"{&quot;background_background&quot;:&quot;classic&quot;}\">\n\t\t\t<div class=\"elementor-widget-wrap elementor-element-populated\">\n\t\t\t\t\t\t<div class=\"elementor-element elementor-element-5baeba9 elementor-widget elementor-widget-image\" data-id=\"5baeba9\" data-element_type=\"widget\" data-e-type=\"widget\" data-widget_type=\"image.default\">\n\t\t\t\t<div class=\"elementor-widget-container\">\n\t\t\t\t\t\t\t\t\t\t\t\t\t\t\t<img fetchpriority=\"high\" decoding=\"async\" width=\"2101\" height=\"1400\" src=\"https:\/\/losnaranjos.com\/wp-content\/uploads\/2021\/10\/slider-1-1-1.jpg\" class=\"attachment-full size-full wp-image-9418\" alt=\"\" srcset=\"https:\/\/losnaranjos.com\/wp-content\/uploads\/2021\/10\/slider-1-1-1.jpg 2101w, https:\/\/losnaranjos.com\/wp-content\/uploads\/2021\/10\/slider-1-1-1-300x200.jpg 300w, https:\/\/losnaranjos.com\/wp-content\/uploads\/2021\/10\/slider-1-1-1-1024x682.jpg 1024w, https:\/\/losnaranjos.com\/wp-content\/uploads\/2021\/10\/slider-1-1-1-768x512.jpg 768w, https:\/\/losnaranjos.com\/wp-content\/uploads\/2021\/10\/slider-1-1-1-1536x1024.jpg 1536w, https:\/\/losnaranjos.com\/wp-content\/uploads\/2021\/10\/slider-1-1-1-2048x1365.jpg 2048w, https:\/\/losnaranjos.com\/wp-content\/uploads\/2021\/10\/slider-1-1-1-600x400.jpg 600w\" sizes=\"(max-width: 2101px) 100vw, 2101px\" \/>\t\t\t\t\t\t\t\t\t\t\t\t\t\t\t<\/div>\n\t\t\t\t<\/div>\n\t\t\t\t\t<\/div>\n\t\t<\/div>\n\t\t\t\t<div class=\"elementor-column elementor-col-50 elementor-top-column elementor-element elementor-element-1f1dfc0b\" data-id=\"1f1dfc0b\" data-element_type=\"column\" data-e-type=\"column\">\n\t\t\t<div class=\"elementor-widget-wrap elementor-element-populated\">\n\t\t\t\t\t\t<div class=\"elementor-element elementor-element-3862efb5 titles-under-lines elementor-widget__width-auto elementor-invisible elementor-widget elementor-widget-heading\" data-id=\"3862efb5\" data-element_type=\"widget\" data-e-type=\"widget\" data-settings=\"{&quot;_animation&quot;:&quot;fadeInDown&quot;}\" data-widget_type=\"heading.default\">\n\t\t\t\t<div class=\"elementor-widget-container\">\n\t\t\t\t\t<h4 class=\"elementor-heading-title elementor-size-default\">Komplett medlemskap med exklusiva f\u00f6rm\u00e5ner<\/h4>\t\t\t\t<\/div>\n\t\t\t\t<\/div>\n\t\t\t\t<div class=\"elementor-element elementor-element-451f25c4 elementor-widget elementor-widget-spacer\" data-id=\"451f25c4\" data-element_type=\"widget\" data-e-type=\"widget\" data-widget_type=\"spacer.default\">\n\t\t\t\t<div class=\"elementor-widget-container\">\n\t\t\t\t\t\t\t<div class=\"elementor-spacer\">\n\t\t\t<div class=\"elementor-spacer-inner\"><\/div>\n\t\t<\/div>\n\t\t\t\t\t\t<\/div>\n\t\t\t\t<\/div>\n\t\t\t\t<div class=\"elementor-element elementor-element-51fab9e elementor-widget elementor-widget-text-editor\" data-id=\"51fab9e\" data-element_type=\"widget\" data-e-type=\"widget\" data-widget_type=\"text-editor.default\">\n\t\t\t\t<div class=\"elementor-widget-container\">\n\t\t\t\t\t\t\t\t\t<p>Obegr\u00e4nsad golf, garanterad tee time, medlemst\u00e4vlingar och events. Komplett spelr\u00e4tt med exklusiva medlemsprivilegier. En av de \u00e4ldsta och mest prestigefyllda golfbanorna i \u201dThe Marbella Golf Valley\u201d, designad av Robert Trent Jones Sr. endast ett par minuter fran Puerto Banus.<\/p><p>L\u00e4r k\u00e4nna v\u00e5r klubb och v\u00e5ra medlemmar under ett \u00e5r med alla f\u00f6rm\u00e5ner inkluderade.<\/p>\t\t\t\t\t\t\t\t<\/div>\n\t\t\t\t<\/div>\n\t\t\t\t\t<\/div>\n\t\t<\/div>\n\t\t\t\t\t<\/div>\n\t\t<\/section>\n\t\t\t\t<section class=\"elementor-section elementor-top-section elementor-element elementor-element-2933d66 elementor-section-content-top seccion-10 elementor-reverse-mobile elementor-section-boxed elementor-section-height-default elementor-section-height-default\" data-id=\"2933d66\" data-element_type=\"section\" data-e-type=\"section\" data-settings=\"{&quot;background_background&quot;:&quot;classic&quot;}\">\n\t\t\t\t\t\t\t<div class=\"elementor-background-overlay\"><\/div>\n\t\t\t\t\t\t\t<div class=\"elementor-container elementor-column-gap-default\">\n\t\t\t\t\t<div class=\"elementor-column elementor-col-50 elementor-top-column elementor-element elementor-element-49050d9\" data-id=\"49050d9\" data-element_type=\"column\" data-e-type=\"column\">\n\t\t\t<div class=\"elementor-widget-wrap elementor-element-populated\">\n\t\t\t\t\t\t<div class=\"elementor-element elementor-element-7fe1fd9 elementor-widget elementor-widget-spacer\" data-id=\"7fe1fd9\" data-element_type=\"widget\" data-e-type=\"widget\" data-widget_type=\"spacer.default\">\n\t\t\t\t<div class=\"elementor-widget-container\">\n\t\t\t\t\t\t\t<div class=\"elementor-spacer\">\n\t\t\t<div class=\"elementor-spacer-inner\"><\/div>\n\t\t<\/div>\n\t\t\t\t\t\t<\/div>\n\t\t\t\t<\/div>\n\t\t\t\t<div class=\"elementor-element elementor-element-c6f3292 elementor-position-left elementor-vertical-align-bottom icon-titless-home elementor-widget elementor-widget-image-box\" data-id=\"c6f3292\" data-element_type=\"widget\" data-e-type=\"widget\" data-widget_type=\"image-box.default\">\n\t\t\t\t<div class=\"elementor-widget-container\">\n\t\t\t\t\t<div class=\"elementor-image-box-wrapper\"><figure class=\"elementor-image-box-img\"><img decoding=\"async\" width=\"192\" height=\"186\" src=\"https:\/\/losnaranjos.com\/wp-content\/uploads\/2021\/11\/golf-5.png\" class=\"elementor-animation-bob attachment-full size-full wp-image-12126\" alt=\"\" \/><\/figure><div class=\"elementor-image-box-content\"><h3 class=\"elementor-image-box-title\">Los naranjos GC<\/h3><\/div><\/div>\t\t\t\t<\/div>\n\t\t\t\t<\/div>\n\t\t\t\t<div class=\"elementor-element elementor-element-29194669 elementor-widget elementor-widget-text-editor\" data-id=\"29194669\" data-element_type=\"widget\" data-e-type=\"widget\" data-widget_type=\"text-editor.default\">\n\t\t\t\t<div class=\"elementor-widget-container\">\n\t\t\t\t\t\t\t\t\t<ul class=\"list_check c\">\n \t<li>Obegr\u00e4nsad golf<\/li>\n \t<li>Medlemst\u00e4vlingar varje vecka<\/li>\n \t<li>Rabatt \u2013 extra services<\/li>\n \t<li>Rabatt f\u00f6r medlemsg\u00e4sters green fee<\/li>\n \t<li>Utrymme f\u00f6r golf bag<\/li>\n \t<li>Tillgang till VIP zone i \u201dThe Restaurant\u201d<\/li>\n \t<li>Rabatt \u2013 Club House Services, PRO golf klasser och Pro shop.<\/li>\n \t<li>Members Lounge<\/li>\n \t<li>Med mera&#8230;.<\/li>\n\n<\/ul>\t\t\t\t\t\t\t\t<\/div>\n\t\t\t\t<\/div>\n\t\t\t\t\t<\/div>\n\t\t<\/div>\n\t\t\t\t<div class=\"elementor-column elementor-col-50 elementor-top-column elementor-element elementor-element-8a951d9\" data-id=\"8a951d9\" data-element_type=\"column\" data-e-type=\"column\" data-settings=\"{&quot;background_background&quot;:&quot;classic&quot;}\">\n\t\t\t<div class=\"elementor-widget-wrap elementor-element-populated\">\n\t\t\t\t\t\t<div class=\"elementor-element elementor-element-ac2cd19 elementor-widget elementor-widget-image\" data-id=\"ac2cd19\" data-element_type=\"widget\" data-e-type=\"widget\" data-widget_type=\"image.default\">\n\t\t\t\t<div class=\"elementor-widget-container\">\n\t\t\t\t\t\t\t\t\t\t\t\t\t\t\t<img decoding=\"async\" width=\"1024\" height=\"768\" src=\"https:\/\/losnaranjos.com\/wp-content\/uploads\/2021\/10\/pexels-kindel-media-6572990-2-1-1024x768.jpg\" class=\"attachment-large size-large wp-image-8370\" alt=\"\" srcset=\"https:\/\/losnaranjos.com\/wp-content\/uploads\/2021\/10\/pexels-kindel-media-6572990-2-1-1024x768.jpg 1024w, https:\/\/losnaranjos.com\/wp-content\/uploads\/2021\/10\/pexels-kindel-media-6572990-2-1-300x225.jpg 300w, https:\/\/losnaranjos.com\/wp-content\/uploads\/2021\/10\/pexels-kindel-media-6572990-2-1-768x576.jpg 768w, https:\/\/losnaranjos.com\/wp-content\/uploads\/2021\/10\/pexels-kindel-media-6572990-2-1-1536x1152.jpg 1536w, https:\/\/losnaranjos.com\/wp-content\/uploads\/2021\/10\/pexels-kindel-media-6572990-2-1-2048x1536.jpg 2048w, https:\/\/losnaranjos.com\/wp-content\/uploads\/2021\/10\/pexels-kindel-media-6572990-2-1-600x450.jpg 600w\" sizes=\"(max-width: 1024px) 100vw, 1024px\" \/>\t\t\t\t\t\t\t\t\t\t\t\t\t\t\t<\/div>\n\t\t\t\t<\/div>\n\t\t\t\t\t<\/div>\n\t\t<\/div>\n\t\t\t\t\t<\/div>\n\t\t<\/section>\n\t\t\t\t<\/div>\n\t\t","protected":false},"excerpt":{"rendered":"<p>Spelr\u00e4tt Komplett medlemskap med exklusiva f\u00f6rm\u00e5ner Obegr\u00e4nsad golf, garanterad tee time, medlemst\u00e4vlingar och events. Komplett spelr\u00e4tt med exklusiva medlemsprivilegier. En av de \u00e4ldsta och mest prestigefyllda golfbanorna i \u201dThe Marbella Golf Valley\u201d, designad av Robert Trent Jones Sr. endast ett par minuter fran Puerto Banus. L\u00e4r k\u00e4nna v\u00e5r klubb och v\u00e5ra medlemmar under ett \u00e5r [&hellip;]<\/p>\n","protected":false},"author":2,"featured_media":0,"parent":0,"menu_order":0,"comment_status":"closed","ping_status":"closed","template":"","meta":{"_acf_changed":false,"site-sidebar-layout":"no-sidebar","site-content-layout":"page-builder","ast-site-content-layout":"default","site-content-style":"default","site-sidebar-style":"default","ast-global-header-display":"","ast-banner-title-visibility":"","ast-main-header-display":"","ast-hfb-above-header-display":"","ast-hfb-below-header-display":"","ast-hfb-mobile-header-display":"","site-post-title":"disabled","ast-breadcrumbs-content":"","ast-featured-img":"disabled","footer-sml-layout":"","ast-disable-related-posts":"","theme-transparent-header-meta":"enabled","adv-header-id-meta":"","stick-header-meta":"","header-above-stick-meta":"","header-main-stick-meta":"","header-below-stick-meta":"","astra-migrate-meta-layouts":"default","ast-page-background-enabled":"default","ast-page-background-meta":{"desktop":{"background-color":"","background-image":"","background-repeat":"repeat","background-position":"center center","background-size":"auto","background-attachment":"scroll","background-type":"","background-media":"","overlay-type":"","overlay-color":"","overlay-opacity":"","overlay-gradient":""},"tablet":{"background-color":"","background-image":"","background-repeat":"repeat","background-position":"center center","background-size":"auto","background-attachment":"scroll","background-type":"","background-media":"","overlay-type":"","overlay-color":"","overlay-opacity":"","overlay-gradient":""},"mobile":{"background-color":"","background-image":"","background-repeat":"repeat","background-position":"center center","background-size":"auto","background-attachment":"scroll","background-type":"","background-media":"","overlay-type":"","overlay-color":"","overlay-opacity":"","overlay-gradient":""}},"ast-content-background-meta":{"desktop":{"background-color":"var(--ast-global-color-5)","background-image":"","background-repeat":"repeat","background-position":"center center","background-size":"auto","background-attachment":"scroll","background-type":"","background-media":"","overlay-type":"","overlay-color":"","overlay-opacity":"","overlay-gradient":""},"tablet":{"background-color":"var(--ast-global-color-5)","background-image":"","background-repeat":"repeat","background-position":"center center","background-size":"auto","background-attachment":"scroll","background-type":"","background-media":"","overlay-type":"","overlay-color":"","overlay-opacity":"","overlay-gradient":""},"mobile":{"background-color":"var(--ast-global-color-5)","background-image":"","background-repeat":"repeat","background-position":"center center","background-size":"auto","background-attachment":"scroll","background-type":"","background-media":"","overlay-type":"","overlay-color":"","overlay-opacity":"","overlay-gradient":""}},"footnotes":""},"class_list":["post-17090","page","type-page","status-publish","hentry"],"acf":[],"yoast_head":"<!-- This site is optimized with the Yoast SEO plugin v27.4 - https:\/\/yoast.com\/product\/yoast-seo-wordpress\/ -->\n<title>\u00c5rlig spelavgift - Los Naranjos Golf<\/title>\n<meta name=\"description\" content=\"F\u00e5 tillg\u00e5ng till ett exklusivt medlemskap med \u00e5rliga spelr\u00e4ttigheter p\u00e5 Los Naranjos Golf Club. Njut av friheten att spela utan begr\u00e4nsningar p\u00e5 en f\u00f6rstklassig bana.\" \/>\n<meta name=\"robots\" content=\"index, follow, max-snippet:-1, max-image-preview:large, max-video-preview:-1\" \/>\n<link rel=\"canonical\" href=\"https:\/\/losnaranjos.com\/derecho-de-juego-anual\/\" \/>\n<meta property=\"og:locale\" content=\"sv_SE\" \/>\n<meta property=\"og:type\" content=\"article\" \/>\n<meta property=\"og:title\" content=\"\u00c5rlig spelavgift - Los Naranjos Golf\" \/>\n<meta property=\"og:description\" content=\"F\u00e5 tillg\u00e5ng till ett exklusivt medlemskap med \u00e5rliga spelr\u00e4ttigheter p\u00e5 Los Naranjos Golf Club. Njut av friheten att spela utan begr\u00e4nsningar p\u00e5 en f\u00f6rstklassig bana.\" \/>\n<meta property=\"og:url\" content=\"https:\/\/losnaranjos.com\/derecho-de-juego-anual\/\" \/>\n<meta property=\"og:site_name\" content=\"Los Naranjos Golf\" \/>\n<meta property=\"article:publisher\" content=\"https:\/\/www.facebook.com\/losnaranjosgc\/\" \/>\n<meta property=\"article:modified_time\" content=\"2025-02-21T11:26:53+00:00\" \/>\n<meta property=\"og:image\" content=\"https:\/\/losnaranjos.com\/wp-content\/uploads\/2021\/10\/slider-1-1-1.jpg\" \/>\n\t<meta property=\"og:image:width\" content=\"2101\" \/>\n\t<meta property=\"og:image:height\" content=\"1400\" \/>\n\t<meta property=\"og:image:type\" content=\"image\/jpeg\" \/>\n<meta name=\"twitter:card\" content=\"summary_large_image\" \/>\n<meta name=\"twitter:site\" content=\"@LosNaranjosGC\" \/>\n<meta name=\"twitter:label1\" content=\"Ber\u00e4knad l\u00e4stid\" \/>\n\t<meta name=\"twitter:data1\" content=\"2 minuter\" \/>\n<script type=\"application\/ld+json\" class=\"yoast-schema-graph\">{\"@context\":\"https:\\\/\\\/schema.org\",\"@graph\":[{\"@type\":\"WebPage\",\"@id\":\"https:\\\/\\\/losnaranjos.com\\\/derecho-de-juego-anual\\\/\",\"url\":\"https:\\\/\\\/losnaranjos.com\\\/derecho-de-juego-anual\\\/\",\"name\":\"\u00c5rlig spelavgift - Los Naranjos Golf\",\"isPartOf\":{\"@id\":\"https:\\\/\\\/losnaranjos.com\\\/sv\\\/#website\"},\"primaryImageOfPage\":{\"@id\":\"https:\\\/\\\/losnaranjos.com\\\/derecho-de-juego-anual\\\/#primaryimage\"},\"image\":{\"@id\":\"https:\\\/\\\/losnaranjos.com\\\/derecho-de-juego-anual\\\/#primaryimage\"},\"thumbnailUrl\":\"https:\\\/\\\/losnaranjos.com\\\/wp-content\\\/uploads\\\/2021\\\/10\\\/slider-1-1-1.jpg\",\"datePublished\":\"2022-01-03T12:21:34+00:00\",\"dateModified\":\"2025-02-21T11:26:53+00:00\",\"description\":\"F\u00e5 tillg\u00e5ng till ett exklusivt medlemskap med \u00e5rliga spelr\u00e4ttigheter p\u00e5 Los Naranjos Golf Club. Njut av friheten att spela utan begr\u00e4nsningar p\u00e5 en f\u00f6rstklassig bana.\",\"breadcrumb\":{\"@id\":\"https:\\\/\\\/losnaranjos.com\\\/derecho-de-juego-anual\\\/#breadcrumb\"},\"inLanguage\":\"sv-SE\",\"potentialAction\":[{\"@type\":\"ReadAction\",\"target\":[\"https:\\\/\\\/losnaranjos.com\\\/derecho-de-juego-anual\\\/\"]}]},{\"@type\":\"ImageObject\",\"inLanguage\":\"sv-SE\",\"@id\":\"https:\\\/\\\/losnaranjos.com\\\/derecho-de-juego-anual\\\/#primaryimage\",\"url\":\"https:\\\/\\\/losnaranjos.com\\\/wp-content\\\/uploads\\\/2021\\\/10\\\/slider-1-1-1.jpg\",\"contentUrl\":\"https:\\\/\\\/losnaranjos.com\\\/wp-content\\\/uploads\\\/2021\\\/10\\\/slider-1-1-1.jpg\"},{\"@type\":\"BreadcrumbList\",\"@id\":\"https:\\\/\\\/losnaranjos.com\\\/derecho-de-juego-anual\\\/#breadcrumb\",\"itemListElement\":[{\"@type\":\"ListItem\",\"position\":1,\"name\":\"Home\",\"item\":\"https:\\\/\\\/losnaranjos.com\\\/\"},{\"@type\":\"ListItem\",\"position\":2,\"name\":\"Spelr\u00e4tt\"}]},{\"@type\":\"WebSite\",\"@id\":\"https:\\\/\\\/losnaranjos.com\\\/sv\\\/#website\",\"url\":\"https:\\\/\\\/losnaranjos.com\\\/sv\\\/\",\"name\":\"Los Naranjos Golf Club\",\"description\":\"Marbella - Costa del Sol - Golf\",\"publisher\":{\"@id\":\"https:\\\/\\\/losnaranjos.com\\\/sv\\\/#organization\"},\"potentialAction\":[{\"@type\":\"SearchAction\",\"target\":{\"@type\":\"EntryPoint\",\"urlTemplate\":\"https:\\\/\\\/losnaranjos.com\\\/sv\\\/?s={search_term_string}\"},\"query-input\":{\"@type\":\"PropertyValueSpecification\",\"valueRequired\":true,\"valueName\":\"search_term_string\"}}],\"inLanguage\":\"sv-SE\"},{\"@type\":\"Organization\",\"@id\":\"https:\\\/\\\/losnaranjos.com\\\/sv\\\/#organization\",\"name\":\"Los Naranjos Golf Club\",\"url\":\"https:\\\/\\\/losnaranjos.com\\\/sv\\\/\",\"logo\":{\"@type\":\"ImageObject\",\"inLanguage\":\"sv-SE\",\"@id\":\"https:\\\/\\\/losnaranjos.com\\\/sv\\\/#\\\/schema\\\/logo\\\/image\\\/\",\"url\":\"https:\\\/\\\/losnaranjos.com\\\/wp-content\\\/uploads\\\/2021\\\/12\\\/logo-svgd.png\",\"contentUrl\":\"https:\\\/\\\/losnaranjos.com\\\/wp-content\\\/uploads\\\/2021\\\/12\\\/logo-svgd.png\",\"width\":191,\"height\":50,\"caption\":\"Los Naranjos Golf Club\"},\"image\":{\"@id\":\"https:\\\/\\\/losnaranjos.com\\\/sv\\\/#\\\/schema\\\/logo\\\/image\\\/\"},\"sameAs\":[\"https:\\\/\\\/www.facebook.com\\\/losnaranjosgc\\\/\",\"https:\\\/\\\/x.com\\\/LosNaranjosGC\",\"https:\\\/\\\/instagram.com\\\/losnaranjosgc\\\/\",\"https:\\\/\\\/es.linkedin.com\\\/company\\\/losnaranjosgc\"]}]}<\/script>\n<!-- \/ Yoast SEO plugin. -->","yoast_head_json":{"title":"\u00c5rlig spelavgift - Los Naranjos Golf","description":"F\u00e5 tillg\u00e5ng till ett exklusivt medlemskap med \u00e5rliga spelr\u00e4ttigheter p\u00e5 Los Naranjos Golf Club. Njut av friheten att spela utan begr\u00e4nsningar p\u00e5 en f\u00f6rstklassig bana.","robots":{"index":"index","follow":"follow","max-snippet":"max-snippet:-1","max-image-preview":"max-image-preview:large","max-video-preview":"max-video-preview:-1"},"canonical":"https:\/\/losnaranjos.com\/derecho-de-juego-anual\/","og_locale":"sv_SE","og_type":"article","og_title":"\u00c5rlig spelavgift - Los Naranjos Golf","og_description":"F\u00e5 tillg\u00e5ng till ett exklusivt medlemskap med \u00e5rliga spelr\u00e4ttigheter p\u00e5 Los Naranjos Golf Club. Njut av friheten att spela utan begr\u00e4nsningar p\u00e5 en f\u00f6rstklassig bana.","og_url":"https:\/\/losnaranjos.com\/derecho-de-juego-anual\/","og_site_name":"Los Naranjos Golf","article_publisher":"https:\/\/www.facebook.com\/losnaranjosgc\/","article_modified_time":"2025-02-21T11:26:53+00:00","og_image":[{"width":2101,"height":1400,"url":"https:\/\/losnaranjos.com\/wp-content\/uploads\/2021\/10\/slider-1-1-1.jpg","type":"image\/jpeg"}],"twitter_card":"summary_large_image","twitter_site":"@LosNaranjosGC","twitter_misc":{"Ber\u00e4knad l\u00e4stid":"2 minuter"},"schema":{"@context":"https:\/\/schema.org","@graph":[{"@type":"WebPage","@id":"https:\/\/losnaranjos.com\/derecho-de-juego-anual\/","url":"https:\/\/losnaranjos.com\/derecho-de-juego-anual\/","name":"\u00c5rlig spelavgift - Los Naranjos Golf","isPartOf":{"@id":"https:\/\/losnaranjos.com\/sv\/#website"},"primaryImageOfPage":{"@id":"https:\/\/losnaranjos.com\/derecho-de-juego-anual\/#primaryimage"},"image":{"@id":"https:\/\/losnaranjos.com\/derecho-de-juego-anual\/#primaryimage"},"thumbnailUrl":"https:\/\/losnaranjos.com\/wp-content\/uploads\/2021\/10\/slider-1-1-1.jpg","datePublished":"2022-01-03T12:21:34+00:00","dateModified":"2025-02-21T11:26:53+00:00","description":"F\u00e5 tillg\u00e5ng till ett exklusivt medlemskap med \u00e5rliga spelr\u00e4ttigheter p\u00e5 Los Naranjos Golf Club. Njut av friheten att spela utan begr\u00e4nsningar p\u00e5 en f\u00f6rstklassig bana.","breadcrumb":{"@id":"https:\/\/losnaranjos.com\/derecho-de-juego-anual\/#breadcrumb"},"inLanguage":"sv-SE","potentialAction":[{"@type":"ReadAction","target":["https:\/\/losnaranjos.com\/derecho-de-juego-anual\/"]}]},{"@type":"ImageObject","inLanguage":"sv-SE","@id":"https:\/\/losnaranjos.com\/derecho-de-juego-anual\/#primaryimage","url":"https:\/\/losnaranjos.com\/wp-content\/uploads\/2021\/10\/slider-1-1-1.jpg","contentUrl":"https:\/\/losnaranjos.com\/wp-content\/uploads\/2021\/10\/slider-1-1-1.jpg"},{"@type":"BreadcrumbList","@id":"https:\/\/losnaranjos.com\/derecho-de-juego-anual\/#breadcrumb","itemListElement":[{"@type":"ListItem","position":1,"name":"Home","item":"https:\/\/losnaranjos.com\/"},{"@type":"ListItem","position":2,"name":"Spelr\u00e4tt"}]},{"@type":"WebSite","@id":"https:\/\/losnaranjos.com\/sv\/#website","url":"https:\/\/losnaranjos.com\/sv\/","name":"Los Naranjos Golf Club","description":"Marbella - Costa del Sol - Golf","publisher":{"@id":"https:\/\/losnaranjos.com\/sv\/#organization"},"potentialAction":[{"@type":"SearchAction","target":{"@type":"EntryPoint","urlTemplate":"https:\/\/losnaranjos.com\/sv\/?s={search_term_string}"},"query-input":{"@type":"PropertyValueSpecification","valueRequired":true,"valueName":"search_term_string"}}],"inLanguage":"sv-SE"},{"@type":"Organization","@id":"https:\/\/losnaranjos.com\/sv\/#organization","name":"Los Naranjos Golf Club","url":"https:\/\/losnaranjos.com\/sv\/","logo":{"@type":"ImageObject","inLanguage":"sv-SE","@id":"https:\/\/losnaranjos.com\/sv\/#\/schema\/logo\/image\/","url":"https:\/\/losnaranjos.com\/wp-content\/uploads\/2021\/12\/logo-svgd.png","contentUrl":"https:\/\/losnaranjos.com\/wp-content\/uploads\/2021\/12\/logo-svgd.png","width":191,"height":50,"caption":"Los Naranjos Golf Club"},"image":{"@id":"https:\/\/losnaranjos.com\/sv\/#\/schema\/logo\/image\/"},"sameAs":["https:\/\/www.facebook.com\/losnaranjosgc\/","https:\/\/x.com\/LosNaranjosGC","https:\/\/instagram.com\/losnaranjosgc\/","https:\/\/es.linkedin.com\/company\/losnaranjosgc"]}]}},"_links":{"self":[{"href":"https:\/\/losnaranjos.com\/sv\/wp-json\/wp\/v2\/pages\/17090","targetHints":{"allow":["GET"]}}],"collection":[{"href":"https:\/\/losnaranjos.com\/sv\/wp-json\/wp\/v2\/pages"}],"about":[{"href":"https:\/\/losnaranjos.com\/sv\/wp-json\/wp\/v2\/types\/page"}],"author":[{"embeddable":true,"href":"https:\/\/losnaranjos.com\/sv\/wp-json\/wp\/v2\/users\/2"}],"replies":[{"embeddable":true,"href":"https:\/\/losnaranjos.com\/sv\/wp-json\/wp\/v2\/comments?post=17090"}],"version-history":[{"count":7,"href":"https:\/\/losnaranjos.com\/sv\/wp-json\/wp\/v2\/pages\/17090\/revisions"}],"predecessor-version":[{"id":36582,"href":"https:\/\/losnaranjos.com\/sv\/wp-json\/wp\/v2\/pages\/17090\/revisions\/36582"}],"wp:attachment":[{"href":"https:\/\/losnaranjos.com\/sv\/wp-json\/wp\/v2\/media?parent=17090"}],"curies":[{"name":"wp","href":"https:\/\/api.w.org\/{rel}","templated":true}]}}